{"id":762,"date":"2023-08-18T17:30:53","date_gmt":"2023-08-18T17:30:53","guid":{"rendered":"https:\/\/atsotamm.com\/?post_type=product&#038;p=762"},"modified":"2026-05-10T17:02:51","modified_gmt":"2026-05-10T17:02:51","slug":"atso-isoleeritud-elektroode-paarid-12-300","status":"publish","type":"product","link":"https:\/\/atsotamm.com\/fi\/product\/atso-isoleeritud-elektroode-paarid-12-300\/","title":{"rendered":"ATSO ERISTETYT ELEKTRODIPARIT 12\/300 L=300 mm"},"content":{"rendered":"<p class=\"translation-block\"><img class=\"alignnone size-medium wp-image-763\" src=\"https:\/\/atsotamm.com\/wp-content\/uploads\/2023\/08\/TS_12_sarja_ee-300x149.jpg\" alt=\" \" width=\"300\" height=\"149\">Niit\u00e4 k\u00e4ytet\u00e4\u00e4n havaitsemaan kosteuden muutokset tunkeutumalla syvemm\u00e4lle.<br>\nRakennukset (esim. monikerroksiset sein\u00e4- ja kattorakenteet, rakenteiden ymp\u00e4rist\u00f6)<\/p>","protected":false},"excerpt":{"rendered":"<p>Kun kosteusmittaukseen k\u00e4ytet\u00e4\u00e4n eristettyj\u00e4 elektrodeja (\u00f8 4 mm). (kosteuden ja kosteuden muutos - s\u00e4hk\u00f6vastus)<\/p>","protected":false},"featured_media":764,"comment_status":"open","ping_status":"closed","template":"","meta":[],"product_brand":[],"product_cat":[19],"product_tag":[],"class_list":{"0":"post-762","1":"product","2":"type-product","3":"status-publish","4":"has-post-thumbnail","6":"product_cat-ehitus-ja-puu-lisaseadmed","8":"first","9":"instock","10":"purchasable","11":"product-type-simple"},"jetpack-related-posts":[],"jetpack_sharing_enabled":true,"_links":{"self":[{"href":"https:\/\/atsotamm.com\/fi\/wp-json\/wp\/v2\/product\/762","targetHints":{"allow":["GET"]}}],"collection":[{"href":"https:\/\/atsotamm.com\/fi\/wp-json\/wp\/v2\/product"}],"about":[{"href":"https:\/\/atsotamm.com\/fi\/wp-json\/wp\/v2\/types\/product"}],"replies":[{"embeddable":true,"href":"https:\/\/atsotamm.com\/fi\/wp-json\/wp\/v2\/comments?post=762"}],"version-history":[{"count":1,"href":"https:\/\/atsotamm.com\/fi\/wp-json\/wp\/v2\/product\/762\/revisions"}],"predecessor-version":[{"id":1556,"href":"https:\/\/atsotamm.com\/fi\/wp-json\/wp\/v2\/product\/762\/revisions\/1556"}],"wp:featuredmedia":[{"embeddable":true,"href":"https:\/\/atsotamm.com\/fi\/wp-json\/wp\/v2\/media\/764"}],"wp:attachment":[{"href":"https:\/\/atsotamm.com\/fi\/wp-json\/wp\/v2\/media?parent=762"}],"wp:term":[{"taxonomy":"product_brand","embeddable":true,"href":"https:\/\/atsotamm.com\/fi\/wp-json\/wp\/v2\/product_brand?post=762"},{"taxonomy":"product_cat","embeddable":true,"href":"https:\/\/atsotamm.com\/fi\/wp-json\/wp\/v2\/product_cat?post=762"},{"taxonomy":"product_tag","embeddable":true,"href":"https:\/\/atsotamm.com\/fi\/wp-json\/wp\/v2\/product_tag?post=762"}],"curies":[{"name":"wp","href":"https:\/\/api.w.org\/{rel}","templated":true}]}}