{"id":752,"date":"2023-08-18T17:25:00","date_gmt":"2023-08-18T17:25:00","guid":{"rendered":"https:\/\/atsotamm.com\/?post_type=product&#038;p=752"},"modified":"2025-03-05T07:23:24","modified_gmt":"2025-03-05T07:23:24","slug":"atso-ramm-elektrood-ml20-gann-ja-trotec","status":"publish","type":"product","link":"https:\/\/atsotamm.com\/fi\/product\/atso-ramm-elektrood-ml20-gann-ja-trotec\/","title":{"rendered":"LIUKUVASARAN  OSAT"},"content":{"rendered":"<p class=\"translation-block\"><img class=\"size-medium wp-image-753 alignleft\" src=\"https:\/\/atsotamm.com\/wp-content\/uploads\/2023\/08\/puuniiskus_ee-300x225.jpg\" alt=\" \" width=\"300\" height=\"225\">AtsoTamm-mittausanturi ML 20 puu- ja rakennuskosteus<br>\nLinkki: <strong>Mittausanturin ML20 elektrodipidike<\/strong>,<br>\nk\u00e4yt\u00e4 mittausantureita AtsoTamm M19, Gann M18 ja Trotec TS70<\/p>","protected":false},"excerpt":{"rendered":"<p class=\"translation-block\">AtsoTamm Ram-in Electrode ML20 mittausanturi puulle ja rakennuskosteudelle. Gann- ja Trotec-mittareiden k\u00e4ytt\u00f6. <strong>Huom! Ilmainen kuljetus Viron sis\u00e4ll\u00e4 nettisivuilta tilattaessa. km 20 %<\/strong><br>\nPuristuselektrodi ML20 on suunniteltu puun kosteusmittauksiin. Elektrodia voidaan k\u00e4ytt\u00e4\u00e4 kaikkien mittareiden kanssa, jotka perustuvat resistanssimittausperiaatteeseen. <strong>Hinta ALV 0 % Tallinnassa 135 \u20ac<\/strong><\/p>","protected":false},"featured_media":754,"comment_status":"open","ping_status":"closed","template":"","meta":[],"product_brand":[],"product_cat":[19],"product_tag":[],"class_list":{"0":"post-752","1":"product","2":"type-product","3":"status-publish","4":"has-post-thumbnail","6":"product_cat-ehitus-ja-puu-lisaseadmed","8":"first","9":"instock","10":"taxable","11":"shipping-taxable","12":"purchasable","13":"product-type-simple"},"jetpack-related-posts":[],"jetpack_sharing_enabled":true,"_links":{"self":[{"href":"https:\/\/atsotamm.com\/fi\/wp-json\/wp\/v2\/product\/752","targetHints":{"allow":["GET"]}}],"collection":[{"href":"https:\/\/atsotamm.com\/fi\/wp-json\/wp\/v2\/product"}],"about":[{"href":"https:\/\/atsotamm.com\/fi\/wp-json\/wp\/v2\/types\/product"}],"replies":[{"embeddable":true,"href":"https:\/\/atsotamm.com\/fi\/wp-json\/wp\/v2\/comments?post=752"}],"version-history":[{"count":1,"href":"https:\/\/atsotamm.com\/fi\/wp-json\/wp\/v2\/product\/752\/revisions"}],"predecessor-version":[{"id":1549,"href":"https:\/\/atsotamm.com\/fi\/wp-json\/wp\/v2\/product\/752\/revisions\/1549"}],"wp:featuredmedia":[{"embeddable":true,"href":"https:\/\/atsotamm.com\/fi\/wp-json\/wp\/v2\/media\/754"}],"wp:attachment":[{"href":"https:\/\/atsotamm.com\/fi\/wp-json\/wp\/v2\/media?parent=752"}],"wp:term":[{"taxonomy":"product_brand","embeddable":true,"href":"https:\/\/atsotamm.com\/fi\/wp-json\/wp\/v2\/product_brand?post=752"},{"taxonomy":"product_cat","embeddable":true,"href":"https:\/\/atsotamm.com\/fi\/wp-json\/wp\/v2\/product_cat?post=752"},{"taxonomy":"product_tag","embeddable":true,"href":"https:\/\/atsotamm.com\/fi\/wp-json\/wp\/v2\/product_tag?post=752"}],"curies":[{"name":"wp","href":"https:\/\/api.w.org\/{rel}","templated":true}]}}