{"id":747,"date":"2023-08-18T17:21:13","date_gmt":"2023-08-18T17:21:13","guid":{"rendered":"https:\/\/atsotamm.com\/?post_type=product&#038;p=747"},"modified":"2023-08-18T17:21:13","modified_gmt":"2023-08-18T17:21:13","slug":"delmhorst-teflon-kaitstud-noelad-2","status":"publish","type":"product","link":"https:\/\/atsotamm.com\/fi\/product\/delmhorst-teflon-kaitstud-noelad-2\/","title":{"rendered":"DELMHORST \nERISTETYT ELEKTRODIT"},"content":{"rendered":"<p class=\"translation-block\"><img class=\"size-medium wp-image-748 alignleft\" src=\"https:\/\/atsotamm.com\/wp-content\/uploads\/2023\/08\/puuniiskusm_tmine-300x119.jpg\" alt=\" \" width=\"300\" height=\"119\">teflonilla suojatut neulat vasaralle 26-ES L=2\u2033<br>\nLinkit: Hammer ES 26, Hammer 26 ED, Delmhorst-istukka, Delmhorst-kaapeli, mutterit<\/p>","protected":false},"excerpt":{"rendered":"<p>Delmhorst Teflon suojatut neulat L = 2\u2033 vasaralle 26-ES 10 kpl:n pakkauksessa. Hinta koko Virossa 55,40 km 20% (Huomaa, ett\u00e4 saat lis\u00e4\u00e4 tuotteita samoilla toimituskuluilla)<\/p>","protected":false},"featured_media":749,"comment_status":"open","ping_status":"closed","template":"","meta":[],"product_brand":[],"product_cat":[19],"product_tag":[],"class_list":{"0":"post-747","1":"product","2":"type-product","3":"status-publish","4":"has-post-thumbnail","6":"product_cat-ehitus-ja-puu-lisaseadmed","8":"first","9":"instock","10":"taxable","11":"shipping-taxable","12":"purchasable","13":"product-type-simple"},"jetpack-related-posts":[],"jetpack_sharing_enabled":true,"_links":{"self":[{"href":"https:\/\/atsotamm.com\/fi\/wp-json\/wp\/v2\/product\/747","targetHints":{"allow":["GET"]}}],"collection":[{"href":"https:\/\/atsotamm.com\/fi\/wp-json\/wp\/v2\/product"}],"about":[{"href":"https:\/\/atsotamm.com\/fi\/wp-json\/wp\/v2\/types\/product"}],"replies":[{"embeddable":true,"href":"https:\/\/atsotamm.com\/fi\/wp-json\/wp\/v2\/comments?post=747"}],"version-history":[{"count":0,"href":"https:\/\/atsotamm.com\/fi\/wp-json\/wp\/v2\/product\/747\/revisions"}],"wp:featuredmedia":[{"embeddable":true,"href":"https:\/\/atsotamm.com\/fi\/wp-json\/wp\/v2\/media\/749"}],"wp:attachment":[{"href":"https:\/\/atsotamm.com\/fi\/wp-json\/wp\/v2\/media?parent=747"}],"wp:term":[{"taxonomy":"product_brand","embeddable":true,"href":"https:\/\/atsotamm.com\/fi\/wp-json\/wp\/v2\/product_brand?post=747"},{"taxonomy":"product_cat","embeddable":true,"href":"https:\/\/atsotamm.com\/fi\/wp-json\/wp\/v2\/product_cat?post=747"},{"taxonomy":"product_tag","embeddable":true,"href":"https:\/\/atsotamm.com\/fi\/wp-json\/wp\/v2\/product_tag?post=747"}],"curies":[{"name":"wp","href":"https:\/\/api.w.org\/{rel}","templated":true}]}}