{"id":742,"date":"2023-08-18T17:17:42","date_gmt":"2023-08-18T17:17:42","guid":{"rendered":"https:\/\/atsotamm.com\/?post_type=product&#038;p=742"},"modified":"2024-04-16T07:03:54","modified_gmt":"2024-04-16T07:03:54","slug":"delmhorst-libisev-haamer-sugavuse-mooturiga","status":"publish","type":"product","link":"https:\/\/atsotamm.com\/fi\/product\/delmhorst-libisev-haamer-sugavuse-mooturiga\/","title":{"rendered":"DELMHORST LIUGHAAMER S\u00dcGAVUSE M\u00d5\u00d5TURIGA"},"content":{"rendered":"<p class=\"translation-block\"><img class=\"size-medium wp-image-744 alignleft\" src=\"https:\/\/atsotamm.com\/wp-content\/uploads\/2023\/08\/26_ed_wood_400-300x269.jpg\" alt=\" \" width=\"300\" height=\"269\">alkuper\u00e4inen Delmhorst-liukuvasara ED 26<br><\/p>\n<p class=\"translation-block\">alkuper\u00e4inen Delmhorst-liukuvasara ES 26<br>\n(ilman syvyysmittaria)<\/p>\n<p>Liughaamri kaabel ja padrun<\/p>\n<p>Liughaamri kaabel<\/p>\n<p>Padrun\u2019i mutter (liughaamer)<\/p>\n<p>Elektrodit 2\"\/kpl a'10 kpl<\/p>","protected":false},"excerpt":{"rendered":"<p>Delmhorst Libisev haamer s\u00fcgavuse m\u00f5\u00f5turiga Tallinnas KM 0% 180,00 \u20ac<\/p>","protected":false},"featured_media":743,"comment_status":"open","ping_status":"closed","template":"","meta":[],"product_brand":[],"product_cat":[19],"product_tag":[],"class_list":{"0":"post-742","1":"product","2":"type-product","3":"status-publish","4":"has-post-thumbnail","6":"product_cat-ehitus-ja-puu-lisaseadmed","8":"first","9":"instock","10":"taxable","11":"shipping-taxable","12":"purchasable","13":"product-type-simple"},"jetpack-related-posts":[],"jetpack_sharing_enabled":true,"_links":{"self":[{"href":"https:\/\/atsotamm.com\/fi\/wp-json\/wp\/v2\/product\/742","targetHints":{"allow":["GET"]}}],"collection":[{"href":"https:\/\/atsotamm.com\/fi\/wp-json\/wp\/v2\/product"}],"about":[{"href":"https:\/\/atsotamm.com\/fi\/wp-json\/wp\/v2\/types\/product"}],"replies":[{"embeddable":true,"href":"https:\/\/atsotamm.com\/fi\/wp-json\/wp\/v2\/comments?post=742"}],"version-history":[{"count":4,"href":"https:\/\/atsotamm.com\/fi\/wp-json\/wp\/v2\/product\/742\/revisions"}],"predecessor-version":[{"id":1320,"href":"https:\/\/atsotamm.com\/fi\/wp-json\/wp\/v2\/product\/742\/revisions\/1320"}],"wp:featuredmedia":[{"embeddable":true,"href":"https:\/\/atsotamm.com\/fi\/wp-json\/wp\/v2\/media\/743"}],"wp:attachment":[{"href":"https:\/\/atsotamm.com\/fi\/wp-json\/wp\/v2\/media?parent=742"}],"wp:term":[{"taxonomy":"product_brand","embeddable":true,"href":"https:\/\/atsotamm.com\/fi\/wp-json\/wp\/v2\/product_brand?post=742"},{"taxonomy":"product_cat","embeddable":true,"href":"https:\/\/atsotamm.com\/fi\/wp-json\/wp\/v2\/product_cat?post=742"},{"taxonomy":"product_tag","embeddable":true,"href":"https:\/\/atsotamm.com\/fi\/wp-json\/wp\/v2\/product_tag?post=742"}],"curies":[{"name":"wp","href":"https:\/\/api.w.org\/{rel}","templated":true}]}}