{"id":719,"date":"2023-08-18T17:02:45","date_gmt":"2023-08-18T17:02:45","guid":{"rendered":"https:\/\/atsotamm.com\/?post_type=product&#038;p=719"},"modified":"2025-09-01T10:53:49","modified_gmt":"2025-09-01T10:53:49","slug":"gann-b-55-bl","status":"publish","type":"product","link":"https:\/\/atsotamm.com\/fi\/product\/gann-b-55-bl\/","title":{"rendered":"GANN B 55 BL"},"content":{"rendered":"<p><strong>Sond B 55 BL<\/strong><br \/>\nStruktuurse niiskuse ja selle muutuste m\u00f5\u00f5tmine<br \/>\nm\u00f5\u00f5tmismeetod mahtuvuslik laeng<br \/>\nM\u00f5\u00f5tmine terminalis ehk arvesti ja m\u00f5\u00f5tepea tuvastab paratamatult niiskuse ja niiskuse muutused katustelt, seintelt, massilt v\u00f5i muudelt konstruktsioonimaterjalidelt k\u00f5ikides konstruktsioonides.Automaatsensori tehnoloogia: m\u00f5\u00f5teterminal tuvastab automaatseltArvestil on helisignaal. Sellel on reguleeritav piirv\u00e4\u00e4rtus vahemikus 0,1 kuni 199 numbrit. Piirv\u00e4\u00e4rtuse \u00fcletamisel kostub helisignaal.<\/p>\n<p>M\u00f5\u00f5tevahemikud:<br \/>\n0 kuni 199 numbrit (skaneerimisvahemik), niiskuse v\u00e4\u00e4rtus tabelist<br \/>\n0,3 kuni 8,5 massiprotsenti, erinevate ehitusmaterjalide niiskusv\u00e4\u00e4rtuse kuvamine protsentides<br \/>\n0,3 &#8211; 6,5 CM-% (maht), niiskuse v\u00e4\u00e4rtuse kuva % erinevate ehitusmaterjalide puhul<br \/>\nM\u00f5\u00f5tmisterminalid:<a href=\"https:\/\/www.atsotamm.ee\/ee\/ws\/1\/4\/ehitus+niiskusm%C3%B5%C3%B5turid+niiskus+ja+temperatuur\/niiskusm%C3%B5%C3%B5tja+bl+e.html\">\u00a0<\/a><strong>BL E, BL UNI 11 ja CH 17<\/strong><\/p>","protected":false},"excerpt":{"rendered":"<p>Sensor B 55 BL\u00a0 niiskusmuutumine kuiv &#8211; niisk &#8211; m\u00e4rk<br \/>\nM\u00f5\u00f5tmisterminalid:<a href=\"https:\/\/www.atsotamm.ee\/ee\/ws\/1\/4\/ehitus+niiskusm%C3%B5%C3%B5turid+niiskus+ja+temperatuur\/niiskusm%C3%B5%C3%B5tja+bl+e.html\">\u00a0<\/a><strong>BL E, BL UNI 11 ja CH 17<\/strong><\/p>","protected":false},"featured_media":720,"comment_status":"open","ping_status":"closed","template":"","meta":[],"product_brand":[],"product_cat":[19],"product_tag":[],"class_list":{"0":"post-719","1":"product","2":"type-product","3":"status-publish","4":"has-post-thumbnail","6":"product_cat-ehitus-ja-puu-lisaseadmed","8":"first","9":"instock","10":"taxable","11":"shipping-taxable","12":"purchasable","13":"product-type-simple"},"jetpack-related-posts":[],"jetpack_sharing_enabled":true,"_links":{"self":[{"href":"https:\/\/atsotamm.com\/fi\/wp-json\/wp\/v2\/product\/719","targetHints":{"allow":["GET"]}}],"collection":[{"href":"https:\/\/atsotamm.com\/fi\/wp-json\/wp\/v2\/product"}],"about":[{"href":"https:\/\/atsotamm.com\/fi\/wp-json\/wp\/v2\/types\/product"}],"replies":[{"embeddable":true,"href":"https:\/\/atsotamm.com\/fi\/wp-json\/wp\/v2\/comments?post=719"}],"version-history":[{"count":2,"href":"https:\/\/atsotamm.com\/fi\/wp-json\/wp\/v2\/product\/719\/revisions"}],"predecessor-version":[{"id":1568,"href":"https:\/\/atsotamm.com\/fi\/wp-json\/wp\/v2\/product\/719\/revisions\/1568"}],"wp:featuredmedia":[{"embeddable":true,"href":"https:\/\/atsotamm.com\/fi\/wp-json\/wp\/v2\/media\/720"}],"wp:attachment":[{"href":"https:\/\/atsotamm.com\/fi\/wp-json\/wp\/v2\/media?parent=719"}],"wp:term":[{"taxonomy":"product_brand","embeddable":true,"href":"https:\/\/atsotamm.com\/fi\/wp-json\/wp\/v2\/product_brand?post=719"},{"taxonomy":"product_cat","embeddable":true,"href":"https:\/\/atsotamm.com\/fi\/wp-json\/wp\/v2\/product_cat?post=719"},{"taxonomy":"product_tag","embeddable":true,"href":"https:\/\/atsotamm.com\/fi\/wp-json\/wp\/v2\/product_tag?post=719"}],"curies":[{"name":"wp","href":"https:\/\/api.w.org\/{rel}","templated":true}]}}