{"id":684,"date":"2023-08-18T16:34:26","date_gmt":"2023-08-18T16:34:26","guid":{"rendered":"https:\/\/atsotamm.com\/?post_type=product&#038;p=684"},"modified":"2025-03-05T12:57:28","modified_gmt":"2025-03-05T12:57:28","slug":"gann-rh-t-37-160-l160-mm-jaik","status":"publish","type":"product","link":"https:\/\/atsotamm.com\/fi\/product\/gann-rh-t-37-160-l160-mm-jaik\/","title":{"rendered":"GANN RH T 37 160 L=160 MM J\u00c4IK"},"content":{"rendered":"<p><img decoding=\"async\" class=\"size-medium wp-image-685 alignleft\" src=\"https:\/\/atsotamm.com\/wp-content\/uploads\/2023\/08\/poranreikamittaus-300x128.jpg\" alt=\"\" width=\"300\" height=\"128\" srcset=\"https:\/\/atsotamm.com\/wp-content\/uploads\/2023\/08\/poranreikamittaus-300x128.jpg 300w, https:\/\/atsotamm.com\/wp-content\/uploads\/2023\/08\/poranreikamittaus.jpg 589w\" sizes=\"(max-width: 300px) 100vw, 300px\" \/>Sensori pikkus ( j\u00e4ik)\u00a0\u00a0\u00a0\u00a0\u00a0\u00a0\u00a0 L = 160 mm\u00a0\u00a0 ja 320 mm; \u00d8 5,5mm<br \/>\n&#8211; Sensori pikkus (painduv) \u00a0L = 250 mm\u00a0\u00a0 ja 350 mm; \u00d8 6,5mm<br \/>\n<strong>\u00dchendus kuvariga\u00a0<\/strong>M4050, RTU 600, UNI 1 ja 2<br \/>\n<strong>Lingid:\u00a0UNI 1\u00a0ja\u00a0UNI 2<\/strong><br \/>\nSensori hooldus<\/p>\n<p><img decoding=\"async\" class=\"alignleft\" src=\"https:\/\/www.atsotamm.ee\/Image\/Gann\/rh_t_37.jpg?977106\" alt=\"\" width=\"297\" height=\"91\" \/>M\u00f5\u00f5tepea hooldet\u00f6\u00f6d tehakse ainult Gann\u00b4i poolt Saksamaal. Oleme valmis korraldama Teile vajalikud hooldet\u00f6\u00f6d.\u00a0 Vajadusel v\u00f5tke palun\u00a0\u00a0\u00fchendust AtsoTamm O\u00dc<\/p>","protected":false},"excerpt":{"rendered":"<p>Puurauk sensor RH-T 37 anduriga on v\u00f5imalik m\u00f5\u00f5ta struktuuride niiskustasakaalu ning \u00f5hu suhtelist niiskust ja temperastuuri.\u00a0Andurid saab kasutada n\u00e4iteks m\u00fc\u00fcri v\u00f5i p\u00f5randa niiskuse m\u00f5\u00f5tmiseks.\u00a0M\u00f5\u00f5tmispiir: \u00a0 0 \u00baC\u2013 70 \u00baC ja 5-95%\u00a0 \u00f5hu suhteline niiskus.<br \/>\n<strong>Lingid:\u00a0UNI 1\u00a0ja\u00a0UNI 2\u00a0<\/strong><\/p>","protected":false},"featured_media":686,"comment_status":"open","ping_status":"closed","template":"","meta":[],"product_brand":[],"product_cat":[19],"product_tag":[],"class_list":{"0":"post-684","1":"product","2":"type-product","3":"status-publish","4":"has-post-thumbnail","6":"product_cat-ehitus-ja-puu-lisaseadmed","8":"first","9":"instock","10":"taxable","11":"shipping-taxable","12":"purchasable","13":"product-type-simple"},"jetpack-related-posts":[],"jetpack_sharing_enabled":true,"_links":{"self":[{"href":"https:\/\/atsotamm.com\/fi\/wp-json\/wp\/v2\/product\/684","targetHints":{"allow":["GET"]}}],"collection":[{"href":"https:\/\/atsotamm.com\/fi\/wp-json\/wp\/v2\/product"}],"about":[{"href":"https:\/\/atsotamm.com\/fi\/wp-json\/wp\/v2\/types\/product"}],"replies":[{"embeddable":true,"href":"https:\/\/atsotamm.com\/fi\/wp-json\/wp\/v2\/comments?post=684"}],"version-history":[{"count":1,"href":"https:\/\/atsotamm.com\/fi\/wp-json\/wp\/v2\/product\/684\/revisions"}],"predecessor-version":[{"id":1582,"href":"https:\/\/atsotamm.com\/fi\/wp-json\/wp\/v2\/product\/684\/revisions\/1582"}],"wp:featuredmedia":[{"embeddable":true,"href":"https:\/\/atsotamm.com\/fi\/wp-json\/wp\/v2\/media\/686"}],"wp:attachment":[{"href":"https:\/\/atsotamm.com\/fi\/wp-json\/wp\/v2\/media?parent=684"}],"wp:term":[{"taxonomy":"product_brand","embeddable":true,"href":"https:\/\/atsotamm.com\/fi\/wp-json\/wp\/v2\/product_brand?post=684"},{"taxonomy":"product_cat","embeddable":true,"href":"https:\/\/atsotamm.com\/fi\/wp-json\/wp\/v2\/product_cat?post=684"},{"taxonomy":"product_tag","embeddable":true,"href":"https:\/\/atsotamm.com\/fi\/wp-json\/wp\/v2\/product_tag?post=684"}],"curies":[{"name":"wp","href":"https:\/\/api.w.org\/{rel}","templated":true}]}}