{"id":670,"date":"2023-08-16T16:39:22","date_gmt":"2023-08-16T16:39:22","guid":{"rendered":"https:\/\/atsotamm.com\/?post_type=product&#038;p=670"},"modified":"2026-01-06T13:38:37","modified_gmt":"2026-01-06T13:38:37","slug":"merlin-hm9-ws-5-niiskusmootja","status":"publish","type":"product","link":"https:\/\/atsotamm.com\/fi\/product\/merlin-hm9-ws-5-niiskusmootja\/","title":{"rendered":"MERLIN HM9 WS 5 KOSTEUSMITTARI"},"content":{"rendered":"<p><img fetchpriority=\"high\" decoding=\"async\" class=\"alignnone wp-image-671\" src=\"https:\/\/atsotamm.com\/wp-content\/uploads\/2023\/08\/HM_WS-1-300x142.jpg\" alt=\"\" width=\"752\" height=\"356\" srcset=\"https:\/\/atsotamm.com\/wp-content\/uploads\/2023\/08\/HM_WS-1-300x142.jpg 300w, https:\/\/atsotamm.com\/wp-content\/uploads\/2023\/08\/HM_WS-1-1024x486.jpg 1024w, https:\/\/atsotamm.com\/wp-content\/uploads\/2023\/08\/HM_WS-1-768x365.jpg 768w, https:\/\/atsotamm.com\/wp-content\/uploads\/2023\/08\/HM_WS-1-600x285.jpg 600w, https:\/\/atsotamm.com\/wp-content\/uploads\/2023\/08\/HM_WS-1.jpg 1116w\" sizes=\"(max-width: 752px) 100vw, 752px\" \/><\/p>","protected":false},"excerpt":{"rendered":"<p>HM9 WS 5, Kapasitanssih\u00f6yl\u00e4ttyjen ja hiottujen puupintojen mittaus; ilman j\u00e4lki\u00e4.<\/p>\n<p>&nbsp;<\/p>","protected":false},"featured_media":665,"comment_status":"open","ping_status":"closed","template":"","meta":[],"product_brand":[],"product_cat":[17],"product_tag":[],"class_list":{"0":"post-670","1":"product","2":"type-product","3":"status-publish","4":"has-post-thumbnail","6":"product_cat-puu-ja-energia-niiskusmooturid-niiskus-ja-temperatuur","8":"first","9":"instock","10":"taxable","11":"shipping-taxable","12":"purchasable","13":"product-type-simple"},"jetpack-related-posts":[],"jetpack_sharing_enabled":true,"_links":{"self":[{"href":"https:\/\/atsotamm.com\/fi\/wp-json\/wp\/v2\/product\/670","targetHints":{"allow":["GET"]}}],"collection":[{"href":"https:\/\/atsotamm.com\/fi\/wp-json\/wp\/v2\/product"}],"about":[{"href":"https:\/\/atsotamm.com\/fi\/wp-json\/wp\/v2\/types\/product"}],"replies":[{"embeddable":true,"href":"https:\/\/atsotamm.com\/fi\/wp-json\/wp\/v2\/comments?post=670"}],"version-history":[{"count":1,"href":"https:\/\/atsotamm.com\/fi\/wp-json\/wp\/v2\/product\/670\/revisions"}],"predecessor-version":[{"id":1521,"href":"https:\/\/atsotamm.com\/fi\/wp-json\/wp\/v2\/product\/670\/revisions\/1521"}],"wp:featuredmedia":[{"embeddable":true,"href":"https:\/\/atsotamm.com\/fi\/wp-json\/wp\/v2\/media\/665"}],"wp:attachment":[{"href":"https:\/\/atsotamm.com\/fi\/wp-json\/wp\/v2\/media?parent=670"}],"wp:term":[{"taxonomy":"product_brand","embeddable":true,"href":"https:\/\/atsotamm.com\/fi\/wp-json\/wp\/v2\/product_brand?post=670"},{"taxonomy":"product_cat","embeddable":true,"href":"https:\/\/atsotamm.com\/fi\/wp-json\/wp\/v2\/product_cat?post=670"},{"taxonomy":"product_tag","embeddable":true,"href":"https:\/\/atsotamm.com\/fi\/wp-json\/wp\/v2\/product_tag?post=670"}],"curies":[{"name":"wp","href":"https:\/\/api.w.org\/{rel}","templated":true}]}}