{"id":663,"date":"2023-08-16T16:33:58","date_gmt":"2023-08-16T16:33:58","guid":{"rendered":"https:\/\/atsotamm.com\/?post_type=product&#038;p=663"},"modified":"2026-01-06T13:46:14","modified_gmt":"2026-01-06T13:46:14","slug":"merlin-hm9-ws25-niiskusmootja","status":"publish","type":"product","link":"https:\/\/atsotamm.com\/fi\/product\/merlin-hm9-ws25-niiskusmootja\/","title":{"rendered":"MERLIN HM9 WS25 KOSTEUSMITTARI"},"content":{"rendered":"<p><img fetchpriority=\"high\" decoding=\"async\" class=\"alignnone wp-image-664\" src=\"https:\/\/atsotamm.com\/wp-content\/uploads\/2023\/08\/HM_WS-300x142.jpg\" alt=\"\" width=\"849\" height=\"402\" srcset=\"https:\/\/atsotamm.com\/wp-content\/uploads\/2023\/08\/HM_WS-300x142.jpg 300w, https:\/\/atsotamm.com\/wp-content\/uploads\/2023\/08\/HM_WS-1024x486.jpg 1024w, https:\/\/atsotamm.com\/wp-content\/uploads\/2023\/08\/HM_WS-768x365.jpg 768w, https:\/\/atsotamm.com\/wp-content\/uploads\/2023\/08\/HM_WS-600x285.jpg 600w, https:\/\/atsotamm.com\/wp-content\/uploads\/2023\/08\/HM_WS.jpg 1116w\" sizes=\"(max-width: 849px) 100vw, 849px\" \/><\/p>","protected":false},"excerpt":{"rendered":"<p>Mudel HM9 &#8211; WS 25 h\u00f6\u00f6veldatud ja\/v\u00f5i lihvitud puidu jaoks. M\u00f5\u00f5tmine ei j\u00e4ta j\u00e4lgi. M\u00f5\u00f5tmist saab teha ka liikuva objekti ajal.<br \/>\nH\u00f6\u00f6veldusvabrikud, akna- ja uksetehased, m\u00f6\u00f6blivabrik, tehnilised puidutooted.<\/p>","protected":false},"featured_media":665,"comment_status":"open","ping_status":"closed","template":"","meta":[],"product_brand":[],"product_cat":[17],"product_tag":[],"class_list":{"0":"post-663","1":"product","2":"type-product","3":"status-publish","4":"has-post-thumbnail","6":"product_cat-puu-ja-energia-niiskusmooturid-niiskus-ja-temperatuur","8":"first","9":"instock","10":"taxable","11":"shipping-taxable","12":"purchasable","13":"product-type-simple"},"jetpack-related-posts":[],"jetpack_sharing_enabled":true,"_links":{"self":[{"href":"https:\/\/atsotamm.com\/fi\/wp-json\/wp\/v2\/product\/663","targetHints":{"allow":["GET"]}}],"collection":[{"href":"https:\/\/atsotamm.com\/fi\/wp-json\/wp\/v2\/product"}],"about":[{"href":"https:\/\/atsotamm.com\/fi\/wp-json\/wp\/v2\/types\/product"}],"replies":[{"embeddable":true,"href":"https:\/\/atsotamm.com\/fi\/wp-json\/wp\/v2\/comments?post=663"}],"version-history":[{"count":2,"href":"https:\/\/atsotamm.com\/fi\/wp-json\/wp\/v2\/product\/663\/revisions"}],"predecessor-version":[{"id":1627,"href":"https:\/\/atsotamm.com\/fi\/wp-json\/wp\/v2\/product\/663\/revisions\/1627"}],"wp:featuredmedia":[{"embeddable":true,"href":"https:\/\/atsotamm.com\/fi\/wp-json\/wp\/v2\/media\/665"}],"wp:attachment":[{"href":"https:\/\/atsotamm.com\/fi\/wp-json\/wp\/v2\/media?parent=663"}],"wp:term":[{"taxonomy":"product_brand","embeddable":true,"href":"https:\/\/atsotamm.com\/fi\/wp-json\/wp\/v2\/product_brand?post=663"},{"taxonomy":"product_cat","embeddable":true,"href":"https:\/\/atsotamm.com\/fi\/wp-json\/wp\/v2\/product_cat?post=663"},{"taxonomy":"product_tag","embeddable":true,"href":"https:\/\/atsotamm.com\/fi\/wp-json\/wp\/v2\/product_tag?post=663"}],"curies":[{"name":"wp","href":"https:\/\/api.w.org\/{rel}","templated":true}]}}