{"id":659,"date":"2023-08-16T16:30:26","date_gmt":"2023-08-16T16:30:26","guid":{"rendered":"https:\/\/atsotamm.com\/?post_type=product&#038;p=659"},"modified":"2023-08-24T08:13:22","modified_gmt":"2023-08-24T08:13:22","slug":"ruumitemperatuuri-niiskuse-mootja","status":"publish","type":"product","link":"https:\/\/atsotamm.com\/fi\/product\/ruumitemperatuuri-niiskuse-mootja\/","title":{"rendered":"Tilan ilman l\u00e4mp\u00f6tila ja kosteus sek\u00e4 puun tasapainokosteus"},"content":{"rendered":"<p><strong><img fetchpriority=\"high\" decoding=\"async\" class=\"size-medium wp-image-661 alignleft\" src=\"https:\/\/atsotamm.com\/wp-content\/uploads\/2023\/08\/ilmankosteus_400-184x300.jpg\" alt=\"\" width=\"184\" height=\"300\" srcset=\"https:\/\/atsotamm.com\/wp-content\/uploads\/2023\/08\/ilmankosteus_400-184x300.jpg 184w, https:\/\/atsotamm.com\/wp-content\/uploads\/2023\/08\/ilmankosteus_400.jpg 400w\" sizes=\"(max-width: 184px) 100vw, 184px\" \/>Huoneen l\u00e4mp\u00f6tila-kosteusmittari<\/strong><\/p>\n<p>Huonel\u00e4mp\u00f6tila-kosteusmittarilla voit selvitt\u00e4\u00e4 muutamassa minuutissa, vastaako rakennuksen kosteus asennettavia osia. L\u00e4mp\u00f6kosteusmittarin neulat osoittavat l\u00e4mp\u00f6tilan ja suhteellisen kosteuden. Puun tasapainokosteus on luettavissa osoittimien leikkauspisteest\u00e4. T\u00e4m\u00e4 arvo on ratkaiseva puun kutistumisen ja laajenemisen kannalta.<\/p>\n<p class=\"translation-block\"><strong>Mittausalueet:<\/strong><br>\nSuhteellinen kosteus: 20% - 100%<br>\nL\u00e4mp\u00f6tila: -10\u00b0C - +40\u00b0C<br>\nPuun tasapainokosteus: 5-25 %<\/p>","protected":false},"excerpt":{"rendered":"<p>Huonel\u00e4mp\u00f6tila- ja kosteusmittari seuraa huoneilmaa asuintiloissa, toimistoissa, ty\u00f6pajoissa, varastoissa ja uudisrakennuksissa puun ja rakennuskosteuden suhteen.<\/p>","protected":false},"featured_media":660,"comment_status":"open","ping_status":"closed","template":"","meta":[],"product_brand":[],"product_cat":[17],"product_tag":[],"class_list":{"0":"post-659","1":"product","2":"type-product","3":"status-publish","4":"has-post-thumbnail","6":"product_cat-puu-ja-energia-niiskusmooturid-niiskus-ja-temperatuur","8":"first","9":"instock","10":"taxable","11":"shipping-taxable","12":"purchasable","13":"product-type-simple"},"jetpack-related-posts":[],"jetpack_sharing_enabled":true,"_links":{"self":[{"href":"https:\/\/atsotamm.com\/fi\/wp-json\/wp\/v2\/product\/659","targetHints":{"allow":["GET"]}}],"collection":[{"href":"https:\/\/atsotamm.com\/fi\/wp-json\/wp\/v2\/product"}],"about":[{"href":"https:\/\/atsotamm.com\/fi\/wp-json\/wp\/v2\/types\/product"}],"replies":[{"embeddable":true,"href":"https:\/\/atsotamm.com\/fi\/wp-json\/wp\/v2\/comments?post=659"}],"version-history":[{"count":0,"href":"https:\/\/atsotamm.com\/fi\/wp-json\/wp\/v2\/product\/659\/revisions"}],"wp:featuredmedia":[{"embeddable":true,"href":"https:\/\/atsotamm.com\/fi\/wp-json\/wp\/v2\/media\/660"}],"wp:attachment":[{"href":"https:\/\/atsotamm.com\/fi\/wp-json\/wp\/v2\/media?parent=659"}],"wp:term":[{"taxonomy":"product_brand","embeddable":true,"href":"https:\/\/atsotamm.com\/fi\/wp-json\/wp\/v2\/product_brand?post=659"},{"taxonomy":"product_cat","embeddable":true,"href":"https:\/\/atsotamm.com\/fi\/wp-json\/wp\/v2\/product_cat?post=659"},{"taxonomy":"product_tag","embeddable":true,"href":"https:\/\/atsotamm.com\/fi\/wp-json\/wp\/v2\/product_tag?post=659"}],"curies":[{"name":"wp","href":"https:\/\/api.w.org\/{rel}","templated":true}]}}