{"id":656,"date":"2023-08-16T16:28:42","date_gmt":"2023-08-16T16:28:42","guid":{"rendered":"https:\/\/atsotamm.com\/?post_type=product&#038;p=656"},"modified":"2025-02-28T14:18:26","modified_gmt":"2025-02-28T14:18:26","slug":"schaller-bl-2","status":"publish","type":"product","link":"https:\/\/atsotamm.com\/fi\/product\/schaller-bl-2\/","title":{"rendered":"HAKKEEN JA TUKIN KOSTEUS-MITTAUS"},"content":{"rendered":"<p class=\"translation-block\"><img class=\"size-medium wp-image-657 alignleft\" src=\"https:\/\/atsotamm.com\/wp-content\/uploads\/2023\/08\/BL_2_mittari-148x300.jpg\" alt=\" \" width=\"148\" height=\"300\">Mittausalue Anturista riippuen (katso lis\u00e4varusteet)<br>\nResoluutio Anturista riippuen (katso lis\u00e4varusteet)<br>\nKalibrointitarkkuus vertailumateriaalilla +\/- 2,5 %<br>\nL\u00e4mp\u00f6tilan kompensointi automaattisesti<br>\nL\u00e4mp\u00f6tilan mittaus Anturista riippuen<br>\nMittaustulos Muutamassa sekunnissa<br>\nMuistitoiminto Hold-toiminto, dataloki 10 000 lokille mittauspisteraportilla<\/p>\n<p>&nbsp;<\/p>\n<p>&nbsp;<\/p>\n<p>&nbsp;<\/p>\n<p class=\"translation-block\"><img class=\"alignnone size-medium wp-image-653\" src=\"https:\/\/atsotamm.com\/wp-content\/uploads\/2023\/08\/vesinitamm-300x127.jpg\" alt=\" \" width=\"300\" height=\"127\">Mitat 147 x 75 x 30 mm<br>\nPaino 265 g (paristot mukaan lukien)<br>\nVirtal\u00e4hde 4 x 1,5 V AA alkaliparistoa<br>\nValikkokielet englanti, saksa, italia, ranska, espanja, portugali, t\u0161ekki, puola, ven\u00e4j\u00e4, kansainv\u00e4linen<\/p>\n<p class=\"translation-block\">Linkkej\u00e4 _self\"&gt;hakkeen mittap\u00e4\u00e4 BL 2<\/a> ja <a href=\"https:\/\/www.atsotamm.ee\/ee\/ws\/7\/140\/ehitus+ja+puu+lisaseeddt\/schaller+bl2+ vasara+ram +electrode.html\" target=\"_self\">vasara polttopuun vesipitoisuus<\/a><\/strong><\/p>","protected":false},"excerpt":{"rendered":"<p class=\"translation-block\">Schaller BL2: Universaali biomassakosteusmittari, Eritt\u00e4in helppok\u00e4ytt\u00f6inen, Suuri mittausalue: jopa 60 % vesipitoisuus, Mittaus sekunneissa, Datalokitoiminto, USB-liit\u00e4nt\u00e4 ja tulostin (valinnainen), Elinik\u00e4inen tuki. puuhakkeen mittausp\u00e4\u00e4 BL 2.<\/p>\n<div id=\"gtx-trans\" style=\"position: absolute; left: 683px; top: 15.2px;\">\n<div class=\"gtx-trans-icon\"><\/div>\n<\/div>","protected":false},"featured_media":658,"comment_status":"open","ping_status":"closed","template":"","meta":[],"product_brand":[],"product_cat":[17],"product_tag":[],"class_list":{"0":"post-656","1":"product","2":"type-product","3":"status-publish","4":"has-post-thumbnail","6":"product_cat-puu-ja-energia-niiskusmooturid-niiskus-ja-temperatuur","8":"first","9":"instock","10":"taxable","11":"shipping-taxable","12":"purchasable","13":"product-type-simple"},"jetpack-related-posts":[],"jetpack_sharing_enabled":true,"_links":{"self":[{"href":"https:\/\/atsotamm.com\/fi\/wp-json\/wp\/v2\/product\/656","targetHints":{"allow":["GET"]}}],"collection":[{"href":"https:\/\/atsotamm.com\/fi\/wp-json\/wp\/v2\/product"}],"about":[{"href":"https:\/\/atsotamm.com\/fi\/wp-json\/wp\/v2\/types\/product"}],"replies":[{"embeddable":true,"href":"https:\/\/atsotamm.com\/fi\/wp-json\/wp\/v2\/comments?post=656"}],"version-history":[{"count":1,"href":"https:\/\/atsotamm.com\/fi\/wp-json\/wp\/v2\/product\/656\/revisions"}],"predecessor-version":[{"id":1523,"href":"https:\/\/atsotamm.com\/fi\/wp-json\/wp\/v2\/product\/656\/revisions\/1523"}],"wp:featuredmedia":[{"embeddable":true,"href":"https:\/\/atsotamm.com\/fi\/wp-json\/wp\/v2\/media\/658"}],"wp:attachment":[{"href":"https:\/\/atsotamm.com\/fi\/wp-json\/wp\/v2\/media?parent=656"}],"wp:term":[{"taxonomy":"product_brand","embeddable":true,"href":"https:\/\/atsotamm.com\/fi\/wp-json\/wp\/v2\/product_brand?post=656"},{"taxonomy":"product_cat","embeddable":true,"href":"https:\/\/atsotamm.com\/fi\/wp-json\/wp\/v2\/product_cat?post=656"},{"taxonomy":"product_tag","embeddable":true,"href":"https:\/\/atsotamm.com\/fi\/wp-json\/wp\/v2\/product_tag?post=656"}],"curies":[{"name":"wp","href":"https:\/\/api.w.org\/{rel}","templated":true}]}}