{"id":641,"date":"2023-08-16T16:18:21","date_gmt":"2023-08-16T16:18:21","guid":{"rendered":"https:\/\/atsotamm.com\/?post_type=product&#038;p=641"},"modified":"2025-03-05T13:00:50","modified_gmt":"2025-03-05T13:00:50","slug":"gann-bl-combact-s-niiskusmootja-kuttepuu","status":"publish","type":"product","link":"https:\/\/atsotamm.com\/fi\/product\/gann-bl-combact-s-niiskusmootja-kuttepuu\/","title":{"rendered":"GANN BL COMPACT S KOSTEUSMITTARI POLTTOPUUT"},"content":{"rendered":"<p>Puiduniiskus %\u00a0\u00a0\u00a0\u00a0\u00a0\u00a0\u00a0\u00a0\u00a0\u00a0\u00a0\u00a0\u00a0 \u00a0\u00a0\u00a0 \u00a0100\u00a0\u00a0\u00a0\u00a0\u00a0 50\u00a0\u00a0\u00a0\u00a0\u00a0 30\u00a0\u00a0\u00a0\u00a0 20\u00a0\u00a0\u00a0\u00a0 10<br \/>\nVeesisaldus%\u00a0\u00a0\u00a0\u00a0\u00a0\u00a0\u00a0\u00a0\u00a0\u00a0\u00a0\u00a0\u00a0\u00a0 \u00a0\u00a0\u00a0 \u00a0 \u00a0 50\u00a0\u00a0\u00a0\u00a0\u00a0\u00a0\u00a0 33\u00a0\u00a0\u00a0\u00a0\u00a0 23\u00a0\u00a0\u00a0\u00a0 17\u00a0\u00a0\u00a0\u00a0\u00a0\u00a0 9<br \/>\nPuuliigid \u00a0\u00a0 \u00a0\u00a0\u00a0\u00a0\u00a0\u00a0\u00a0\u00a0\u00a0\u00a0\u00a0\u00a0\u00a0\u00a0\u00a0\u00a0\u00a0\u00a0\u00a0\u00a0\u00a0\u00a0\u00a0\u00a0\u00a0 2 kategooriasse<br \/>\nToiming: \u00a0\u00a0 \u00a0 \u00a0 \u00a0 \u00a0 \u00a0 \u00a0 \u00a0 \u00a0 \u00a0 \u00a0 \u00a0 \u00a0 \u00a0 Min-, Max- ja Hold-Toiming<br \/>\nKuvar\u00a0\u00a0 \u00a0\u00a0\u00a0\u00a0\u00a0\u00a0\u00a0\u00a0\u00a0\u00a0\u00a0\u00a0\u00a0\u00a0\u00a0\u00a0\u00a0\u00a0\u00a0\u00a0\u00a0\u00a0\u00a0\u00a0\u00a0\u00a0\u00a0\u00a0\u00a0\u00a0 Aparaad ja \u00fcmbrustemperatuur<br \/>\nAutomaatne v\u00e4ljal\u00fclitus<br \/>\nToide: \u00a0\u00a0 \u00a0\u00a0\u00a0\u00a0\u00a0\u00a0\u00a0\u00a0\u00a0\u00a0\u00a0\u00a0\u00a0\u00a0\u00a0\u00a0\u00a0\u00a0\u00a0\u00a0\u00a0\u00a0\u00a0\u00a0\u00a0\u00a0\u00a0\u00a0\u00a0 9 V patarei<br \/>\nM\u00f5\u00f5dud:\u00a0\u00a0 \u00a0\u00a0\u00a0\u00a0\u00a0\u00a0\u00a0\u00a0\u00a0\u00a0\u00a0\u00a0\u00a0\u00a0\u00a0\u00a0\u00a0\u00a0\u00a0\u00a0\u00a0\u00a0\u00a0\u00a0\u00a0 175 [L] x 50 [B] x 30 mm [H]<br \/>\nPikkus umbes\u00a0\u00a0 \u00a0195 mm\u00a0\u00a0\u00a0\u00a0Kaal \u00a0\u00a0 \u00a0160 g<br \/>\nSpooniniiskus lisahinnaga:<br \/>\nilma teflon isolatsioonitta v\u00f5i teflon isolatsiooniga \u00a0\u00a0 \u00a0L = 175 mm<br \/>\n<a href=\"https:\/\/www.gann.de\/_Resources\/Persistent\/46a2bdd597e40f3b9e484d3ce09f99ef929173b3\/BL_Compact_S_V2.1_EN.pdf\"><strong>Link: kasutusjuhend inglise keeles<\/strong><\/a><\/p>\n","protected":false},"excerpt":{"rendered":"<p>Suuri LCD-digitaalinen n\u00e4ytt\u00f6 kolmella rivill\u00e4 - Puun kosteuden mittausalue 10 - 50 % - Puun kosteuden mittausalue 10 - 34 % vesipitoisuus<\/p>","protected":false},"featured_media":642,"comment_status":"open","ping_status":"closed","template":"","meta":[],"product_brand":[],"product_cat":[17],"product_tag":[],"class_list":{"0":"post-641","1":"product","2":"type-product","3":"status-publish","4":"has-post-thumbnail","6":"product_cat-puu-ja-energia-niiskusmooturid-niiskus-ja-temperatuur","8":"first","9":"instock","10":"taxable","11":"shipping-taxable","12":"purchasable","13":"product-type-simple"},"jetpack-related-posts":[],"jetpack_sharing_enabled":true,"_links":{"self":[{"href":"https:\/\/atsotamm.com\/fi\/wp-json\/wp\/v2\/product\/641","targetHints":{"allow":["GET"]}}],"collection":[{"href":"https:\/\/atsotamm.com\/fi\/wp-json\/wp\/v2\/product"}],"about":[{"href":"https:\/\/atsotamm.com\/fi\/wp-json\/wp\/v2\/types\/product"}],"replies":[{"embeddable":true,"href":"https:\/\/atsotamm.com\/fi\/wp-json\/wp\/v2\/comments?post=641"}],"version-history":[{"count":1,"href":"https:\/\/atsotamm.com\/fi\/wp-json\/wp\/v2\/product\/641\/revisions"}],"predecessor-version":[{"id":1524,"href":"https:\/\/atsotamm.com\/fi\/wp-json\/wp\/v2\/product\/641\/revisions\/1524"}],"wp:featuredmedia":[{"embeddable":true,"href":"https:\/\/atsotamm.com\/fi\/wp-json\/wp\/v2\/media\/642"}],"wp:attachment":[{"href":"https:\/\/atsotamm.com\/fi\/wp-json\/wp\/v2\/media?parent=641"}],"wp:term":[{"taxonomy":"product_brand","embeddable":true,"href":"https:\/\/atsotamm.com\/fi\/wp-json\/wp\/v2\/product_brand?post=641"},{"taxonomy":"product_cat","embeddable":true,"href":"https:\/\/atsotamm.com\/fi\/wp-json\/wp\/v2\/product_cat?post=641"},{"taxonomy":"product_tag","embeddable":true,"href":"https:\/\/atsotamm.com\/fi\/wp-json\/wp\/v2\/product_tag?post=641"}],"curies":[{"name":"wp","href":"https:\/\/api.w.org\/{rel}","templated":true}]}}