{"id":639,"date":"2023-08-16T16:16:27","date_gmt":"2023-08-16T16:16:27","guid":{"rendered":"https:\/\/atsotamm.com\/?post_type=product&#038;p=639"},"modified":"2025-03-05T13:02:05","modified_gmt":"2025-03-05T13:02:05","slug":"gann-bl-compact-niiskusmootja","status":"publish","type":"product","link":"https:\/\/atsotamm.com\/fi\/product\/gann-bl-compact-niiskusmootja\/","title":{"rendered":"GANN BL KOMPAKTI KOSTEUSMITTARI"},"content":{"rendered":"<p class=\"translation-block\"><img class=\"size-medium wp-image-640 alignleft\" src=\"https:\/\/atsotamm.com\/wp-content\/uploads\/2023\/08\/bl_compact_netti-300x225.jpg\" alt=\" \" width=\"300\" height=\"225\">Kosteusmittari puulajeille, pehmeille ja eristysmateriaaleille. Laitteissa on 3-rivinen LCD-n\u00e4ytt\u00f6<br>\nElektroninen kosteusmittari eri puulajeille, pehmeille rakennus- ja eristemateriaaleille. Laitteessa on 3-rivinen LCD-n\u00e4ytt\u00f6.<\/p>\n<div>Mittaustappi ty\u00f6nnet\u00e4\u00e4n mitattavaan materiaaliin, mik\u00e4 mahdollistaa puutavaran, vanerin ja kuitulevyn sek\u00e4 tavallisen kipsilevyn tai kipsin kosteuden mittaamisen max 25 mm syvyydelt\u00e4.<\/div>\n<div>Mittaa alueet:<\/div>\n<div>Puun kosteus: 6-25% (4 puutyypin valitsinta)<\/div>\n<div>rakennuskosteus: 0,4-6,0 % (paino\/painoprosentti) 3 erilaista rakennusmateriaalia ja 2 erilaista eristemateriaalia.<\/div>\n<div class=\"translation-block\">Min.- ja maksimiarvot, Hold-toiminto, n\u00e4ytt\u00e4\u00e4 laitteiden ja ymp\u00e4rist\u00f6n l\u00e4mp\u00f6tilan, automaattinen sammutus.<br>\n<a href=\"https:\/\/www.gann.de\/_Resources\/Persistent\/1cd0819d8b24247ad2c0c9142e93a112a3bc1907\/BL_Compact_V2.1_EN.pdf\" target=\"_self\"><strong>Linkki: englanninkielinen k\u00e4ytt\u00f6ohje<\/strong><\/a><\/div>","protected":false},"excerpt":{"rendered":"<p>BL kompakti puuta ja materiaalia esimerkiksi sis\u00e4puuseppiin.<\/p>\n<p>&nbsp;<\/p>","protected":false},"featured_media":638,"comment_status":"open","ping_status":"closed","template":"","meta":[],"product_brand":[],"product_cat":[17],"product_tag":[],"class_list":{"0":"post-639","1":"product","2":"type-product","3":"status-publish","4":"has-post-thumbnail","6":"product_cat-puu-ja-energia-niiskusmooturid-niiskus-ja-temperatuur","8":"first","9":"instock","10":"taxable","11":"shipping-taxable","12":"purchasable","13":"product-type-simple"},"jetpack-related-posts":[],"jetpack_sharing_enabled":true,"_links":{"self":[{"href":"https:\/\/atsotamm.com\/fi\/wp-json\/wp\/v2\/product\/639","targetHints":{"allow":["GET"]}}],"collection":[{"href":"https:\/\/atsotamm.com\/fi\/wp-json\/wp\/v2\/product"}],"about":[{"href":"https:\/\/atsotamm.com\/fi\/wp-json\/wp\/v2\/types\/product"}],"replies":[{"embeddable":true,"href":"https:\/\/atsotamm.com\/fi\/wp-json\/wp\/v2\/comments?post=639"}],"version-history":[{"count":2,"href":"https:\/\/atsotamm.com\/fi\/wp-json\/wp\/v2\/product\/639\/revisions"}],"predecessor-version":[{"id":1584,"href":"https:\/\/atsotamm.com\/fi\/wp-json\/wp\/v2\/product\/639\/revisions\/1584"}],"wp:featuredmedia":[{"embeddable":true,"href":"https:\/\/atsotamm.com\/fi\/wp-json\/wp\/v2\/media\/638"}],"wp:attachment":[{"href":"https:\/\/atsotamm.com\/fi\/wp-json\/wp\/v2\/media?parent=639"}],"wp:term":[{"taxonomy":"product_brand","embeddable":true,"href":"https:\/\/atsotamm.com\/fi\/wp-json\/wp\/v2\/product_brand?post=639"},{"taxonomy":"product_cat","embeddable":true,"href":"https:\/\/atsotamm.com\/fi\/wp-json\/wp\/v2\/product_cat?post=639"},{"taxonomy":"product_tag","embeddable":true,"href":"https:\/\/atsotamm.com\/fi\/wp-json\/wp\/v2\/product_tag?post=639"}],"curies":[{"name":"wp","href":"https:\/\/api.w.org\/{rel}","templated":true}]}}