{"id":636,"date":"2023-08-16T16:14:13","date_gmt":"2023-08-16T16:14:13","guid":{"rendered":"https:\/\/atsotamm.com\/?post_type=product&#038;p=636"},"modified":"2025-03-05T13:03:35","modified_gmt":"2025-03-05T13:03:35","slug":"gann-bl-ht-70-niiskusmootja","status":"publish","type":"product","link":"https:\/\/atsotamm.com\/fi\/product\/gann-bl-ht-70-niiskusmootja\/","title":{"rendered":"GANN BL HT 70 NIISKUSM\u00d5\u00d5TJA"},"content":{"rendered":"<p class=\"translation-block\"><strong><img class=\"size-medium wp-image-637 alignleft\" src=\"https:\/\/atsotamm.com\/wp-content\/uploads\/2023\/08\/BL_70_350_ee_saeveskid-300x200.jpg\" alt=\"\" width=\"300\" height=\"200\">kosteusmittari HT70<\/strong><br>\nSuuri LCD-digitaalinen n\u00e4ytt\u00f6.<br>\nPuun kosteuden mittausalue:\u00a0\u00a0\u00a0\u00a0\u00a0\u00a0\u00a0\u00a0\u00a0\u00a0\u00a0\u00a0\u00a0\u00a0\u00a0\u00a0\u00a0\u00a0\u00a0 4 - 70 %\nN\u00e4yt\u00f6n mittaustarkkuus: 0,1 %\nPuulajit jaettu 7 luokkaan\nPuulajeja: yli 300\nL\u00e4mp\u00f6tilakompensaattori: -10\u00b0C \u2013 + 50\u00b0C<br>\nSuurin mittaussyvyys: 180 mm\nmittausarvomuisti\u00a0\u00a0\u00a0\u00a0\u00a0\u00a0\u00a0\u00a0\u00a0\u00a0\u00a0\u00a0\u00a0 10\u00a0 viimeist\u00e4 arvoa<br>\nMahdollisuus jatkuvaan kuivausprosessien seurantaan<br>\nMitat: Pituus 180 mm, Leveys 55 mm, Paksuus 30 mm, Virtal\u00e4hde 9 V akku tai akku<br>\n<strong>Linkit: iskuvasara ML 20, kaapeli, suojatut elektrodit 40\/25 mm, l\u00e4mp\u00f6tila BL 10, ohjauslohko (puu)<br>\n<a href=\"https:\/\/www.atsotamm.ee\/ee\/ws\/7\/17\/ehitus+ja+puu+lisaseeddt\/atso+ramm-elektrood+ml20+gann+ja+trotec.html\" target=\" _self\"> k\u00e4yt\u00e4<\/a><a href=\"https:\/\/www.gann.de\/_Resources\/Persistent\/3bec5b950ce30ab9ca22213f1fb962c5a78866da\/BL_H40_HT70_V2.2_EN.pdf\" target=\"_self\">k\u00e4ytt\u00f6opasta i<\/a> englanniksi<\/a> ja <a href=\"https:\/\/www.gann.de\/_Resources\/Persistent\/dfde6f4b0eed26cce5c982a5c916c025d72b5d48\/BL_H40_HT70_V2.0_RU.pdf\" target=\"_self\">\u0421\u0441\u043d\u0438\u0441\u0442\u0440\u0438\u043d\u0430:\u0446\u0438\u043d\u044f\u0440\u0443\u043f\u0435 \u0440\u0443\u0441\u0441\u043a\u043e\u043c \u044f\u0437\u044b\u043a\u0435<\/a> a<\/strong><\/p>","protected":false},"excerpt":{"rendered":"<p class=\"translation-block\">Blue line HT 70 sahat, lehti- ja havupuun kosteus sek\u00e4 h\u00f6yl\u00e4tty materiaali (kun puun kosteuden mittausalue on 4 - 70 % ja puun l\u00e4mp\u00f6tila alle 50\u00b0C)<br>\nGann BL HT 70 Kosteusmittarin hinta Virossa Virossa 460,00 \u20ac ALV 20%. Hinta Tallinnassa km 0% 376,00 - Linkit: Ram hammer ML 20, <a href=\"https:\/\/www.atsotamm.ee\/ee\/ws\/7\/16\/ehitus+ja+puu+lisaseeddt\/gann+kabel + mk+8+mdik++hammer.html\" target=\"_self\">kaapeli<\/a>, suojatut elektrodit 40\/25 mm, l\u00e4mp\u00f6tila BL 10, ohjauslohko (puu), k\u00e4ytt\u00f6<a href=\"https:\/\/www.gann.de\/_Resources\/Persistent\/3bec5b950ce30ab9ca22213f1fb962c5a78866da\/BL_H40_HT70_V2.2_EN.pdf\" target=\"_self\">usuhend i<\/a><a href=\"https:\/\/www. .ee\/ee\/ws\/7\/17\/ehitus+ja+puu+lisaseedad\/atso+ramm-electrod+ml20+gann+ja+trotec.html\" target=\"_self\">englanniksi<\/a> ja <a href=\"https:\/\/www.gann.de\/_Resources\/Persistent\/dfde6f4b0eed26cce5c982a5c916c025d72b5d48\/BL_H40_HT70_V2.0_RU.pdf\" target=\"_self\">\u0421\u0441\u044b\u043b\u043a\u0430: \u0438\u043d\u0441\u0442\u0440\u0438\u044f\u043a\u043e\u043d\u0443\u043a\u0435 \u043f\u0438\u044e\u044f\u0435\u0440\u0443\u043a\u0446 \u0437\u044b\u043a\u0435<\/a><\/p>","protected":false},"featured_media":638,"comment_status":"open","ping_status":"closed","template":"","meta":[],"product_brand":[],"product_cat":[17],"product_tag":[],"class_list":{"0":"post-636","1":"product","2":"type-product","3":"status-publish","4":"has-post-thumbnail","6":"product_cat-puu-ja-energia-niiskusmooturid-niiskus-ja-temperatuur","8":"first","9":"instock","10":"taxable","11":"shipping-taxable","12":"purchasable","13":"product-type-simple"},"jetpack-related-posts":[],"jetpack_sharing_enabled":true,"_links":{"self":[{"href":"https:\/\/atsotamm.com\/fi\/wp-json\/wp\/v2\/product\/636","targetHints":{"allow":["GET"]}}],"collection":[{"href":"https:\/\/atsotamm.com\/fi\/wp-json\/wp\/v2\/product"}],"about":[{"href":"https:\/\/atsotamm.com\/fi\/wp-json\/wp\/v2\/types\/product"}],"replies":[{"embeddable":true,"href":"https:\/\/atsotamm.com\/fi\/wp-json\/wp\/v2\/comments?post=636"}],"version-history":[{"count":1,"href":"https:\/\/atsotamm.com\/fi\/wp-json\/wp\/v2\/product\/636\/revisions"}],"predecessor-version":[{"id":1526,"href":"https:\/\/atsotamm.com\/fi\/wp-json\/wp\/v2\/product\/636\/revisions\/1526"}],"wp:featuredmedia":[{"embeddable":true,"href":"https:\/\/atsotamm.com\/fi\/wp-json\/wp\/v2\/media\/638"}],"wp:attachment":[{"href":"https:\/\/atsotamm.com\/fi\/wp-json\/wp\/v2\/media?parent=636"}],"wp:term":[{"taxonomy":"product_brand","embeddable":true,"href":"https:\/\/atsotamm.com\/fi\/wp-json\/wp\/v2\/product_brand?post=636"},{"taxonomy":"product_cat","embeddable":true,"href":"https:\/\/atsotamm.com\/fi\/wp-json\/wp\/v2\/product_cat?post=636"},{"taxonomy":"product_tag","embeddable":true,"href":"https:\/\/atsotamm.com\/fi\/wp-json\/wp\/v2\/product_tag?post=636"}],"curies":[{"name":"wp","href":"https:\/\/api.w.org\/{rel}","templated":true}]}}