{"id":632,"date":"2023-08-16T16:10:37","date_gmt":"2023-08-16T16:10:37","guid":{"rendered":"https:\/\/atsotamm.com\/?post_type=product&#038;p=632"},"modified":"2025-03-05T13:05:04","modified_gmt":"2025-03-05T13:05:04","slug":"gann-ch-17-mootmise-terminal-2","status":"publish","type":"product","link":"https:\/\/atsotamm.com\/fi\/product\/gann-ch-17-mootmise-terminal-2\/","title":{"rendered":"GANN CH 17 MITTAP\u00c4\u00c4TE"},"content":{"rendered":"<p><span class=\"tlid-translation translation\" lang=\"et\"><span title=\"\"><strong><img decoding=\"async\" class=\"size-medium wp-image-633 alignleft\" src=\"https:\/\/atsotamm.com\/wp-content\/uploads\/2023\/08\/CH_17_PYSTY_350-145x300.jpg\" alt=\"\" width=\"145\" height=\"300\" srcset=\"https:\/\/atsotamm.com\/wp-content\/uploads\/2023\/08\/CH_17_PYSTY_350-145x300.jpg 145w, https:\/\/atsotamm.com\/wp-content\/uploads\/2023\/08\/CH_17_PYSTY_350.jpg 169w\" sizes=\"(max-width: 145px) 100vw, 145px\" \/>Puidu niiskuse m\u00f5\u00f5tmise valdkonnas kasutatakse s\u00f5ltuvalt pu<\/strong>idu paksusest ja tekstuurist erinevaid takistuse m\u00f5\u00f5tmise elektroode. Seega on v\u00f5imalikud saematerjali (paksus kuni 180 mm), puitlaast- ja OSB-plaatide, spoonide, hakkepuidu jms puistematerjalide t\u00e4ppism\u00f5\u00f5tmised. Automaatne temperatuurikompensatsioon korrigeerib m\u00f5\u00f5detud v\u00e4\u00e4rtusi s\u00f5ltuvalt puidu temperatuurist.<\/span><\/span><br \/>\n<strong>Mahtuvuslikku m\u00f5\u00f5tmismeetodit kasutatakse ehitusmaterjalide<\/strong>\u00a0(nt tasanduskiht, m\u00f6rt, krohv, betoon, tellis, isolatsioon ja isolatsioonimaterjalid) mittepurustavaks niiskuse m\u00f5\u00f5tmiseks. Ajas\u00e4\u00e4stlik rakendus sobib ideaalselt lekete tuvastamiseks v\u00f5i kuivamisprotsesside j\u00e4lgimiseks uusehitistes v\u00f5i renoveerimist\u00f6\u00f6de ajal.<br \/>\nT\u00e4psete niiskusprofiilide loomiseks ja ehitusmaterjalide s\u00fcgavuse m\u00f5\u00f5tmiseks on erinevate rakenduste jaoks saadaval spetsiaalsed takistuse m\u00f5\u00f5tmise elektroodid.<br \/>\n<strong>Niiskust ja \u00f5hutemperatuuri salvestatakse RF-T ja RH-T\u00a0<\/strong>seeria\u00a0 varustatud kvaliteetsete anduritega<br \/>\n<strong>Lisaks \u00f5hutemperatuurile saab m\u00f5\u00f5ta pinnat<\/strong>emperatuure (Pt100 v\u00f5i infrapuna alusel) ja materjali temperatuure (ka Pt100 alusel).<br \/>\n<strong>Koos LG-25 BL \u00f5hukiiruse\u00a0<\/strong>anduriga sobib Hydromette CH 17 ideaalselt v\u00e4ikseimate \u00f5huvoolude m\u00f5\u00f5tmiseks ning seda iseloomustab pikaajaline stabiilsus, suuna tuvastamine ja kiire kasutuselev\u00f5tt.<br \/>\nErinevates ruumirakendustes on v\u00f5imalik ka v\u00e4ga t\u00e4pne kalibreerimine vahemikus umbes 0,45 m\/s.<br \/>\nErinevate hindamis- ja salvestusv\u00f5imalustega (eriti seoses GANN Dialog Pro tarkvaraga) on seade asendamatu abivahend nt asjatundjatele. Kuid Hydromette CH 17 pakub optimaalset tuge ka k\u00f5igile teistele ehitust\u00f6\u00f6stuse kutser\u00fchmadele, kuna see katab laia valikut n\u00f5udeid.<br \/>\nTugev 3,5-tolline TFT-ekraan (eraldusv\u00f5ime 320 x 240 pikslit)<\/p>\n<p>Kaasaegne t\u00f6\u00f6kontseptsioon:<br \/>\nOperatsioon mahtuvusliku puutetundliku sisendi ja haptilise silikoonklahviga<br \/>\nOlekutuled n\u00e4itavad seadme erinevaid olekuid<br \/>\nK\u00f5igi saadaolevate rakenduste jaoks k\u00f5ik\u00fches<br \/>\nk\u00f5neleja<br \/>\nMini-USB port<br \/>\nMicro SD-kaardi pesa v\u00e4lisele m\u00e4lukaardile juurdep\u00e4\u00e4su saamiseks<br \/>\nIntegreeritud andur absoluutse \u00f5hur\u00f5hu m\u00f5\u00f5tmiseks<br \/>\nKontekstitundlik abi<br \/>\nEkraanipildi funktsioon<br \/>\nMaterjaliomased omadused 250 erinevat t\u00fc\u00fcpi puidu ja \u00fcle 20 ehitusmaterjali jaoks<br \/>\nUue GANN Dialog Pro tarkvara m\u00f5\u00f5teandmete t\u00f6\u00f6tlemine ja hindamine<\/p>\n<p>Tarkvara v\u00e4rskendused Interneti kaudu:<br \/>\nP\u00fcsivara v\u00e4rskendatakse arvutitarkvara GANN Dialog Pro abil, v\u00f5imaldades seadmesse uusi funktsioone v\u00f5i installides hoolduspakette<br \/>\nVastab standardite EN 14080: 2013 (liimitud ja lamineeritud puit) ja EN 15497: 2014 (s\u00f5rm\u00fchendusega t\u00e4ispuit) n\u00f5uetele<br \/>\nToiteallikas: 6x 1,5 V AA patareid v\u00f5i v\u00e4line toiteallikas USB kaudu (toitepanga \u00fchendamine v\u00f5imalik)<br \/>\nM\u00f5\u00f5dud: 205 [L] x 98 [W] x 35 mm [H]<\/p>\n<p><strong>Puuniiskus\u00a0\u00a0\u00a0\u00a0\u00a0\u00a0\u00a0\u00a0\u00a0\u00a0\u00a0\u00a0\u00a0\u00a0\u00a0\u00a0\u00a0\u00a0\u00a0\u00a0\u00a0\u00a0\u00a0\u00a0\u00a0\u00a0\u00a0\u00a0\u00a0\u00a0\u00a0\u00a0\u00a0\u00a0\u00a0\u00a0\u00a0\u00a0\u00a0\u00a0\u00a0\u00a0\u00a0\u00a0\u00a0\u00a0\u00a0\u00a0\u00a0\u00a0\u00a0\u00a0\u00a0\u00a0\u00a0\u00a0\u00a0\u00a0\u00a0\u00a0\u00a0 <\/strong><br \/>\nl\u00f6\u00f6kandur M 20\u00a0\u00a0\u00a0\u00a0\u00a0\u00a0\u00a0\u00a0\u00a0\u00a0\u00a0\u00a0\u00a0\u00a0\u00a0\u00a0\u00a0\u00a0\u00a0\u00a0\u00a0\u00a0\u00a0\u00a0\u00a0\u00a0\u00a0\u00a0\u00a0\u00a0\u00a0\u00a0\u00a0\u00a0\u00a0\u00a0\u00a0\u00a0\u00a0\u00a0\u00a0\u00a0\u00a0\u00a0\u00a0\u00a0\u00a0\u00a0\u00a0\u00a0\u00a0 \u00a0\u00a0\u00a0\u00a0 TF-pulk 16 K-25 M<br \/>\nvasarandur ML 20\u00a0\u00a0\u00a0\u00a0\u00a0\u00a0\u00a0\u00a0\u00a0\u00a0\u00a0\u00a0\u00a0\u00a0\u00a0\u00a0\u00a0\u00a0\u00a0\u00a0\u00a0\u00a0\u00a0\u00a0\u00a0\u00a0\u00a0\u00a0\u00a0\u00a0\u00a0\u00a0\u00a0\u00a0\u00a0\u00a0\u00a0\u00a0\u00a0\u00a0\u00a0\u00a0\u00a0\u00a0\u00a0\u00a0\u00a0\u00a0 \u00a0\u00a0\u00a0 TF-pulk 16 K-25 P<br \/>\n<strong>Ehitusniiskus\u00a0\u00a0\u00a0\u00a0\u00a0\u00a0\u00a0\u00a0\u00a0\u00a0\u00a0\u00a0\u00a0\u00a0\u00a0\u00a0\u00a0\u00a0\u00a0\u00a0\u00a0\u00a0\u00a0\u00a0\u00a0\u00a0\u00a0\u00a0\u00a0\u00a0\u00a0\u00a0\u00a0\u00a0\u00a0\u00a0\u00a0\u00a0\u00a0\u00a0\u00a0\u00a0\u00a0\u00a0\u00a0\u00a0\u00a0\u00a0\u00a0\u00a0\u00a0\u00a0\u00a0\u00a0 <\/strong><strong>Materjali temperatuur<\/strong><br \/>\nniiskuskaardistamine B 55 BL\u00a0\u00a0\u00a0\u00a0\u00a0\u00a0\u00a0\u00a0\u00a0\u00a0\u00a0\u00a0\u00a0\u00a0\u00a0\u00a0\u00a0\u00a0\u00a0\u00a0\u00a0\u00a0\u00a0\u00a0\u00a0\u00a0\u00a0 \u00a0\u00a0\u00a0\u00a0 Pistiksond ET 10 BL<br \/>\ntakistusm\u00f5\u00f5tmine paar M 21-100\u00a0 \u00a0 \u00a0 \u00a0 \u00a0 \u00a0 \u00a0 \u00a0 \u00a0 \u00a0 \u00a0 \u00a0 \u00a0\u00a0 Vedeliku v\u00f5i suitsugaasi<br \/>\ntakistusm\u00f5\u00f5tmine paar\u00a0 M 21-250\u00a0 \u00a0 \u00a0 \u00a0 \u00a0 \u00a0 \u00a0 \u00a0 \u00a0 \u00a0 \u00a0 \u00a0\u00a0\u00a0 Temperatuur TT 40 BL<br \/>\nl\u00f6\u00f6kandur M 20\u00a0 \u00a0 \u00a0 \u00a0 \u00a0 \u00a0 \u00a0 \u00a0 \u00a0 \u00a0 \u00a0 \u00a0 \u00a0 \u00a0 \u00a0 \u00a0 \u00a0 \u00a0 \u00a0 \u00a0 \u00a0 \u00a0 \u00a0 \u00a0 \u00a0 \u00a0 \u00a0 \u00a0\u00a0\u00a0 <strong>\u00d5hu kiirus<\/strong><br \/>\nPistikelektroodpaar M 6\u00a0 \u00a0 \u00a0 \u00a0 \u00a0 \u00a0 \u00a0 \u00a0 \u00a0 \u00a0 \u00a0 \u00a0 \u00a0 \u00a0 \u00a0 \u00a0 \u00a0 \u00a0 \u00a0 \u00a0 \u00a0 \u00a0sond \u00f5hu kiirus LG-25 BL<br \/>\nHarielektroodpaar M 25-100\u00a0 \u00a0 \u00a0 \u00a0 \u00a0 \u00a0 \u00a0 \u00a0 \u00a0 \u00a0 \u00a0 \u00a0 \u00a0 \u00a0 \u00a0 \u00a0 \u00a0\u00a0 P<strong>inna temperatuur<\/strong><br \/>\nHarielektroodpaar M 25-300\u00a0\u00a0 \u00a0 \u00a0 \u00a0 \u00a0 \u00a0 \u00a0 \u00a0 \u00a0 \u00a0 \u00a0 \u00a0 \u00a0 \u00a0 \u00a0 \u00a0\u00a0 sond InfraPuna TF-IR BL<br \/>\nsond OT 100 BL<br \/>\n<strong>\u00d5huniiskus\u00a0 \u00a0 \u00a0 \u00a0 \u00a0 \u00a0 \u00a0 \u00a0 \u00a0 \u00a0 \u00a0 \u00a0 \u00a0 \u00a0 \u00a0 \u00a0 \u00a0 \u00a0 \u00a0 \u00a0 \u00a0 \u00a0 \u00a0 \u00a0 \u00a0 \u00a0 \u00a0 \u00a0 \u00a0 \u00a0 <\/strong><strong>Muud tarvikud<\/strong><br \/>\nsond TF-IR BL\u00a0\u00a0\u00a0\u00a0\u00a0\u00a0\u00a0\u00a0\u00a0\u00a0\u00a0\u00a0\u00a0\u00a0\u00a0\u00a0\u00a0\u00a0\u00a0\u00a0\u00a0\u00a0\u00a0\u00a0\u00a0\u00a0\u00a0\u00a0\u00a0\u00a0\u00a0\u00a0\u00a0\u00a0\u00a0\u00a0\u00a0\u00a0\u00a0\u00a0\u00a0\u00a0\u00a0\u00a0\u00a0\u00a0\u00a0\u00a0\u00a0\u00a0\u00a0\u00a0\u00a0\u00a0\u00a0\u00a0\u00a0\u00a0\u00a0 \u00dchenduskaabel MK 18<br \/>\nsond RH-T 37 BL 160\u00a0 \u00a0 \u00a0 \u00a0 \u00a0 \u00a0 \u00a0 \u00a0 \u00a0 \u00a0 \u00a0 \u00a0 \u00a0 \u00a0 \u00a0 \u00a0 \u00a0 \u00a0 \u00a0 \u00a0 \u00a0 \u00a0 \u00a0\u00a0\u00a0 \u00dchenduskaabel MK 26<br \/>\nsond RH-T 37 BL 320\u00a0 \u00a0 \u00a0 \u00a0 \u00a0 \u00a0 \u00a0 \u00a0 \u00a0 \u00a0 \u00a0 \u00a0 \u00a0 \u00a0 \u00a0 \u00a0 \u00a0 \u00a0 \u00a0 \u00a0 \u00a0 \u00a0 \u00a0\u00a0\u00a0 Varustepaketti M 20-DS 16-i<br \/>\nsond RH-T 37 BL flex 250\u00a0\u00a0\u00a0\u00a0\u00a0\u00a0\u00a0\u00a0\u00a0\u00a0\u00a0\u00a0\u00a0\u00a0\u00a0\u00a0\u00a0\u00a0\u00a0\u00a0\u00a0\u00a0\u00a0\u00a0\u00a0\u00a0\u00a0\u00a0\u00a0\u00a0\u00a0\u00a0\u00a0\u00a0\u00a0 \u00a0\u00a0\u00a0 Teleskoophaara BL-EL<br \/>\nsond RH-T 37 BL flex 350\u00a0\u00a0\u00a0\u00a0\u00a0\u00a0\u00a0\u00a0\u00a0\u00a0\u00a0\u00a0\u00a0\u00a0\u00a0\u00a0\u00a0\u00a0\u00a0\u00a0\u00a0\u00a0\u00a0\u00a0\u00a0\u00a0\u00a0\u00a0\u00a0\u00a0\u00a0\u00a0\u00a0\u00a0\u00a0 \u00a0\u00a0\u00a0 Testklots puu<br \/>\nsond RF-T 28 BL\u00a0\u00a0\u00a0\u00a0\u00a0\u00a0\u00a0\u00a0\u00a0\u00a0\u00a0\u00a0\u00a0\u00a0\u00a0\u00a0\u00a0\u00a0\u00a0\u00a0\u00a0\u00a0\u00a0\u00a0\u00a0\u00a0\u00a0\u00a0\u00a0\u00a0\u00a0\u00a0\u00a0\u00a0\u00a0\u00a0\u00a0\u00a0\u00a0\u00a0\u00a0\u00a0\u00a0\u00a0\u00a0\u00a0\u00a0\u00a0\u00a0\u00a0\u00a0 \u00a0\u00a0\u00a0 Testklots materjali<br \/>\nTF-pulk 16 K-21\u00a0\u00a0\u00a0\u00a0\u00a0\u00a0\u00a0\u00a0\u00a0\u00a0\u00a0\u00a0\u00a0\u00a0\u00a0\u00a0\u00a0\u00a0\u00a0\u00a0\u00a0\u00a0\u00a0\u00a0\u00a0\u00a0\u00a0\u00a0\u00a0\u00a0\u00a0\u00a0\u00a0\u00a0\u00a0\u00a0\u00a0\u00a0\u00a0\u00a0\u00a0\u00a0\u00a0\u00a0\u00a0\u00a0\u00a0\u00a0\u00a0\u00a0\u00a0\u00a0 \u00a0\u00a0\u00a0\u00a0 \u00dchenduskaabel MK 8<br \/>\nTF-pulk 16 K-25<\/p>\n<p>&nbsp;<\/p>\n<p><span class=\"tlid-translation translation\" lang=\"et\"><a href=\"https:\/\/www.gann.de\/_Resources\/Persistent\/6d911a9e8fb8adeb868392b2e67135fa080c18ed\/CH_17_V1.1_EN.pdf\"><strong>Link: kasutusjuhend inglise keeles<\/strong><\/a><\/span><\/p>\n","protected":false},"excerpt":{"rendered":"<p><b>Hydromette<\/b><b> CH 17<\/b> on multifunktsionaalne m\u00f5\u00f5teseade puidu, hoone ja \u00f5huniiskuse ning temperatuuri ja \u00f5hu liikumise kiiruse m\u00f5\u00f5tmiseks. Tugev puuteekraan koos kaasaegsete hindamis- ja salvestusv\u00f5imalustega v\u00f5imaldab t\u00e4iesti uusi valikuv\u00f5imalusi.<\/p>","protected":false},"featured_media":634,"comment_status":"open","ping_status":"closed","template":"","meta":[],"product_brand":[],"product_cat":[17],"product_tag":[],"class_list":{"0":"post-632","1":"product","2":"type-product","3":"status-publish","4":"has-post-thumbnail","6":"product_cat-puu-ja-energia-niiskusmooturid-niiskus-ja-temperatuur","8":"first","9":"instock","10":"taxable","11":"shipping-taxable","12":"purchasable","13":"product-type-simple"},"jetpack-related-posts":[],"jetpack_sharing_enabled":true,"_links":{"self":[{"href":"https:\/\/atsotamm.com\/fi\/wp-json\/wp\/v2\/product\/632","targetHints":{"allow":["GET"]}}],"collection":[{"href":"https:\/\/atsotamm.com\/fi\/wp-json\/wp\/v2\/product"}],"about":[{"href":"https:\/\/atsotamm.com\/fi\/wp-json\/wp\/v2\/types\/product"}],"replies":[{"embeddable":true,"href":"https:\/\/atsotamm.com\/fi\/wp-json\/wp\/v2\/comments?post=632"}],"version-history":[{"count":3,"href":"https:\/\/atsotamm.com\/fi\/wp-json\/wp\/v2\/product\/632\/revisions"}],"predecessor-version":[{"id":1585,"href":"https:\/\/atsotamm.com\/fi\/wp-json\/wp\/v2\/product\/632\/revisions\/1585"}],"wp:featuredmedia":[{"embeddable":true,"href":"https:\/\/atsotamm.com\/fi\/wp-json\/wp\/v2\/media\/634"}],"wp:attachment":[{"href":"https:\/\/atsotamm.com\/fi\/wp-json\/wp\/v2\/media?parent=632"}],"wp:term":[{"taxonomy":"product_brand","embeddable":true,"href":"https:\/\/atsotamm.com\/fi\/wp-json\/wp\/v2\/product_brand?post=632"},{"taxonomy":"product_cat","embeddable":true,"href":"https:\/\/atsotamm.com\/fi\/wp-json\/wp\/v2\/product_cat?post=632"},{"taxonomy":"product_tag","embeddable":true,"href":"https:\/\/atsotamm.com\/fi\/wp-json\/wp\/v2\/product_tag?post=632"}],"curies":[{"name":"wp","href":"https:\/\/api.w.org\/{rel}","templated":true}]}}