{"id":628,"date":"2023-08-16T16:05:09","date_gmt":"2023-08-16T16:05:09","guid":{"rendered":"https:\/\/atsotamm.com\/?post_type=product&#038;p=628"},"modified":"2025-03-05T13:07:30","modified_gmt":"2025-03-05T13:07:30","slug":"gann-h-40-puuniiskus","status":"publish","type":"product","link":"https:\/\/atsotamm.com\/fi\/product\/gann-h-40-puuniiskus\/","title":{"rendered":"GANN H 40 PUUN KOSTEUS"},"content":{"rendered":"<p class=\"translation-block\"><strong>BL H 40 Puun ja materiaalin kosteus<\/strong><br>\nSuuri LCD-n\u00e4ytt\u00f6 Puun kosteuden mittausalue: 5 - 40 %\nTarkkuus\u00a0\u00a0\u00a0\u00a0\u00a0\u00a0\u00a0\u00a0\u00a0\u00a0\u00a0\u00a0\u00a0\u00a0\u00a0\u00a0\u00a0\u00a0\u00a0\u00a0\u00a0\u00a0\u00a0\u00a0\u00a00,1 %\u00a0\u00a0\u00a0\u00a0Puulajien haku: puulajit jaettu nelj\u00e4\u00e4n kategoriaan<br>\nPuulajit yli\u00a0\u00a0\u00a0\u00a0\u00a0\u00a0\u00a0\u00a0\u00a0\u00a0\u00a0\u00a0\u00a0\u00a0300\u00a0\u00a0\u00a0\u00a0\u00a0\u00a0\u00a0\u00a0\u00a0Max. mittapaksuus: 180 mm\nAutomaattisesti kalibroiva l\u00e4mp\u00f6tilakompensointi -10 \u00baC - + 40 \u00baC<br>\nMin-, Max- ja Hold-Funktio\u00a0\u00a0\u00a0\u00a0\u00a0\u00a0\u00a0\u00a0\u00a0\u00a0 Mahdollisuus seurata kuivausprosessia<br>\nMuisti: 5 per\u00e4kk\u00e4ist\u00e4 mittausta<span style=\"font-size: medium\">Virtal\u00e4hde 9 V akku tai akku<\/span><br>\nMitat: pituus 180 mm x leveys x 115 mm x paksuus 53 mm\n<strong>Anturit ja muut lis\u00e4varusteet (linkist\u00e4):<\/strong> <strong>liit\u00e4nt\u00e4kaapeli<\/strong> - <strong>iskuvasara<\/strong> - <strong>eripituiset elektrodit<\/strong> -  pieni matkalaukku<br>\nLinkit:<\/strong><strong>J\u00e4nt\u00e4elektrodi ML20<\/strong> - <strong>eristetty elektrodi L= 40 mm 10 kpl<\/strong> - <strong>vasaran p\u00e4\u00e4<\/strong> - <strong>p\u00e4\u00e4tymutterit<\/strong> strong&gt; \u2013 <strong>kaapeli (Gann)<\/strong> \u2013 <strong>kaapeli (Trotec)<\/strong><br>\n<strong><a href=\"https:\/\/www.gann.de\/_Resources\/Persistent\/3bec5b950ce30ab9ca22213f1fb962c5a78866da\/BL_H40_HT70_V2.2_EN.pdf\" target=\"_self\">Linkki: H40- ja HT-ohjeet englanniksi<\/a>\n<a href=\"https:\/\/www.gann.de\/_Resources\/Persistent\/dfde6f4b0eed26cce5c982a5c916c025d72b5d48\/BL_H40_HT70_V2.0_RU.pdf\" target=\"_self\">\u0421\u0441\u044b\u043b\u043a\u0430: H74HT0 \u0438\u043d\u0441\u0442\u0440\u0443\u043a\u043e \u0440\u0443\u0441\u0441\u043a\u043e\u043c \u044f\u0437\u044b\u043a\u0435<\/a><\/strong><\/p>","protected":false},"excerpt":{"rendered":"<p>H 40 puuniiskusm\u00f5\u00f5tmiseks &#8211;\u00a0 Temperatuuri kompenseerimine -10 \u00baC &#8211; + 40 \u00baC.<\/p>","protected":false},"featured_media":629,"comment_status":"open","ping_status":"closed","template":"","meta":[],"product_brand":[],"product_cat":[17],"product_tag":[],"class_list":{"0":"post-628","1":"product","2":"type-product","3":"status-publish","4":"has-post-thumbnail","6":"product_cat-puu-ja-energia-niiskusmooturid-niiskus-ja-temperatuur","8":"first","9":"instock","10":"taxable","11":"shipping-taxable","12":"purchasable","13":"product-type-simple"},"jetpack-related-posts":[],"jetpack_sharing_enabled":true,"_links":{"self":[{"href":"https:\/\/atsotamm.com\/fi\/wp-json\/wp\/v2\/product\/628","targetHints":{"allow":["GET"]}}],"collection":[{"href":"https:\/\/atsotamm.com\/fi\/wp-json\/wp\/v2\/product"}],"about":[{"href":"https:\/\/atsotamm.com\/fi\/wp-json\/wp\/v2\/types\/product"}],"replies":[{"embeddable":true,"href":"https:\/\/atsotamm.com\/fi\/wp-json\/wp\/v2\/comments?post=628"}],"version-history":[{"count":1,"href":"https:\/\/atsotamm.com\/fi\/wp-json\/wp\/v2\/product\/628\/revisions"}],"predecessor-version":[{"id":1528,"href":"https:\/\/atsotamm.com\/fi\/wp-json\/wp\/v2\/product\/628\/revisions\/1528"}],"wp:featuredmedia":[{"embeddable":true,"href":"https:\/\/atsotamm.com\/fi\/wp-json\/wp\/v2\/media\/629"}],"wp:attachment":[{"href":"https:\/\/atsotamm.com\/fi\/wp-json\/wp\/v2\/media?parent=628"}],"wp:term":[{"taxonomy":"product_brand","embeddable":true,"href":"https:\/\/atsotamm.com\/fi\/wp-json\/wp\/v2\/product_brand?post=628"},{"taxonomy":"product_cat","embeddable":true,"href":"https:\/\/atsotamm.com\/fi\/wp-json\/wp\/v2\/product_cat?post=628"},{"taxonomy":"product_tag","embeddable":true,"href":"https:\/\/atsotamm.com\/fi\/wp-json\/wp\/v2\/product_tag?post=628"}],"curies":[{"name":"wp","href":"https:\/\/api.w.org\/{rel}","templated":true}]}}