{"id":625,"date":"2023-08-16T16:02:58","date_gmt":"2023-08-16T16:02:58","guid":{"rendered":"https:\/\/atsotamm.com\/?post_type=product&#038;p=625"},"modified":"2025-03-05T13:08:46","modified_gmt":"2025-03-05T13:08:46","slug":"gann-ht-85t-ja-pakend-kuivatuskambri-niiskusmootja","status":"publish","type":"product","link":"https:\/\/atsotamm.com\/fi\/product\/gann-ht-85t-ja-pakend-kuivatuskambri-niiskusmootja\/","title":{"rendered":"GANN HT 85 T KOSTEUSMITTARI - Kuivaamo"},"content":{"rendered":"<p class=\"translation-block\"><strong><img class=\"size-medium wp-image-627 alignleft\" src=\"https:\/\/atsotamm.com\/wp-content\/uploads\/2023\/08\/Gann_HT_85_T_kambri-300x174.jpg\" alt=\"\" width=\"300\" height=\"174\">Paketti 1.<\/strong> HT 85 T - liit\u00e4nt\u00e4kaapeli - Mittausanturi - Tefl.ML20 erist\u00e4\u00e4. elektrodi L= 40 mm 10 kappaletta<br>\npyyd\u00e4 tarjous<\/p>\n<p class=\"translation-block\"><strong>Paketti 2<\/strong>. HT 85 T ja kuivauskammion kosteuspiste ja kammion puu!<br>\nPyyd\u00e4 tarjous<\/p>\n<p class=\"translation-block\">Puun kosteuspitoisuuden mittausalue 4 % - 100 % L\u00e4mp\u00f6tila (anturi pl 100) -50 \u00baC - +199,9 \u00baC<br>\nTarkkuus 0,1 % Puulajihaku, puulajit jaettu 4 kategoriaan\nYli 300 puulajia L\u00e4mp\u00f6tilan kompensointivy\u00f6hyke -10\u00baC - +90\u00baC<br>\nMaksimimittauspaksuus 180 mm Automaattinen kalibrointi\nMitat: Korkeus 180 mm, Leveys 115 mm, Paksuus 53 mm, Akku 9 V, valinnainen 9 V Ni-Cd akku<br>\nLinkit: <strong>Ram hammer ML 20, <a href=\"https:\/\/www.atsotamm.ee\/ee\/ws\/7\/16\/ehitus+ja+puu+lisaseeddt\/gann+kabel+mk+8+m dik++hammer.html\" target=\"_self\">kaapeli,<\/a> suojatut elektrodit L= 45\/20 mm, ohjauslohko (puuta)<\/strong><br>\n<a href=\"https:\/\/www.gann.de\/_Resources\/Persistent\/1cec46c203ba1a08d092bb3d0e5a4f7c068877eb\/HT85T_EN.pdf\" target=\"_self\"><strong>Linkki: K\u00e4ytt\u00f6opas englanniksi<\/strong><\/a>\u00a0\u2013\u00a0<a href=\"https:\/\/www.gann.de\/_Resources\/Persistent\/5bd8e7a2b2ac3f1a387d8ffd1c5a015195d415ca\/HT85T_RU.pdf\" target=\"_self\"><strong>\u0421\u0441\u044b\u043b\u043a\u0430: \u0438\u043d\u0441\u0442\u0440\u0443\u043a\u0446\u0438\u044f \u043f\u043e \u043f\u0440\u0438\u043c\u0441\u0440\u0438\u044f \u043f\u043e \u043f\u043e <\/a><\/p>","protected":false},"excerpt":{"rendered":"<p>HT 85 T saeveskid, puu: niiskus, temperatuur kompensatio maks. 90 \u00baC, tasakaaluniiskus.<\/p>","protected":false},"featured_media":627,"comment_status":"open","ping_status":"closed","template":"","meta":[],"product_brand":[],"product_cat":[17],"product_tag":[],"class_list":{"0":"post-625","1":"product","2":"type-product","3":"status-publish","4":"has-post-thumbnail","6":"product_cat-puu-ja-energia-niiskusmooturid-niiskus-ja-temperatuur","8":"first","9":"instock","10":"taxable","11":"shipping-taxable","12":"purchasable","13":"product-type-simple"},"jetpack-related-posts":[],"jetpack_sharing_enabled":true,"_links":{"self":[{"href":"https:\/\/atsotamm.com\/fi\/wp-json\/wp\/v2\/product\/625","targetHints":{"allow":["GET"]}}],"collection":[{"href":"https:\/\/atsotamm.com\/fi\/wp-json\/wp\/v2\/product"}],"about":[{"href":"https:\/\/atsotamm.com\/fi\/wp-json\/wp\/v2\/types\/product"}],"replies":[{"embeddable":true,"href":"https:\/\/atsotamm.com\/fi\/wp-json\/wp\/v2\/comments?post=625"}],"version-history":[{"count":1,"href":"https:\/\/atsotamm.com\/fi\/wp-json\/wp\/v2\/product\/625\/revisions"}],"predecessor-version":[{"id":1529,"href":"https:\/\/atsotamm.com\/fi\/wp-json\/wp\/v2\/product\/625\/revisions\/1529"}],"wp:featuredmedia":[{"embeddable":true,"href":"https:\/\/atsotamm.com\/fi\/wp-json\/wp\/v2\/media\/627"}],"wp:attachment":[{"href":"https:\/\/atsotamm.com\/fi\/wp-json\/wp\/v2\/media?parent=625"}],"wp:term":[{"taxonomy":"product_brand","embeddable":true,"href":"https:\/\/atsotamm.com\/fi\/wp-json\/wp\/v2\/product_brand?post=625"},{"taxonomy":"product_cat","embeddable":true,"href":"https:\/\/atsotamm.com\/fi\/wp-json\/wp\/v2\/product_cat?post=625"},{"taxonomy":"product_tag","embeddable":true,"href":"https:\/\/atsotamm.com\/fi\/wp-json\/wp\/v2\/product_tag?post=625"}],"curies":[{"name":"wp","href":"https:\/\/api.w.org\/{rel}","templated":true}]}}