{"id":622,"date":"2023-08-16T16:00:29","date_gmt":"2023-08-16T16:00:29","guid":{"rendered":"https:\/\/atsotamm.com\/?post_type=product&#038;p=622"},"modified":"2025-03-05T13:10:22","modified_gmt":"2025-03-05T13:10:22","slug":"gann-hydromette-compact-s","status":"publish","type":"product","link":"https:\/\/atsotamm.com\/fi\/product\/gann-hydromette-compact-s\/","title":{"rendered":"GANN hydromette compact S kosteusmittari  polttopuu"},"content":{"rendered":"<p class=\"translation-block\"><img class=\"size-medium wp-image-623 alignleft\" src=\"https:\/\/atsotamm.com\/wp-content\/uploads\/2023\/08\/Juhend-245x300.jpg\" alt=\" \" width=\"245\" height=\"300\">S\u00e4hk\u00f6vastuksen mittausperiaate<br>\nSek\u00e4 havu- ett\u00e4 lehtipuun kosteuspitoisuuden mittaamiseen<br>\nMitattavan puun paksuus on enint\u00e4\u00e4n 30 mm<br>\nN\u00e4yt\u00f6ss\u00e4 on kolme numeroa<br>\nMittausalue 10% - 50%<br>\nMitat: korkeus 200 mm x leveys 35 mm x paksuus 35 mm\nAkku\u00a0\u00a0\u00a0\u00a0\u00a0\u00a0\u00a0\u00a0\u00a0\u00a0 9 V, valinnainen 9 V Ni-Cd-akku<br>\nPaino\u00a0\u00a0\u00a0\u00a0\u00a0\u00a0\u00a0\u00a0\u00a0\u00a0\u00a0\u00a0\u00a0 130 g<br>\n<a href=\"https:\/\/www.gann.de\/_Resources\/Persistent\/bcac65c781930af7fbe20936e660f112f306e9fb\/Compact_S_EN.pdf\" target=\"_self\"><strong>Linkki: englanninkielinen k\u00e4ytt\u00f6ohje<\/strong><\/a><br>\n<a href=\"https:\/\/www.gann.de\/_Resources\/Persistent\/e0f9a7f90944335a5f972ea9851a951a9af534e9\/Compact_S_RU.pdf\" target=\"_self\">\u0421<\/a><a href=\"https:\/\/www.gann.de \/_Resources\/Persistent\/e0f9a7f90944335a5f972ea9851a951a9af534e9\/Compact_S_RU.pdf\" target=\"_self\"><strong>\u0441\u044b\u043b\u043a\u0430: \u0438\u043d\u0441\u0442\u0440\u0443\u043a\u0446\u0438\u044f \u043f\u043e \u043f\u0440\u0438\u043c\u0435\u043d\u0435\u0440\u0443\u0441\u044b&gt;<\/strong> \u043f\u043e \u043f\u0440\u0438\u043c\u0435\u043d\u0435\u0440\u0443\u0441\u044b&gt;<\/p>","protected":false},"excerpt":{"rendered":"<p>Hydromette Compact S k\u00fcttepuuniiskus<\/p>","protected":false},"featured_media":624,"comment_status":"open","ping_status":"closed","template":"","meta":[],"product_brand":[],"product_cat":[17],"product_tag":[],"class_list":{"0":"post-622","1":"product","2":"type-product","3":"status-publish","4":"has-post-thumbnail","6":"product_cat-puu-ja-energia-niiskusmooturid-niiskus-ja-temperatuur","8":"first","9":"instock","10":"taxable","11":"shipping-taxable","12":"purchasable","13":"product-type-simple"},"jetpack-related-posts":[],"jetpack_sharing_enabled":true,"_links":{"self":[{"href":"https:\/\/atsotamm.com\/fi\/wp-json\/wp\/v2\/product\/622","targetHints":{"allow":["GET"]}}],"collection":[{"href":"https:\/\/atsotamm.com\/fi\/wp-json\/wp\/v2\/product"}],"about":[{"href":"https:\/\/atsotamm.com\/fi\/wp-json\/wp\/v2\/types\/product"}],"replies":[{"embeddable":true,"href":"https:\/\/atsotamm.com\/fi\/wp-json\/wp\/v2\/comments?post=622"}],"version-history":[{"count":1,"href":"https:\/\/atsotamm.com\/fi\/wp-json\/wp\/v2\/product\/622\/revisions"}],"predecessor-version":[{"id":1530,"href":"https:\/\/atsotamm.com\/fi\/wp-json\/wp\/v2\/product\/622\/revisions\/1530"}],"wp:featuredmedia":[{"embeddable":true,"href":"https:\/\/atsotamm.com\/fi\/wp-json\/wp\/v2\/media\/624"}],"wp:attachment":[{"href":"https:\/\/atsotamm.com\/fi\/wp-json\/wp\/v2\/media?parent=622"}],"wp:term":[{"taxonomy":"product_brand","embeddable":true,"href":"https:\/\/atsotamm.com\/fi\/wp-json\/wp\/v2\/product_brand?post=622"},{"taxonomy":"product_cat","embeddable":true,"href":"https:\/\/atsotamm.com\/fi\/wp-json\/wp\/v2\/product_cat?post=622"},{"taxonomy":"product_tag","embeddable":true,"href":"https:\/\/atsotamm.com\/fi\/wp-json\/wp\/v2\/product_tag?post=622"}],"curies":[{"name":"wp","href":"https:\/\/api.w.org\/{rel}","templated":true}]}}