{"id":619,"date":"2023-08-16T15:58:49","date_gmt":"2023-08-16T15:58:49","guid":{"rendered":"https:\/\/atsotamm.com\/?post_type=product&#038;p=619"},"modified":"2025-02-28T14:46:05","modified_gmt":"2025-02-28T14:46:05","slug":"merlin-evo-sm","status":"publish","type":"product","link":"https:\/\/atsotamm.com\/fi\/product\/merlin-evo-sm\/","title":{"rendered":"Merlin EVO SM kosteusmittari"},"content":{"rendered":"<p class=\"translation-block\"><strong><img class=\"size-medium wp-image-620 alignleft\" src=\"https:\/\/atsotamm.com\/wp-content\/uploads\/2023\/08\/evo_sm_400-185x300.jpg\" alt=\"\" width=\"185\" height=\"300\">Puun kosteusmittari EVO SM<\/strong><br>\nTukeva kotelo - Puun kosteuden ja l\u00e4mp\u00f6tilan mittaus - Esiohjelmoitu 21 puuryhm\u00e4\u00e4<br>\nPuun kosteuspitoisuuden lukema, mukaan lukien arvosana, l\u00e4mp\u00f6tila (\u00b0C \/ \u00b0F), puun v\u00e4himm\u00e4ispaksuus, kuivapaino ja puuryhm\u00e4<br>\nPuulajin tai kuivatiheyden valinta<br>\nKalibrointitoiminto ja kalibrointitodistus<br>\nMitatun arvon tallennustoiminto<br>\nValaistu n\u00e4ytt\u00f6<br>\nAutomaattinen sammutus ja akun hallinta<br>\nSis\u00e4lt\u00e4\u00e4 kumikannen, pehme\u00e4n kotelon ja 4 kpl 1,5 V AA-alkaliparistoa<br>\n<strong>Teknologia<\/strong><br>\nTiheysalue 175 - 1075 kg\/m\u00b3 (puulajien keskim\u00e4\u00e4r\u00e4inen tiheys)<br>\nMittaussyvyys 40 mm (min paksuus 25 mm)<br>\nValikkokielet: saksa, englanti, ranska, espanja, portugali, tsekki, ven\u00e4j\u00e4, italia,<br>\nPuolalainen + numeroitu valikon navigointi<br>\nPaino 260 g - Koko (P x L x K) 145 x 74 x 31 mm<br>\nPuun kosteuden mittausalue 2 - 99 %<br>\nL\u00e4mp\u00f6tilan n\u00e4ytt\u00f6 -10 - +60 \u00b0C - K\u00e4ytt\u00f6l\u00e4mp\u00f6tila-alue 0 - +40 \u00b0C - S\u00e4ilytysl\u00e4mp\u00f6tila -20 - +60 \u00b0C<\/p>","protected":false},"excerpt":{"rendered":"<p>Puidu niiskusm\u00f5\u00f5tur EVO SM:\u00a0ka kareda pinnaga puittoodetele &#8211;\u00a0Hea m\u00f5\u00f5tmist\u00e4psus: umbes +\/- 1% &#8211;\u00a0\u00a0kalibreeritud vastavalt DIN standardile &#8211;\u00a0M\u00f5\u00f5tmine ei kahjusta pinda<\/p>","protected":false},"featured_media":621,"comment_status":"open","ping_status":"closed","template":"","meta":[],"product_brand":[],"product_cat":[17],"product_tag":[],"class_list":{"0":"post-619","1":"product","2":"type-product","3":"status-publish","4":"has-post-thumbnail","6":"product_cat-puu-ja-energia-niiskusmooturid-niiskus-ja-temperatuur","8":"first","9":"instock","10":"taxable","11":"shipping-taxable","12":"purchasable","13":"product-type-simple"},"jetpack-related-posts":[],"jetpack_sharing_enabled":true,"_links":{"self":[{"href":"https:\/\/atsotamm.com\/fi\/wp-json\/wp\/v2\/product\/619","targetHints":{"allow":["GET"]}}],"collection":[{"href":"https:\/\/atsotamm.com\/fi\/wp-json\/wp\/v2\/product"}],"about":[{"href":"https:\/\/atsotamm.com\/fi\/wp-json\/wp\/v2\/types\/product"}],"replies":[{"embeddable":true,"href":"https:\/\/atsotamm.com\/fi\/wp-json\/wp\/v2\/comments?post=619"}],"version-history":[{"count":1,"href":"https:\/\/atsotamm.com\/fi\/wp-json\/wp\/v2\/product\/619\/revisions"}],"predecessor-version":[{"id":1531,"href":"https:\/\/atsotamm.com\/fi\/wp-json\/wp\/v2\/product\/619\/revisions\/1531"}],"wp:featuredmedia":[{"embeddable":true,"href":"https:\/\/atsotamm.com\/fi\/wp-json\/wp\/v2\/media\/621"}],"wp:attachment":[{"href":"https:\/\/atsotamm.com\/fi\/wp-json\/wp\/v2\/media?parent=619"}],"wp:term":[{"taxonomy":"product_brand","embeddable":true,"href":"https:\/\/atsotamm.com\/fi\/wp-json\/wp\/v2\/product_brand?post=619"},{"taxonomy":"product_cat","embeddable":true,"href":"https:\/\/atsotamm.com\/fi\/wp-json\/wp\/v2\/product_cat?post=619"},{"taxonomy":"product_tag","embeddable":true,"href":"https:\/\/atsotamm.com\/fi\/wp-json\/wp\/v2\/product_tag?post=619"}],"curies":[{"name":"wp","href":"https:\/\/api.w.org\/{rel}","templated":true}]}}