{"id":616,"date":"2023-08-16T15:56:54","date_gmt":"2023-08-16T15:56:54","guid":{"rendered":"https:\/\/atsotamm.com\/?post_type=product&#038;p=616"},"modified":"2025-02-28T14:47:05","modified_gmt":"2025-02-28T14:47:05","slug":"merlin-hm-9-ws1-niiskusmootja","status":"publish","type":"product","link":"https:\/\/atsotamm.com\/fi\/product\/merlin-hm-9-ws1-niiskusmootja\/","title":{"rendered":"MERLIN HM 9 WS1 KOSTEUSMITTARI"},"content":{"rendered":"<p><img fetchpriority=\"high\" decoding=\"async\" class=\"alignnone wp-image-617\" src=\"https:\/\/atsotamm.com\/wp-content\/uploads\/2023\/08\/HM9_WS1-300x300.jpg\" alt=\"\" width=\"693\" height=\"693\" srcset=\"https:\/\/atsotamm.com\/wp-content\/uploads\/2023\/08\/HM9_WS1-300x300.jpg 300w, https:\/\/atsotamm.com\/wp-content\/uploads\/2023\/08\/HM9_WS1-150x150.jpg 150w, https:\/\/atsotamm.com\/wp-content\/uploads\/2023\/08\/HM9_WS1-600x601.jpg 600w, https:\/\/atsotamm.com\/wp-content\/uploads\/2023\/08\/HM9_WS1-100x100.jpg 100w, https:\/\/atsotamm.com\/wp-content\/uploads\/2023\/08\/HM9_WS1.jpg 628w\" sizes=\"(max-width: 693px) 100vw, 693px\" \/><\/p>","protected":false},"excerpt":{"rendered":"<p>Mudel HM9 &#8211; WS 1\u00a0 h\u00f6\u00f6veldatud ja \/ v\u00f5i lihvitud puu. M\u00f5\u00f5tmine ei j\u00e4ta j\u00e4lgi ja m\u00f5\u00f5ta saab ka liikumise ajal<\/p>","protected":false},"featured_media":618,"comment_status":"open","ping_status":"closed","template":"","meta":[],"product_brand":[],"product_cat":[17],"product_tag":[],"class_list":{"0":"post-616","1":"product","2":"type-product","3":"status-publish","4":"has-post-thumbnail","6":"product_cat-puu-ja-energia-niiskusmooturid-niiskus-ja-temperatuur","8":"first","9":"instock","10":"taxable","11":"shipping-taxable","12":"purchasable","13":"product-type-simple"},"jetpack-related-posts":[],"jetpack_sharing_enabled":true,"_links":{"self":[{"href":"https:\/\/atsotamm.com\/fi\/wp-json\/wp\/v2\/product\/616","targetHints":{"allow":["GET"]}}],"collection":[{"href":"https:\/\/atsotamm.com\/fi\/wp-json\/wp\/v2\/product"}],"about":[{"href":"https:\/\/atsotamm.com\/fi\/wp-json\/wp\/v2\/types\/product"}],"replies":[{"embeddable":true,"href":"https:\/\/atsotamm.com\/fi\/wp-json\/wp\/v2\/comments?post=616"}],"version-history":[{"count":1,"href":"https:\/\/atsotamm.com\/fi\/wp-json\/wp\/v2\/product\/616\/revisions"}],"predecessor-version":[{"id":1532,"href":"https:\/\/atsotamm.com\/fi\/wp-json\/wp\/v2\/product\/616\/revisions\/1532"}],"wp:featuredmedia":[{"embeddable":true,"href":"https:\/\/atsotamm.com\/fi\/wp-json\/wp\/v2\/media\/618"}],"wp:attachment":[{"href":"https:\/\/atsotamm.com\/fi\/wp-json\/wp\/v2\/media?parent=616"}],"wp:term":[{"taxonomy":"product_brand","embeddable":true,"href":"https:\/\/atsotamm.com\/fi\/wp-json\/wp\/v2\/product_brand?post=616"},{"taxonomy":"product_cat","embeddable":true,"href":"https:\/\/atsotamm.com\/fi\/wp-json\/wp\/v2\/product_cat?post=616"},{"taxonomy":"product_tag","embeddable":true,"href":"https:\/\/atsotamm.com\/fi\/wp-json\/wp\/v2\/product_tag?post=616"}],"curies":[{"name":"wp","href":"https:\/\/api.w.org\/{rel}","templated":true}]}}