{"id":610,"date":"2023-08-16T15:26:12","date_gmt":"2023-08-16T15:26:12","guid":{"rendered":"https:\/\/atsotamm.com\/?post_type=product&#038;p=610"},"modified":"2025-02-28T14:51:43","modified_gmt":"2025-02-28T14:51:43","slug":"delmhorst-niiskusmootja-rdm-3-pakend","status":"publish","type":"product","link":"https:\/\/atsotamm.com\/fi\/product\/delmhorst-niiskusmootja-rdm-3-pakend\/","title":{"rendered":"DELMHORST KOSTEUSMITTARI RDM 3 PAKETTI"},"content":{"rendered":"<p><img fetchpriority=\"high\" decoding=\"async\" class=\"size-medium wp-image-611 alignleft\" src=\"https:\/\/atsotamm.com\/wp-content\/uploads\/2023\/08\/RDM_3_paketti-300x300.jpg\" alt=\"\" width=\"300\" height=\"300\" srcset=\"https:\/\/atsotamm.com\/wp-content\/uploads\/2023\/08\/RDM_3_paketti-300x300.jpg 300w, https:\/\/atsotamm.com\/wp-content\/uploads\/2023\/08\/RDM_3_paketti-150x150.jpg 150w, https:\/\/atsotamm.com\/wp-content\/uploads\/2023\/08\/RDM_3_paketti-100x100.jpg 100w, https:\/\/atsotamm.com\/wp-content\/uploads\/2023\/08\/RDM_3_paketti.jpg 350w\" sizes=\"(max-width: 300px) 100vw, 300px\" \/>MC vahemik 5\u201360% (Douglas Fir)<br \/>\nPuiduliikide parandused 69 liigile<br \/>\nTemperatuuri kompenseerimine vahemikus -18\u00b0 kuni 124\u00b0C<br \/>\nT\u00f6\u00f6temperatuur -20\u00b0 kuni 70\u00b0C<br \/>\nArvesti peale paigaldatud integreeritud kontakttihvtid \u2013 5\/16\u201d l\u00e4bim\u00f5\u00f5t<br \/>\nV\u00e4lise elektroodi pistik<br \/>\nIga salvestatud n\u00e4idu kuup\u00e4eva- ja kellaajatempel<br \/>\nT\u00f6\u00f6r\u00fchmad \u2013 kuni 98<br \/>\ninglise, prantsuse ja saksa keele valikud<br \/>\nValikuline IR-\u00fchenduse v\u00f5imalus koos rakendustarkvaraga<br \/>\nEraldusv\u00f5ime &#8211; 0,1% MC<br \/>\nPatarei \u2013 9V leelispatarei kaasas<br \/>\nGarantii &#8211; 1 aasta<br \/>\nKaasas kandekott<br \/>\nLinkit<a href=\"https:\/\/www.atsotamm.ee\/ee\/ws\/7\/71\/ehitus+ja+puu+lisaseadmed\/delmhorst+haamer+es+26.html\">\u00a0<strong>Haamer ES 26<\/strong><\/a><strong>,\u00a0<a href=\"https:\/\/www.atsotamm.ee\/ee\/ws\/7\/114\/ehitus+ja+puu+lisaseadmed\/delmhorst+libisev+haamer+s%C3%BCgavuse+m%C3%B5%C3%B5turiga.html\">haamer 26 ED<\/a>,\u00a0<a href=\"https:\/\/www.atsotamm.ee\/ee\/ws\/7\/50\/ehitus+ja+puu+lisaseadmed\/delmhorst+teflon+kaitstud+n%C3%B5elad+2%22.html\">isoleeritud elektroodid 2&#8243;<\/a>,\u00a0<a href=\"https:\/\/www.atsotamm.ee\/ee\/ws\/7\/73\/ehitus+ja+puu+lisaseadmed\/delmhorst+chuck.html\">Delmhorsti padrun<\/a>,\u00a0<a href=\"https:\/\/www.atsotamm.ee\/ee\/ws\/7\/72\/ehitus+ja+puu+lisaseadmed\/delmhorst+kaabel.html\">Delmhorsti kaabel<\/a>,\u00a0<a href=\"https:\/\/www.atsotamm.ee\/ee\/ws\/7\/113\/ehitus+ja+puu+lisaseadmed\/delmhorst+padrun%E2%80%99i++mutter+%28libisev+haamer%29.html\">mutrid<\/a>\u00a0<\/strong><\/p>","protected":false},"excerpt":{"rendered":"<p>RDM-3\/SC\/PKG\u00a0<strong>ilma programmita<\/strong>, Puidu niiskusm\u00f5\u00f5tur, MC 5-60%, Skan.mudel, sh. 26-ES,\u00a0kandekotis &#8211; k\u00fcsi hinnapakkumist<br \/>\nRDM-3\/SC\/PKG programmi&#8217;ka, Puidu niiskusm\u00f5\u00f5tur, MC 5-60%, Skan.mudel, sh. 26-ES,<br \/>\nkandekotis &#8211; k\u00fcsi hinnapakkumist<\/p>","protected":false},"featured_media":612,"comment_status":"open","ping_status":"closed","template":"","meta":[],"product_brand":[],"product_cat":[17],"product_tag":[],"class_list":{"0":"post-610","1":"product","2":"type-product","3":"status-publish","4":"has-post-thumbnail","6":"product_cat-puu-ja-energia-niiskusmooturid-niiskus-ja-temperatuur","8":"first","9":"instock","10":"taxable","11":"shipping-taxable","12":"purchasable","13":"product-type-simple"},"jetpack-related-posts":[],"jetpack_sharing_enabled":true,"_links":{"self":[{"href":"https:\/\/atsotamm.com\/fi\/wp-json\/wp\/v2\/product\/610","targetHints":{"allow":["GET"]}}],"collection":[{"href":"https:\/\/atsotamm.com\/fi\/wp-json\/wp\/v2\/product"}],"about":[{"href":"https:\/\/atsotamm.com\/fi\/wp-json\/wp\/v2\/types\/product"}],"replies":[{"embeddable":true,"href":"https:\/\/atsotamm.com\/fi\/wp-json\/wp\/v2\/comments?post=610"}],"version-history":[{"count":2,"href":"https:\/\/atsotamm.com\/fi\/wp-json\/wp\/v2\/product\/610\/revisions"}],"predecessor-version":[{"id":1535,"href":"https:\/\/atsotamm.com\/fi\/wp-json\/wp\/v2\/product\/610\/revisions\/1535"}],"wp:featuredmedia":[{"embeddable":true,"href":"https:\/\/atsotamm.com\/fi\/wp-json\/wp\/v2\/media\/612"}],"wp:attachment":[{"href":"https:\/\/atsotamm.com\/fi\/wp-json\/wp\/v2\/media?parent=610"}],"wp:term":[{"taxonomy":"product_brand","embeddable":true,"href":"https:\/\/atsotamm.com\/fi\/wp-json\/wp\/v2\/product_brand?post=610"},{"taxonomy":"product_cat","embeddable":true,"href":"https:\/\/atsotamm.com\/fi\/wp-json\/wp\/v2\/product_cat?post=610"},{"taxonomy":"product_tag","embeddable":true,"href":"https:\/\/atsotamm.com\/fi\/wp-json\/wp\/v2\/product_tag?post=610"}],"curies":[{"name":"wp","href":"https:\/\/api.w.org\/{rel}","templated":true}]}}