{"id":589,"date":"2023-08-15T18:08:05","date_gmt":"2023-08-15T18:08:05","guid":{"rendered":"https:\/\/atsotamm.com\/?post_type=product&#038;p=589"},"modified":"2025-02-28T14:53:34","modified_gmt":"2025-02-28T14:53:34","slug":"schaller-bl2-haamer-ram-elektrood","status":"publish","type":"product","link":"https:\/\/atsotamm.com\/fi\/product\/schaller-bl2-haamer-ram-elektrood\/","title":{"rendered":"SCHALLER BL2 HAAMER (RAM ELEKTROOD)"},"content":{"rendered":"<p><img decoding=\"async\" class=\"alignnone size-medium wp-image-590\" src=\"https:\/\/atsotamm.com\/wp-content\/uploads\/2023\/08\/Haamer-138x300.jpg\" alt=\"\" width=\"138\" height=\"300\" srcset=\"https:\/\/atsotamm.com\/wp-content\/uploads\/2023\/08\/Haamer-138x300.jpg 138w, https:\/\/atsotamm.com\/wp-content\/uploads\/2023\/08\/Haamer.jpg 193w\" sizes=\"(max-width: 138px) 100vw, 138px\" \/>BL2 haamer (ram elektrood) 2 meetrise kaabliga veesisalduse m\u00e4\u00e4ramiseks \u00fcmmargustes v\u00f5i k\u00fcttepuudes<\/p>","protected":false},"excerpt":{"rendered":"<p>BL2 haamer (ram elektrood) 2 meetrise kaabliga veesisalduse m\u00e4\u00e4ramiseks \u00fcmmargustes v\u00f5i k\u00fcttepuudes.<\/p>","protected":false},"featured_media":591,"comment_status":"open","ping_status":"closed","template":"","meta":[],"product_brand":[],"product_cat":[19],"product_tag":[],"class_list":{"0":"post-589","1":"product","2":"type-product","3":"status-publish","4":"has-post-thumbnail","6":"product_cat-ehitus-ja-puu-lisaseadmed","8":"first","9":"instock","10":"taxable","11":"shipping-taxable","12":"purchasable","13":"product-type-simple"},"jetpack-related-posts":[],"jetpack_sharing_enabled":true,"_links":{"self":[{"href":"https:\/\/atsotamm.com\/fi\/wp-json\/wp\/v2\/product\/589","targetHints":{"allow":["GET"]}}],"collection":[{"href":"https:\/\/atsotamm.com\/fi\/wp-json\/wp\/v2\/product"}],"about":[{"href":"https:\/\/atsotamm.com\/fi\/wp-json\/wp\/v2\/types\/product"}],"replies":[{"embeddable":true,"href":"https:\/\/atsotamm.com\/fi\/wp-json\/wp\/v2\/comments?post=589"}],"version-history":[{"count":1,"href":"https:\/\/atsotamm.com\/fi\/wp-json\/wp\/v2\/product\/589\/revisions"}],"predecessor-version":[{"id":1536,"href":"https:\/\/atsotamm.com\/fi\/wp-json\/wp\/v2\/product\/589\/revisions\/1536"}],"wp:featuredmedia":[{"embeddable":true,"href":"https:\/\/atsotamm.com\/fi\/wp-json\/wp\/v2\/media\/591"}],"wp:attachment":[{"href":"https:\/\/atsotamm.com\/fi\/wp-json\/wp\/v2\/media?parent=589"}],"wp:term":[{"taxonomy":"product_brand","embeddable":true,"href":"https:\/\/atsotamm.com\/fi\/wp-json\/wp\/v2\/product_brand?post=589"},{"taxonomy":"product_cat","embeddable":true,"href":"https:\/\/atsotamm.com\/fi\/wp-json\/wp\/v2\/product_cat?post=589"},{"taxonomy":"product_tag","embeddable":true,"href":"https:\/\/atsotamm.com\/fi\/wp-json\/wp\/v2\/product_tag?post=589"}],"curies":[{"name":"wp","href":"https:\/\/api.w.org\/{rel}","templated":true}]}}