{"id":585,"date":"2023-08-15T17:57:25","date_gmt":"2023-08-15T17:57:25","guid":{"rendered":"https:\/\/atsotamm.com\/?post_type=product&#038;p=585"},"modified":"2023-08-15T17:57:25","modified_gmt":"2023-08-15T17:57:25","slug":"schaller-bl-2-puiduhakke-niiskusandur","status":"publish","type":"product","link":"https:\/\/atsotamm.com\/fi\/product\/schaller-bl-2-puiduhakke-niiskusandur\/","title":{"rendered":"SCHALLER BL 2 PUIDUHAKKE NIISKUSANDUR"},"content":{"rendered":"<p>Puiduhakke niiskusandurm\u00f5\u00f5teterminal Schaller BL 2<\/p>","protected":false},"excerpt":{"rendered":"<p><strong>Puiduhakke niiskusandur BL 2\u00a0 &#8211;\u00a0puiduhakke niiskuse m\u00f5\u00f5tmine min &#8211; max 10% &#8211; 50% (veesisaldus, st v\u00f5rreldes m\u00e4rgkaaluga) &#8211;\u00a0<\/strong>Puiduhakke niiskusandurm\u00f5\u00f5teterminal Schaller BL 2<\/p>","protected":false},"featured_media":586,"comment_status":"open","ping_status":"closed","template":"","meta":[],"product_brand":[],"product_cat":[19],"product_tag":[],"class_list":{"0":"post-585","1":"product","2":"type-product","3":"status-publish","4":"has-post-thumbnail","6":"product_cat-ehitus-ja-puu-lisaseadmed","8":"first","9":"instock","10":"taxable","11":"shipping-taxable","12":"purchasable","13":"product-type-simple"},"jetpack-related-posts":[],"jetpack_sharing_enabled":true,"_links":{"self":[{"href":"https:\/\/atsotamm.com\/fi\/wp-json\/wp\/v2\/product\/585","targetHints":{"allow":["GET"]}}],"collection":[{"href":"https:\/\/atsotamm.com\/fi\/wp-json\/wp\/v2\/product"}],"about":[{"href":"https:\/\/atsotamm.com\/fi\/wp-json\/wp\/v2\/types\/product"}],"replies":[{"embeddable":true,"href":"https:\/\/atsotamm.com\/fi\/wp-json\/wp\/v2\/comments?post=585"}],"version-history":[{"count":0,"href":"https:\/\/atsotamm.com\/fi\/wp-json\/wp\/v2\/product\/585\/revisions"}],"wp:featuredmedia":[{"embeddable":true,"href":"https:\/\/atsotamm.com\/fi\/wp-json\/wp\/v2\/media\/586"}],"wp:attachment":[{"href":"https:\/\/atsotamm.com\/fi\/wp-json\/wp\/v2\/media?parent=585"}],"wp:term":[{"taxonomy":"product_brand","embeddable":true,"href":"https:\/\/atsotamm.com\/fi\/wp-json\/wp\/v2\/product_brand?post=585"},{"taxonomy":"product_cat","embeddable":true,"href":"https:\/\/atsotamm.com\/fi\/wp-json\/wp\/v2\/product_cat?post=585"},{"taxonomy":"product_tag","embeddable":true,"href":"https:\/\/atsotamm.com\/fi\/wp-json\/wp\/v2\/product_tag?post=585"}],"curies":[{"name":"wp","href":"https:\/\/api.w.org\/{rel}","templated":true}]}}