{"id":581,"date":"2023-08-15T17:43:39","date_gmt":"2023-08-15T17:43:39","guid":{"rendered":"https:\/\/atsotamm.com\/?post_type=product&#038;p=581"},"modified":"2023-08-15T17:43:39","modified_gmt":"2023-08-15T17:43:39","slug":"trotec-kohver","status":"publish","type":"product","link":"https:\/\/atsotamm.com\/fi\/product\/trotec-kohver\/","title":{"rendered":"TROTEC KOHVER"},"content":{"rendered":"<div class=\"content-bg\"><main class=\"container\"><\/p>\n<div class=\"content\">\n<div class=\"row\">\n<div class=\"col-xs-12 col-sm-9\">\n<div class=\"row\">\n<div class=\"col-xs-12\">\n<p>Trotec kott; m\u00f5eldud peamiselt T3000 multifunktsionaalsele m\u00f5\u00f5teterminalile ja selle sondidele<\/p>\n<\/div>\n<\/div>\n<\/div>\n<\/div>\n<\/div>\n<p><\/main><\/div>","protected":false},"excerpt":{"rendered":"<p>Trotec kott; m\u00f5eldud peamiselt T3000 multifunktsionaalsele m\u00f5\u00f5teterminalile ja selle sondidele<\/p>","protected":false},"featured_media":582,"comment_status":"open","ping_status":"closed","template":"","meta":[],"product_brand":[],"product_cat":[19],"product_tag":[],"class_list":{"0":"post-581","1":"product","2":"type-product","3":"status-publish","4":"has-post-thumbnail","6":"product_cat-ehitus-ja-puu-lisaseadmed","8":"first","9":"instock","10":"taxable","11":"shipping-taxable","12":"purchasable","13":"product-type-simple"},"jetpack-related-posts":[],"jetpack_sharing_enabled":true,"_links":{"self":[{"href":"https:\/\/atsotamm.com\/fi\/wp-json\/wp\/v2\/product\/581","targetHints":{"allow":["GET"]}}],"collection":[{"href":"https:\/\/atsotamm.com\/fi\/wp-json\/wp\/v2\/product"}],"about":[{"href":"https:\/\/atsotamm.com\/fi\/wp-json\/wp\/v2\/types\/product"}],"replies":[{"embeddable":true,"href":"https:\/\/atsotamm.com\/fi\/wp-json\/wp\/v2\/comments?post=581"}],"version-history":[{"count":0,"href":"https:\/\/atsotamm.com\/fi\/wp-json\/wp\/v2\/product\/581\/revisions"}],"wp:featuredmedia":[{"embeddable":true,"href":"https:\/\/atsotamm.com\/fi\/wp-json\/wp\/v2\/media\/582"}],"wp:attachment":[{"href":"https:\/\/atsotamm.com\/fi\/wp-json\/wp\/v2\/media?parent=581"}],"wp:term":[{"taxonomy":"product_brand","embeddable":true,"href":"https:\/\/atsotamm.com\/fi\/wp-json\/wp\/v2\/product_brand?post=581"},{"taxonomy":"product_cat","embeddable":true,"href":"https:\/\/atsotamm.com\/fi\/wp-json\/wp\/v2\/product_cat?post=581"},{"taxonomy":"product_tag","embeddable":true,"href":"https:\/\/atsotamm.com\/fi\/wp-json\/wp\/v2\/product_tag?post=581"}],"curies":[{"name":"wp","href":"https:\/\/api.w.org\/{rel}","templated":true}]}}