{"id":555,"date":"2023-08-15T16:52:26","date_gmt":"2023-08-15T16:52:26","guid":{"rendered":"https:\/\/atsotamm.com\/?post_type=product&#038;p=555"},"modified":"2025-03-05T13:14:22","modified_gmt":"2025-03-05T13:14:22","slug":"hakkepuu-kuivatamine-kusige-hinnapakkumist","status":"publish","type":"product","link":"https:\/\/atsotamm.com\/fi\/product\/hakkepuu-kuivatamine-kusige-hinnapakkumist\/","title":{"rendered":"HAKKEEN JA MUU BIOMATERIAALIN KUIVAUS"},"content":{"rendered":"<p class=\"translation-block\"><img class=\"size-medium wp-image-556 alignleft\" src=\"https:\/\/atsotamm.com\/wp-content\/uploads\/2023\/08\/spooni_kuiv-300x192.jpg\" alt=\" \" width=\"300\" height=\"192\">Puulastujen koko jopa 50 GR (50 x 50 mm)<br>\nKuivauskapasiteetti 120 kg\/h, lastun alkukosteus 45 % - loppukosteus 10 %<br>\nL\u00e4mm\u00f6nvaihtimen tuulettimen vaatima veden l\u00e4mp\u00f6tila on 80-90 \u00b0C<br>\nIlman ulostuloa \u00d8600mm<br>\nMitat (pituus x leveys x korkeus) 6,5 x 2,5 x 4,5 m<br>\nOptimaalinen 4-kerroksinen jatkuva puuhakkeen kuivaus<br>\nKuivan lastunpoistoruuvi<br>\nSiirron aikana lastut seulotaan ja hienojae erotetaan. Hieno kuljetinruuvi: Mahdollisuus poistaa pienet hiukkaset perusmateriaalista erikseen tai ne voidaan lis\u00e4t\u00e4 takaisin<br>\nOhjauspaneelin s\u00e4hk\u00f6istys ja ohjaus<br>\nEt\u00e4huoltomoduuli tietokoneella ja matkapuhelimella, virheilmoitukset s\u00e4hk\u00f6postilla<br>\nKosteusanturit kuivauksen automaattiseen ohjaukseen<br>\nPinta-anturit lis\u00e4vapailla liittimill\u00e4 ohjaamaan lastausta ja purkamista<br>\nAsiakkaan k\u00e4yt\u00f6ss\u00e4 olevan materiaalin sijoittamiseen ja poistoon - eik\u00e4 t\u00e4m\u00e4 sis\u00e4lly tarjoukseen. Paikallisista olosuhteista riippuen<br>\nsuosittelemme kuljetinhihnaa tai nousevaa ruuvia. T\u00e4llaisia \u200b\u200bkuljetinj\u00e4rjestelmi\u00e4 voidaan my\u00f6s j\u00e4rjest\u00e4\u00e4 tarpeen mukaan.<br>\nSuodatinj\u00e4rjestelm\u00e4n toimittaa asiakas, eik\u00e4 se ole osa tarjousta. Poistoilma on suodatettava. Jos suodatinlaitteet on jo asennettu; sit\u00e4 voidaan k\u00e4ytt\u00e4\u00e4 aina kun mahdollista (esim. lis\u00e4suodattimella tai syklonilla varustettuna.<br>\nL\u00e4mm\u00f6nvaihdin 1 piiri, l\u00e4mm\u00f6nkulutus 120 kW ja puhallin 4,0 kW taajuusmuuttajalla<\/p>","protected":false},"excerpt":{"rendered":"<p>Hakkeen kuivaus - pyyd\u00e4 tarjous<\/p>","protected":false},"featured_media":557,"comment_status":"open","ping_status":"closed","template":"","meta":[],"product_brand":[],"product_cat":[20],"product_tag":[],"class_list":{"0":"post-555","1":"product","2":"type-product","3":"status-publish","4":"has-post-thumbnail","6":"product_cat-puidu-ja-muu-biomaterjali-kuivatamine","8":"first","9":"instock","10":"taxable","11":"shipping-taxable","12":"product-type-simple"},"jetpack-related-posts":[],"jetpack_sharing_enabled":true,"_links":{"self":[{"href":"https:\/\/atsotamm.com\/fi\/wp-json\/wp\/v2\/product\/555","targetHints":{"allow":["GET"]}}],"collection":[{"href":"https:\/\/atsotamm.com\/fi\/wp-json\/wp\/v2\/product"}],"about":[{"href":"https:\/\/atsotamm.com\/fi\/wp-json\/wp\/v2\/types\/product"}],"replies":[{"embeddable":true,"href":"https:\/\/atsotamm.com\/fi\/wp-json\/wp\/v2\/comments?post=555"}],"version-history":[{"count":1,"href":"https:\/\/atsotamm.com\/fi\/wp-json\/wp\/v2\/product\/555\/revisions"}],"predecessor-version":[{"id":1587,"href":"https:\/\/atsotamm.com\/fi\/wp-json\/wp\/v2\/product\/555\/revisions\/1587"}],"wp:featuredmedia":[{"embeddable":true,"href":"https:\/\/atsotamm.com\/fi\/wp-json\/wp\/v2\/media\/557"}],"wp:attachment":[{"href":"https:\/\/atsotamm.com\/fi\/wp-json\/wp\/v2\/media?parent=555"}],"wp:term":[{"taxonomy":"product_brand","embeddable":true,"href":"https:\/\/atsotamm.com\/fi\/wp-json\/wp\/v2\/product_brand?post=555"},{"taxonomy":"product_cat","embeddable":true,"href":"https:\/\/atsotamm.com\/fi\/wp-json\/wp\/v2\/product_cat?post=555"},{"taxonomy":"product_tag","embeddable":true,"href":"https:\/\/atsotamm.com\/fi\/wp-json\/wp\/v2\/product_tag?post=555"}],"curies":[{"name":"wp","href":"https:\/\/api.w.org\/{rel}","templated":true}]}}