{"id":553,"date":"2023-08-15T16:50:23","date_gmt":"2023-08-15T16:50:23","guid":{"rendered":"https:\/\/atsotamm.com\/?post_type=product&#038;p=553"},"modified":"2025-12-16T18:24:29","modified_gmt":"2025-12-16T18:24:29","slug":"gann-limba-spoon-puutasapainoniiskus","status":"publish","type":"product","link":"https:\/\/atsotamm.com\/fi\/product\/gann-limba-spoon-puutasapainoniiskus\/","title":{"rendered":"GANN LIMBA LASTU kuivausilmasto"},"content":{"rendered":"<p>K\u00fcsi pakkumist<\/p>","protected":false},"excerpt":{"rendered":"<p>Limba spoon puun tasapainoniiskusm\u00f5\u00f5tmiseks kuivatuskambrisa (50 t\u00fckki)<\/p>","protected":false},"featured_media":554,"comment_status":"open","ping_status":"closed","template":"","meta":[],"product_brand":[],"product_cat":[20],"product_tag":[],"class_list":{"0":"post-553","1":"product","2":"type-product","3":"status-publish","4":"has-post-thumbnail","6":"product_cat-puidu-ja-muu-biomaterjali-kuivatamine","8":"first","9":"instock","10":"taxable","11":"shipping-taxable","12":"product-type-simple"},"jetpack-related-posts":[],"jetpack_sharing_enabled":true,"_links":{"self":[{"href":"https:\/\/atsotamm.com\/fi\/wp-json\/wp\/v2\/product\/553","targetHints":{"allow":["GET"]}}],"collection":[{"href":"https:\/\/atsotamm.com\/fi\/wp-json\/wp\/v2\/product"}],"about":[{"href":"https:\/\/atsotamm.com\/fi\/wp-json\/wp\/v2\/types\/product"}],"replies":[{"embeddable":true,"href":"https:\/\/atsotamm.com\/fi\/wp-json\/wp\/v2\/comments?post=553"}],"version-history":[{"count":2,"href":"https:\/\/atsotamm.com\/fi\/wp-json\/wp\/v2\/product\/553\/revisions"}],"predecessor-version":[{"id":1589,"href":"https:\/\/atsotamm.com\/fi\/wp-json\/wp\/v2\/product\/553\/revisions\/1589"}],"wp:featuredmedia":[{"embeddable":true,"href":"https:\/\/atsotamm.com\/fi\/wp-json\/wp\/v2\/media\/554"}],"wp:attachment":[{"href":"https:\/\/atsotamm.com\/fi\/wp-json\/wp\/v2\/media?parent=553"}],"wp:term":[{"taxonomy":"product_brand","embeddable":true,"href":"https:\/\/atsotamm.com\/fi\/wp-json\/wp\/v2\/product_brand?post=553"},{"taxonomy":"product_cat","embeddable":true,"href":"https:\/\/atsotamm.com\/fi\/wp-json\/wp\/v2\/product_cat?post=553"},{"taxonomy":"product_tag","embeddable":true,"href":"https:\/\/atsotamm.com\/fi\/wp-json\/wp\/v2\/product_tag?post=553"}],"curies":[{"name":"wp","href":"https:\/\/api.w.org\/{rel}","templated":true}]}}