{"id":544,"date":"2023-08-15T16:44:54","date_gmt":"2023-08-15T16:44:54","guid":{"rendered":"https:\/\/atsotamm.com\/?post_type=product&#038;p=544"},"modified":"2023-08-15T16:44:55","modified_gmt":"2023-08-15T16:44:55","slug":"atso-ohukiirus-mootmine-kusige-hinnapakkumist","status":"publish","type":"product","link":"https:\/\/atsotamm.com\/fi\/product\/atso-ohukiirus-mootmine-kusige-hinnapakkumist\/","title":{"rendered":"ATSO kuivaamon kiertoilmannopeudenmittaus pyyd\u00e4 tarjous"},"content":{"rendered":"<p class=\"translation-block\"><img class=\"size-medium wp-image-545 alignleft\" src=\"https:\/\/atsotamm.com\/wp-content\/uploads\/2023\/08\/hukiirus_350-300x118.jpg\" alt=\" \" width=\"300\" height=\"118\">Mutta meid\u00e4n pit\u00e4isi my\u00f6s mietti\u00e4, miten voisimme toimia paremmin nykyisill\u00e4 laitteillamme. Onko markkinoilla mit\u00e4\u00e4n, mik\u00e4 sallisi t\u00e4m\u00e4n?<br>\nKuivauskammion hyv\u00e4 ominaisuus on, ett\u00e4 ilman nopeus on sama yl\u00e4- ja alaosassa. K\u00e4ytt\u00e4j\u00e4n taito on, ett\u00e4 ilmavirta kulkee kuivauser\u00e4n l\u00e4pi tasaisesti ja ilman nopeus ei juurikaan laske kuivauser\u00e4n j\u00e4lkeen.<br>\nAlla oleva kuva n\u00e4ytt\u00e4\u00e4 kuivauskammion ilman nopeuden kuivauksen aikana. Tuloksena oleva kuva saadaan kahdella anturilla. Yksi anturi tuloilmapuolella ja yksi poistoilmapuolella. Kun n\u00e4m\u00e4 tiedot yhdistet\u00e4\u00e4n kuivauksen aikana mitattuihin l\u00e4mp\u00f6tiloihin, saavutetaan parempi kuivuminen. Saatujen tietojen avulla voidaan ohjata puhaltimen nopeutta taajuusmuuttajien avulla.<br>\nT\u00e4m\u00e4 s\u00e4\u00e4st\u00e4\u00e4 kallista kuivausaikaa ja tarvittavaa l\u00e4mp\u00f6energiaa. Mittalaitetta voidaan k\u00e4ytt\u00e4\u00e4 jatkuvasti sek\u00e4 kuivauskammiossa ett\u00e4 kanavakuivaimessa.<\/p>","protected":false},"excerpt":{"rendered":"<p>pyyd\u00e4 tarjous<\/p>","protected":false},"featured_media":546,"comment_status":"open","ping_status":"closed","template":"","meta":[],"product_brand":[],"product_cat":[20],"product_tag":[],"class_list":{"0":"post-544","1":"product","2":"type-product","3":"status-publish","4":"has-post-thumbnail","6":"product_cat-puidu-ja-muu-biomaterjali-kuivatamine","8":"first","9":"instock","10":"taxable","11":"shipping-taxable","12":"product-type-simple"},"jetpack-related-posts":[],"jetpack_sharing_enabled":true,"_links":{"self":[{"href":"https:\/\/atsotamm.com\/fi\/wp-json\/wp\/v2\/product\/544","targetHints":{"allow":["GET"]}}],"collection":[{"href":"https:\/\/atsotamm.com\/fi\/wp-json\/wp\/v2\/product"}],"about":[{"href":"https:\/\/atsotamm.com\/fi\/wp-json\/wp\/v2\/types\/product"}],"replies":[{"embeddable":true,"href":"https:\/\/atsotamm.com\/fi\/wp-json\/wp\/v2\/comments?post=544"}],"version-history":[{"count":0,"href":"https:\/\/atsotamm.com\/fi\/wp-json\/wp\/v2\/product\/544\/revisions"}],"wp:featuredmedia":[{"embeddable":true,"href":"https:\/\/atsotamm.com\/fi\/wp-json\/wp\/v2\/media\/546"}],"wp:attachment":[{"href":"https:\/\/atsotamm.com\/fi\/wp-json\/wp\/v2\/media?parent=544"}],"wp:term":[{"taxonomy":"product_brand","embeddable":true,"href":"https:\/\/atsotamm.com\/fi\/wp-json\/wp\/v2\/product_brand?post=544"},{"taxonomy":"product_cat","embeddable":true,"href":"https:\/\/atsotamm.com\/fi\/wp-json\/wp\/v2\/product_cat?post=544"},{"taxonomy":"product_tag","embeddable":true,"href":"https:\/\/atsotamm.com\/fi\/wp-json\/wp\/v2\/product_tag?post=544"}],"curies":[{"name":"wp","href":"https:\/\/api.w.org\/{rel}","templated":true}]}}