{"id":539,"date":"2023-08-15T16:31:14","date_gmt":"2023-08-15T16:31:14","guid":{"rendered":"https:\/\/atsotamm.com\/?post_type=product&#038;p=539"},"modified":"2023-08-15T16:31:14","modified_gmt":"2023-08-15T16:31:14","slug":"trotec-bp-20","status":"publish","type":"product","link":"https:\/\/atsotamm.com\/fi\/product\/trotec-bp-20\/","title":{"rendered":"TROTEC BP 20"},"content":{"rendered":"<p class=\"translation-block\"><img class=\"size-medium wp-image-540 alignleft\" src=\"https:\/\/atsotamm.com\/wp-content\/uploads\/2023\/08\/98-146-bd20-1-167x300 .jpg\" alt=\"\" width=\"167\" height=\"300\">Kosketukseton pintal\u00e4mp\u00f6mittarin l\u00e4mp\u00f6tilan mittaus v\u00e4lill\u00e4 -35 \u00b0C - +800 \u00b0C<br>\nOptiikan mittaus 12: 1<br>\nEdullisin hinta-laatusuhde<br>\nMittausalue - kaksoislasertekniikalla<br>\nP\u00e4\u00e4st\u00f6saaste 0,1 - 1,0 vapaasti s\u00e4\u00e4dett\u00e4viss\u00e4<br>\nToiminnot: minimiarvo, maksimiarvo ja odottava toiminto<br>\nTaustavalaistu n\u00e4ytt\u00f6<br>\nH\u00e4lytystoiminto<\/p>","protected":false},"excerpt":{"rendered":"<p>BP 20 tallinnassa 25 \u20ac km 0%, varasto 2 kpl<\/p>","protected":false},"featured_media":540,"comment_status":"open","ping_status":"closed","template":"","meta":[],"product_brand":[],"product_cat":[21],"product_tag":[],"class_list":{"0":"post-539","1":"product","2":"type-product","3":"status-publish","4":"has-post-thumbnail","6":"product_cat-valjuvad-tooted","8":"first","9":"instock","10":"taxable","11":"shipping-taxable","12":"purchasable","13":"product-type-simple"},"jetpack-related-posts":[],"jetpack_sharing_enabled":true,"_links":{"self":[{"href":"https:\/\/atsotamm.com\/fi\/wp-json\/wp\/v2\/product\/539","targetHints":{"allow":["GET"]}}],"collection":[{"href":"https:\/\/atsotamm.com\/fi\/wp-json\/wp\/v2\/product"}],"about":[{"href":"https:\/\/atsotamm.com\/fi\/wp-json\/wp\/v2\/types\/product"}],"replies":[{"embeddable":true,"href":"https:\/\/atsotamm.com\/fi\/wp-json\/wp\/v2\/comments?post=539"}],"version-history":[{"count":0,"href":"https:\/\/atsotamm.com\/fi\/wp-json\/wp\/v2\/product\/539\/revisions"}],"wp:featuredmedia":[{"embeddable":true,"href":"https:\/\/atsotamm.com\/fi\/wp-json\/wp\/v2\/media\/540"}],"wp:attachment":[{"href":"https:\/\/atsotamm.com\/fi\/wp-json\/wp\/v2\/media?parent=539"}],"wp:term":[{"taxonomy":"product_brand","embeddable":true,"href":"https:\/\/atsotamm.com\/fi\/wp-json\/wp\/v2\/product_brand?post=539"},{"taxonomy":"product_cat","embeddable":true,"href":"https:\/\/atsotamm.com\/fi\/wp-json\/wp\/v2\/product_cat?post=539"},{"taxonomy":"product_tag","embeddable":true,"href":"https:\/\/atsotamm.com\/fi\/wp-json\/wp\/v2\/product_tag?post=539"}],"curies":[{"name":"wp","href":"https:\/\/api.w.org\/{rel}","templated":true}]}}