{"id":536,"date":"2023-08-15T16:29:08","date_gmt":"2023-08-15T16:29:08","guid":{"rendered":"https:\/\/atsotamm.com\/?post_type=product&#038;p=536"},"modified":"2023-08-15T16:29:08","modified_gmt":"2023-08-15T16:29:08","slug":"merlin-hm-8-ws-25","status":"publish","type":"product","link":"https:\/\/atsotamm.com\/fi\/product\/merlin-hm-8-ws-25\/","title":{"rendered":"Merlin HM 8 WS 25"},"content":{"rendered":"<p class=\"translation-block\"><img class=\"wp-image-537 alignleft\" src=\"https:\/\/atsotamm.com\/wp-content\/uploads\/2023\/08\/HM25.jpg\" alt=\"\" width=\"187 \" height=\"341\">HM8 - WS25 Tekniset tiedot<br>\nKuusiportainen valintakytkin eri puulajien mukaan (tiheysalue 0,37 g \/ cm3 - 0,67 g \/ cm3)<br>\nMittaussyvyys 25-40 mm<br>\nPuun kosteusprosenttiosuus<br>\nAnturin koko 67 mm * 42 mm, paino 160 g<br>\nMittaussyvyys 13 mm \u2013 20 mm<br>\nToimitus sis\u00e4lt\u00e4\u00e4 9 V akun<br>\nKoko (pituus * leveys * paksuus) 120 mm * 72 mm * 25 mm<br>\nMittausalue 4 % - 99 %<br>\nL\u00e4mp\u00f6tilaero laskurin ja kohteen v\u00e4lill\u00e4 jopa 10 \u00b0C<br>\nKosteutta mitattaessa toisen puolen tulee olla kosketukseton<br>\nMittauksessa ei ole j\u00e4lki\u00e4<br>\nVoi liikkua ja mitata samanaikaisesti<br>\nMittari mittaa keskim\u00e4\u00e4r\u00e4isen kosteuden yl\u00e4- ja alaosan v\u00e4lill\u00e4<\/p>","protected":false},"excerpt":{"rendered":"<p>HM8\u00a0 WS25 H\u00f6yl\u00e4tty tai hiottu puu. 1 kpl varastossa<\/p>","protected":false},"featured_media":538,"comment_status":"open","ping_status":"closed","template":"","meta":[],"product_brand":[],"product_cat":[21],"product_tag":[],"class_list":{"0":"post-536","1":"product","2":"type-product","3":"status-publish","4":"has-post-thumbnail","6":"product_cat-valjuvad-tooted","8":"first","9":"instock","10":"taxable","11":"shipping-taxable","12":"purchasable","13":"product-type-simple"},"jetpack-related-posts":[],"jetpack_sharing_enabled":true,"_links":{"self":[{"href":"https:\/\/atsotamm.com\/fi\/wp-json\/wp\/v2\/product\/536","targetHints":{"allow":["GET"]}}],"collection":[{"href":"https:\/\/atsotamm.com\/fi\/wp-json\/wp\/v2\/product"}],"about":[{"href":"https:\/\/atsotamm.com\/fi\/wp-json\/wp\/v2\/types\/product"}],"replies":[{"embeddable":true,"href":"https:\/\/atsotamm.com\/fi\/wp-json\/wp\/v2\/comments?post=536"}],"version-history":[{"count":0,"href":"https:\/\/atsotamm.com\/fi\/wp-json\/wp\/v2\/product\/536\/revisions"}],"wp:featuredmedia":[{"embeddable":true,"href":"https:\/\/atsotamm.com\/fi\/wp-json\/wp\/v2\/media\/538"}],"wp:attachment":[{"href":"https:\/\/atsotamm.com\/fi\/wp-json\/wp\/v2\/media?parent=536"}],"wp:term":[{"taxonomy":"product_brand","embeddable":true,"href":"https:\/\/atsotamm.com\/fi\/wp-json\/wp\/v2\/product_brand?post=536"},{"taxonomy":"product_cat","embeddable":true,"href":"https:\/\/atsotamm.com\/fi\/wp-json\/wp\/v2\/product_cat?post=536"},{"taxonomy":"product_tag","embeddable":true,"href":"https:\/\/atsotamm.com\/fi\/wp-json\/wp\/v2\/product_tag?post=536"}],"curies":[{"name":"wp","href":"https:\/\/api.w.org\/{rel}","templated":true}]}}