{"id":533,"date":"2023-08-15T16:27:21","date_gmt":"2023-08-15T16:27:21","guid":{"rendered":"https:\/\/atsotamm.com\/?post_type=product&#038;p=533"},"modified":"2026-01-06T11:04:54","modified_gmt":"2026-01-06T11:04:54","slug":"exotec-mc-380xca-niiskusmootja","status":"publish","type":"product","link":"https:\/\/atsotamm.com\/fi\/product\/exotec-mc-380xca-niiskusmootja\/","title":{"rendered":"EXOTEC MC-380XCA KOSTEUSMITTARI"},"content":{"rendered":"<p><img fetchpriority=\"high\" decoding=\"async\" class=\"size-medium wp-image-534 alignleft\" src=\"https:\/\/atsotamm.com\/wp-content\/uploads\/2023\/08\/MC380_XCA_kpmplett-300x232.jpg\" alt=\"\" width=\"300\" height=\"232\" srcset=\"https:\/\/atsotamm.com\/wp-content\/uploads\/2023\/08\/MC380_XCA_kpmplett-300x232.jpg 300w, https:\/\/atsotamm.com\/wp-content\/uploads\/2023\/08\/MC380_XCA_kpmplett.jpg 583w\" sizes=\"(max-width: 300px) 100vw, 300px\" \/>SOVELLUKSET JA OMINAISUUDET Uusi MC-380XCA on mikroprosessoriohjattu k\u00e4dess\u00e4 pidett\u00e4v\u00e4 instrumentti. Se on luotettava, helppok\u00e4ytt\u00f6inen ja mahdollistaa nopean ja tuhoamattoman puun ja rakennusmateriaalien kosteuspitoisuuden arvioinnin. MC-380XCA:ta voidaan k\u00e4ytt\u00e4\u00e4 tuotannossa tai paikan p\u00e4\u00e4ll\u00e4 tarkastukseen ja tarkastukseen vesivaurioiden havaitsemiseksi. Monissa tapauksissa suhteellinen kosteus (RH) on j\u00e4rkev\u00e4mpi. T\u00e4st\u00e4 syyst\u00e4 MC-380XCA on ohjelmistolaajennus, joka voi laskea ja n\u00e4ytt\u00e4\u00e4 RF-arvon rakennusmateriaalien kosteusarvosta. Siin\u00e4 on kaksi erillist\u00e4 mittausj\u00e4rjestelm\u00e4\u00e4 10 mm ja 100 mm. Ominaisuudet: Suoraan luettava kosteusarvo prosentteina vedest\u00e4 tai suhteellisesta kosteudesta (RF%) Erikseen valittavissa tunkeutumissyvyys (10 mm ja 100 mm) Ei-hajottava mittaus Laajennettu valikoima rakennusmateriaaliryhmi\u00e4 S\u00e4\u00e4dett\u00e4v\u00e4t h\u00e4lytysalueet Akustinen h\u00e4lytyksen pitotoiminto Keskikokoinen puuryhm\u00e4n valinta tiheyden mukaan s\u00e4\u00e4t\u00f6<\/p>","protected":false},"excerpt":{"rendered":"<p>MC-380XCA - kosteusmittari<\/p>","protected":false},"featured_media":535,"comment_status":"open","ping_status":"closed","template":"","meta":[],"product_brand":[],"product_cat":[21],"product_tag":[],"class_list":{"0":"post-533","1":"product","2":"type-product","3":"status-publish","4":"has-post-thumbnail","6":"product_cat-valjuvad-tooted","8":"first","9":"outofstock","10":"taxable","11":"shipping-taxable","12":"purchasable","13":"product-type-simple"},"jetpack-related-posts":[],"jetpack_sharing_enabled":true,"_links":{"self":[{"href":"https:\/\/atsotamm.com\/fi\/wp-json\/wp\/v2\/product\/533","targetHints":{"allow":["GET"]}}],"collection":[{"href":"https:\/\/atsotamm.com\/fi\/wp-json\/wp\/v2\/product"}],"about":[{"href":"https:\/\/atsotamm.com\/fi\/wp-json\/wp\/v2\/types\/product"}],"replies":[{"embeddable":true,"href":"https:\/\/atsotamm.com\/fi\/wp-json\/wp\/v2\/comments?post=533"}],"version-history":[{"count":1,"href":"https:\/\/atsotamm.com\/fi\/wp-json\/wp\/v2\/product\/533\/revisions"}],"predecessor-version":[{"id":1624,"href":"https:\/\/atsotamm.com\/fi\/wp-json\/wp\/v2\/product\/533\/revisions\/1624"}],"wp:featuredmedia":[{"embeddable":true,"href":"https:\/\/atsotamm.com\/fi\/wp-json\/wp\/v2\/media\/535"}],"wp:attachment":[{"href":"https:\/\/atsotamm.com\/fi\/wp-json\/wp\/v2\/media?parent=533"}],"wp:term":[{"taxonomy":"product_brand","embeddable":true,"href":"https:\/\/atsotamm.com\/fi\/wp-json\/wp\/v2\/product_brand?post=533"},{"taxonomy":"product_cat","embeddable":true,"href":"https:\/\/atsotamm.com\/fi\/wp-json\/wp\/v2\/product_cat?post=533"},{"taxonomy":"product_tag","embeddable":true,"href":"https:\/\/atsotamm.com\/fi\/wp-json\/wp\/v2\/product_tag?post=533"}],"curies":[{"name":"wp","href":"https:\/\/api.w.org\/{rel}","templated":true}]}}