{"id":508,"date":"2023-08-15T15:05:50","date_gmt":"2023-08-15T15:05:50","guid":{"rendered":"https:\/\/atsotamm.com\/?post_type=product&#038;p=508"},"modified":"2025-02-28T14:59:12","modified_gmt":"2025-02-28T14:59:12","slug":"merlin-moistecpro-niiskusmootur","status":"publish","type":"product","link":"https:\/\/atsotamm.com\/fi\/product\/merlin-moistecpro-niiskusmootur\/","title":{"rendered":"MERLIN MOISTECPRO KOSTEUSMITTARI"},"content":{"rendered":"<p class=\"translation-block\"><strong><img class=\"alignnone size-medium wp-image-510\" src=\"https:\/\/atsotamm.com\/wp-content\/uploads\/2023\/08\/Moistec_pro_400-284x300.jpg\" alt=\"\" width=\"284\" height=\"300\">MOISTEC PRO -<\/strong><strong>Puulle ja rakennuskosteudelle<\/strong><br>\n<strong>Tekniset tiedot:<\/strong><br>\nPaino 75 g - Koko (P x L x K) 110 x 43 x 25 mm<br>\nK\u00e4ytt\u00f6l\u00e4mp\u00f6tila 5-40 \u00b0C \/ 41-104 \u00b0F<\/p>\n<p class=\"translation-block\"><strong>Puu<\/strong><br>\nMittausalue 2 - 65 % - Tiheysalue 420 - 700 kg\/m\u00b3<br>\nSkannaussyvyys 20 mm<br>\nEsiohjelmoitu 8 puuryhm\u00e4\u00e4<\/p>\n<p class=\"translation-block\"><strong>Rakennusmateriaali<\/strong><br>\nMittausalue 0,1 - 35 % (10 % tuotekohtainen)<br>\nTiheysalue 1800 - 2400 kg\/m\u00b3<br>\nSkannaussyvyys 10 mm<br>\nEsiohjelmoitu 4 materiaaliryhm\u00e4\u00e4<\/p>\n<p class=\"translation-block\"><strong>L\u00e4mp\u00f6tila<\/strong><br>\nMittausalue -10 - +60 \u00b0C \/ 14 - 140 \u00b0F<\/p>","protected":false},"excerpt":{"rendered":"<p><strong>Puidu ja hoone niiskuse jaoks<br \/>\n<\/strong><\/p>","protected":false},"featured_media":509,"comment_status":"open","ping_status":"closed","template":"","meta":[],"product_brand":[],"product_cat":[18],"product_tag":[],"class_list":{"0":"post-508","1":"product","2":"type-product","3":"status-publish","4":"has-post-thumbnail","6":"product_cat-ehitus-hugromeeter-niiskus-ja-temperatuur","8":"first","9":"instock","10":"taxable","11":"shipping-taxable","12":"purchasable","13":"product-type-simple"},"jetpack-related-posts":[],"jetpack_sharing_enabled":true,"_links":{"self":[{"href":"https:\/\/atsotamm.com\/fi\/wp-json\/wp\/v2\/product\/508","targetHints":{"allow":["GET"]}}],"collection":[{"href":"https:\/\/atsotamm.com\/fi\/wp-json\/wp\/v2\/product"}],"about":[{"href":"https:\/\/atsotamm.com\/fi\/wp-json\/wp\/v2\/types\/product"}],"replies":[{"embeddable":true,"href":"https:\/\/atsotamm.com\/fi\/wp-json\/wp\/v2\/comments?post=508"}],"version-history":[{"count":1,"href":"https:\/\/atsotamm.com\/fi\/wp-json\/wp\/v2\/product\/508\/revisions"}],"predecessor-version":[{"id":1538,"href":"https:\/\/atsotamm.com\/fi\/wp-json\/wp\/v2\/product\/508\/revisions\/1538"}],"wp:featuredmedia":[{"embeddable":true,"href":"https:\/\/atsotamm.com\/fi\/wp-json\/wp\/v2\/media\/509"}],"wp:attachment":[{"href":"https:\/\/atsotamm.com\/fi\/wp-json\/wp\/v2\/media?parent=508"}],"wp:term":[{"taxonomy":"product_brand","embeddable":true,"href":"https:\/\/atsotamm.com\/fi\/wp-json\/wp\/v2\/product_brand?post=508"},{"taxonomy":"product_cat","embeddable":true,"href":"https:\/\/atsotamm.com\/fi\/wp-json\/wp\/v2\/product_cat?post=508"},{"taxonomy":"product_tag","embeddable":true,"href":"https:\/\/atsotamm.com\/fi\/wp-json\/wp\/v2\/product_tag?post=508"}],"curies":[{"name":"wp","href":"https:\/\/api.w.org\/{rel}","templated":true}]}}