{"id":505,"date":"2023-08-15T15:04:06","date_gmt":"2023-08-15T15:04:06","guid":{"rendered":"https:\/\/atsotamm.com\/?post_type=product&#038;p=505"},"modified":"2025-03-05T13:25:17","modified_gmt":"2025-03-05T13:25:17","slug":"gann-uni-2-niiskusmootja","status":"publish","type":"product","link":"https:\/\/atsotamm.com\/fi\/product\/gann-uni-2-niiskusmootja\/","title":{"rendered":"GANN UNI 2 KOSTEUSMITTARI"},"content":{"rendered":"<p class=\"translation-block\"><strong><img class=\"size-full wp-image-506 alignleft\" src=\"https:\/\/atsotamm.com\/wp-content\/uploads\/2023\/08\/uni2_jeepeegeena.jpg\" alt=\"\" width=\"164\" height=\"256\">Mittausalue:\u00a0 0 - 80 % (paino-% taulukosta kaaviona)<br>\nMittausalue vastaa mittausanturien mittausalueita. Mittausanturit:<\/strong><br>\n<strong>Resistanssimittaus:<\/strong><br>\nM 20, M 20-OF15, M 6, M 6-Bi 200, M 6-Bi 300, M 25, M 20-Bi 200, M 20-Bi 300, M 21-100,<br>\nM 21-250, M 6-150, M 6-250<br>\n<strong>Rakennuskosteuden (kapasitanssin) mittaus:<\/strong><br>\nB50,\u00a0 B60, LB70, MB35, RH-T 37<br>\n<strong>L\u00e4mp\u00f6tilan mittaus:<\/strong><br>\nRF-T 28, RH-T 37, RF-T 31-250, RF-T 31-500, IR 40<br>\n<strong>Puun kosteuden mittaus:<\/strong><br>\nMH 34 (puun syykyll\u00e4stymispisteen yl\u00e4puolella vain havupuilla)<br>\n<a href=\"https:\/\/www.gann.de\/_Resources\/Persistent\/f108529c9e130dc739403b303170bb20b7d54d88\/UNI1_UNI2_EN.pdf\" target=\"_self\"><strong>Linkki: englanninkielinen k\u00e4ytt\u00f6ohje<\/strong><\/a><\/p>","protected":false},"excerpt":{"rendered":"<p><strong>Hydromette UNI 2\u00a0<\/strong>On elektriline m\u00f5\u00f5teriist. Seadmel on LCD ekraan. Ehitusniiskuse m\u00f5\u00f5tmine toimub nii elektritakistuse\u00a0m\u00f5\u00f5tmise p\u00f5him\u00f5ttel kui ka elektrimahtuvuse m\u00f5\u00f5tmise p\u00f5him\u00f5ttel.<\/p>","protected":false},"featured_media":507,"comment_status":"open","ping_status":"closed","template":"","meta":[],"product_brand":[],"product_cat":[18],"product_tag":[],"class_list":{"0":"post-505","1":"product","2":"type-product","3":"status-publish","4":"has-post-thumbnail","6":"product_cat-ehitus-hugromeeter-niiskus-ja-temperatuur","8":"first","9":"instock","10":"taxable","11":"shipping-taxable","12":"purchasable","13":"product-type-simple"},"jetpack-related-posts":[],"jetpack_sharing_enabled":true,"_links":{"self":[{"href":"https:\/\/atsotamm.com\/fi\/wp-json\/wp\/v2\/product\/505","targetHints":{"allow":["GET"]}}],"collection":[{"href":"https:\/\/atsotamm.com\/fi\/wp-json\/wp\/v2\/product"}],"about":[{"href":"https:\/\/atsotamm.com\/fi\/wp-json\/wp\/v2\/types\/product"}],"replies":[{"embeddable":true,"href":"https:\/\/atsotamm.com\/fi\/wp-json\/wp\/v2\/comments?post=505"}],"version-history":[{"count":1,"href":"https:\/\/atsotamm.com\/fi\/wp-json\/wp\/v2\/product\/505\/revisions"}],"predecessor-version":[{"id":1519,"href":"https:\/\/atsotamm.com\/fi\/wp-json\/wp\/v2\/product\/505\/revisions\/1519"}],"wp:featuredmedia":[{"embeddable":true,"href":"https:\/\/atsotamm.com\/fi\/wp-json\/wp\/v2\/media\/507"}],"wp:attachment":[{"href":"https:\/\/atsotamm.com\/fi\/wp-json\/wp\/v2\/media?parent=505"}],"wp:term":[{"taxonomy":"product_brand","embeddable":true,"href":"https:\/\/atsotamm.com\/fi\/wp-json\/wp\/v2\/product_brand?post=505"},{"taxonomy":"product_cat","embeddable":true,"href":"https:\/\/atsotamm.com\/fi\/wp-json\/wp\/v2\/product_cat?post=505"},{"taxonomy":"product_tag","embeddable":true,"href":"https:\/\/atsotamm.com\/fi\/wp-json\/wp\/v2\/product_tag?post=505"}],"curies":[{"name":"wp","href":"https:\/\/api.w.org\/{rel}","templated":true}]}}