{"id":502,"date":"2023-08-15T15:01:09","date_gmt":"2023-08-15T15:01:09","guid":{"rendered":"https:\/\/atsotamm.com\/?post_type=product&#038;p=502"},"modified":"2025-03-05T13:26:12","modified_gmt":"2025-03-05T13:26:12","slug":"gann-uni-1-niiskusmootja","status":"publish","type":"product","link":"https:\/\/atsotamm.com\/fi\/product\/gann-uni-1-niiskusmootja\/","title":{"rendered":"GANN UNI 1 KOSTEUSMITTARI"},"content":{"rendered":"<p class=\"translation-block\"><strong><img class=\"size-medium wp-image-503 alignleft\" src=\"https:\/\/atsotamm.com\/wp-content\/uploads\/2023\/08\/b50_ee_350-300x201.jpg\" alt=\"\" width=\"300\" height=\"201\"> UNI 1\u00a0\u00a0\u00a0 +\u00a0\u00a0\u00a0\u00a0\u00a0<\/strong><a href=\"https:\/\/www.atsotamm. ee\/ee\/ws\/7\/15\/ehitus+ja+puu+ziselaedas\/b50++b60+ja+lb71+sensor.html\" target=\"_self\">B 50<\/a>\u00a0 +\u00a0 \u00a0\u00a0<a href=\"https:\/\/www.atsotamm.ee\/ee\/ws\/7\/77\/ehitus+ja+puu+lisaseedd\/kohver+vike.html\" target=\"_self\">veike kofer<\/a><strong> <\/strong><\/p>\n<p class=\"translation-block\">UNI 1+<a href=\"https:\/\/www.atsotamm.ee\/ee\/ws\/7\/15\/ehitus+ja+puu+lisaseedd\/b50++b60+ja+lb71+sensor.html\" target=\" _self\">B50<\/a>\u00a0+\u00a0<a href=\"https:\/\/www.atsotamm.ee\/ee\/ws\/7\/48\/ehitus+ja+puu+lisaseeddt\/rh+t+37+fix .html\" target=\"_self\">RH T 37 L=160 mm<\/a> + <a href=\"https:\/\/www.atsotamm.ee\/ee\/ws\/7\/77\/ehitus+ja+puu+ tarvikkeet\/matkalaukku+ vike.html\" target=\"_self\">pieni matkalaukku<\/a><\/strong><\/p>\n<p class=\"translation-block\">Tekniset tiedot: L\u00e4mp\u00f6tilamittaus:<br>\nPT 100 (ET 10) -199,9 \u00baC - +600 \u00baC<br>\nIR 40 eritt\u00e4in nopea mitatessa pintal\u00e4mp\u00f6tilaa infrapuna-anturilla - 20 \u00baC - +199,9 \u00baC<br>\nMH 34 Havupuun kosteuspitoisuuden mittausalue 40 - 200 %<br>\nIlman kosteuden ja l\u00e4mp\u00f6tilan mittausalue<br>\nSuhteellinen kosteus 5% - 98%<br>\nIlman l\u00e4mp\u00f6tila -10 \u00baC - +80 \u00baC<br>\nMittausanturit: Rakennuskosteus: MB 35, B50, B60, LB70, RF-T31, RF-T36, RH-T37<br>\nKosteus: RF-T28, RF-T31, RF-T32, RF-T36, RH-T37<br>\nL\u00e4mp\u00f6tila: IR40, OT100, OTW90, ET10, ET50, TT30\/40, LT20, FT2 - FT30<br>\nPuun kosteus:\u00a0\u00a0\u00a0\u00a0\u00a0\u00a0\u00a0\u00a0\u00a0\u00a0 MH34 (mittausanturi vain korkealle havupuun kosteudelle 40 % - 200 %)<br>\n<strong>Mitat (ilman lis\u00e4varusteita): PxLxS 140mm x 90mm x 42\/50 mm Virtal\u00e4hde: 9 V akku<br>\n<a href=\"https:\/\/www.gann.de\/_Resources\/Persistent\/f108529c9e130dc739403b303170bb20b7d54d88\/UNI1_UNI2_EN.pdf\" target=\"_self\">Linkki: englanninkielinen k\u00e4ytt\u00f6ohje<\/a><\/strong><\/p>","protected":false},"excerpt":{"rendered":"<p>UNI 1\u00a0 a) puurauk \u00f5huniiskus ja temperatuur b) niiskuse m\u00f5\u00f5tmine pinnal<\/p>","protected":false},"featured_media":504,"comment_status":"open","ping_status":"closed","template":"","meta":[],"product_brand":[],"product_cat":[18],"product_tag":[],"class_list":{"0":"post-502","1":"product","2":"type-product","3":"status-publish","4":"has-post-thumbnail","6":"product_cat-ehitus-hugromeeter-niiskus-ja-temperatuur","8":"first","9":"instock","10":"taxable","11":"shipping-taxable","12":"purchasable","13":"product-type-simple"},"jetpack-related-posts":[],"jetpack_sharing_enabled":true,"_links":{"self":[{"href":"https:\/\/atsotamm.com\/fi\/wp-json\/wp\/v2\/product\/502","targetHints":{"allow":["GET"]}}],"collection":[{"href":"https:\/\/atsotamm.com\/fi\/wp-json\/wp\/v2\/product"}],"about":[{"href":"https:\/\/atsotamm.com\/fi\/wp-json\/wp\/v2\/types\/product"}],"replies":[{"embeddable":true,"href":"https:\/\/atsotamm.com\/fi\/wp-json\/wp\/v2\/comments?post=502"}],"version-history":[{"count":1,"href":"https:\/\/atsotamm.com\/fi\/wp-json\/wp\/v2\/product\/502\/revisions"}],"predecessor-version":[{"id":1539,"href":"https:\/\/atsotamm.com\/fi\/wp-json\/wp\/v2\/product\/502\/revisions\/1539"}],"wp:featuredmedia":[{"embeddable":true,"href":"https:\/\/atsotamm.com\/fi\/wp-json\/wp\/v2\/media\/504"}],"wp:attachment":[{"href":"https:\/\/atsotamm.com\/fi\/wp-json\/wp\/v2\/media?parent=502"}],"wp:term":[{"taxonomy":"product_brand","embeddable":true,"href":"https:\/\/atsotamm.com\/fi\/wp-json\/wp\/v2\/product_brand?post=502"},{"taxonomy":"product_cat","embeddable":true,"href":"https:\/\/atsotamm.com\/fi\/wp-json\/wp\/v2\/product_cat?post=502"},{"taxonomy":"product_tag","embeddable":true,"href":"https:\/\/atsotamm.com\/fi\/wp-json\/wp\/v2\/product_tag?post=502"}],"curies":[{"name":"wp","href":"https:\/\/api.w.org\/{rel}","templated":true}]}}