{"id":494,"date":"2023-08-15T14:44:17","date_gmt":"2023-08-15T14:44:17","guid":{"rendered":"https:\/\/atsotamm.com\/?post_type=product&#038;p=494"},"modified":"2025-02-28T15:07:07","modified_gmt":"2025-02-28T15:07:07","slug":"gann-bl-compact-tf-3","status":"publish","type":"product","link":"https:\/\/atsotamm.com\/fi\/product\/gann-bl-compact-tf-3\/","title":{"rendered":"GANN BL COMPACT TF 3 KOSTEUSMITTARI"},"content":{"rendered":"<p><img fetchpriority=\"high\" decoding=\"async\" class=\"size-medium wp-image-495 alignleft\" src=\"https:\/\/atsotamm.com\/wp-content\/uploads\/2023\/08\/tf_3_plus-255x300.jpg\" alt=\"\" width=\"255\" height=\"300\" srcset=\"https:\/\/atsotamm.com\/wp-content\/uploads\/2023\/08\/tf_3_plus-255x300.jpg 255w, https:\/\/atsotamm.com\/wp-content\/uploads\/2023\/08\/tf_3_plus.jpg 295w\" sizes=\"(max-width: 255px) 100vw, 255px\" \/><\/p>\n<p><b>Hydromette BL Compact TF 3 <\/b>on t\u00e4pne temperatuuri ja niiskuse m\u00f5\u00f5tur.\u00a0 Erinavate ehitiste\u00a0 (nt kodukontroll, kliimaseade, t\u00f6\u00f6stus, laod, muuseumid jne) jaoks . Andur on vahetatav. Sondid (pistik\u00fchendusega TF-pead) asetatakse erinevatesse m\u00f5\u00f5-tepunktidesse ja loevad m\u00f5\u00f5detud v\u00e4\u00e4rtused kiiresti v\u00e4lja, v\u00e4ltides nii pikka reguleeri-mise ja tasakaalustamise aega. M\u00f5\u00f5tur on konstrueeritud nii,et seda oleks \u00fche k\u00e4ega\u00a0 lihtne ja h\u00f5lbus k\u00e4sitseda. Tavap\u00e4rane tarnimine sisaldab TF pead 16 K-21, aku ja plastkorpust.<br \/>\n<b>Spetsifikatsioonid:<\/b><br \/>\nMugav taskus \u00fchilduv kiire \u00f5huniiskuse m\u00f5\u00f5tur kiireteks \u00fche- v\u00f5i jadam\u00f5\u00f5tmisteks Kolme m\u00f5\u00f5detud v\u00e4\u00e4rtuse samaaegne kuvamine 3-realise LCD-ekraaniga<br \/>\nEraldusv\u00f5ime: \u00a0 0,1% v\u00f5i 0,1 \u00b0 C<br \/>\nAutomaatne kastepunkti temperatuuri ja puidu niiskuse tasakaalu (UGL) arvutamine<br \/>\nAbsoluutse niiskuse kuvamine (g \/ m\u00b3)<br \/>\nErinevate TF-ipeade erin\u00f5uete jaoks, saadaval erinevat t\u00fc\u00fcpi filtrite \/ kaitsmetega<br \/>\nUSB-ga m\u00f5\u00f5detud v\u00e4\u00e4rtuste edastamiseks arvutisse Tarkvara DIALOG 6.0+ abil pikaajaliste m\u00f5\u00f5tmiste v\u00f5i protsesside j\u00e4lgimiseks<br \/>\nMin, Max ja Hold funktsioon<br \/>\nViie viimase m\u00f5\u00f5detud v\u00e4\u00e4rtuse registreerimine<br \/>\nAutomaatne v\u00e4ljal\u00fclitus<br \/>\nKorpuse m\u00f5\u00f5tmed: 180 [W] x 50 [W] x 30mm [H], kaal umbes 210 g : 9 V aku kogupikkus koos TF-peaga: umbes 210 mm<br \/>\nM\u00f5\u00f5tmisvahemik TF pea 16 K-21<br \/>\n\u00f5huniiskus: 0\u2013100% r.F. \u00b1 3% r.F. (20\u201380% suhteline) (*)<br \/>\ntemperatuur: -20 kuni +80 \u00b0 C \u00b1 0,5 \u00b0 C (0 kuni +60 \u00b0 C) (*)<br \/>\n(*) = sondi t\u00e4psus<br \/>\n<strong>Sondi ja kaabel &#8220;puuri auk&#8221; palun linkist:\u00a0<a href=\"https:\/\/www.atsotamm.ee\/ee\/ws\/7\/89\/ehitus+ja+puu+lisaseadmed\/tf-stift+16+k-25m.html\">sondi\u00a0TF-Stick 16 K-25m<\/a>\u00a0 ja\u00a0<a href=\"https:\/\/www.atsotamm.ee\/ee\/ws\/7\/90\/ehitus+ja+puu+lisaseadmed\/kaabel+m%C3%B5%C3%B5tiku+tf+3+ja+sensor+tf-16+vahele.html\">Kaabel\u00a0<\/a><br \/>\n<a href=\"https:\/\/www.gann.de\/_Resources\/Persistent\/2c1232dd6b0b22bb7dba348f0e5a0c821dd819a9\/BL_Compact_TF_3_V1.2_EN.pdf\">Link: kasutusjuhend inglise keeles<\/a><br \/>\n<a href=\"https:\/\/www.gann.de\/_Resources\/Persistent\/fad1885567c7d65016d3d1268d5e2425191cbe9d\/BL_Compact_TF_3_V1.2_RU.pdf\">\u0421\u0441\u044b\u043b\u043a\u0430: \u0438\u043d\u0441\u0442\u0440\u0443\u043a\u0446\u0438\u044f \u043f\u043e \u043f\u0440\u0438\u043c\u0435\u043d\u0435\u043d\u0438\u044e \u043d\u0430 \u0440\u0443\u0441\u0441\u043a\u043e\u043c \u044f\u0437\u044b\u043a\u0435<\/a><\/strong><\/p>\n","protected":false},"excerpt":{"rendered":"<p><strong>BL Compact TF 3 suhteline \u00f5huniiskus ja temperatuur nii \u00f5hus kui ka puuraukudes<\/strong> &#8211; arvuti\u00fchendus (lisavarustus). Sihtm\u00e4rgid: hooned, panipaigad, kasvuhoonete kohad, kus \u00f5hutemperatuur ja niiskus on eriti olulised. Seadmel on TF-tihvt 16 K-25, akukomplekt ja plastkorpus.<\/p>","protected":false},"featured_media":496,"comment_status":"open","ping_status":"closed","template":"","meta":[],"product_brand":[],"product_cat":[18],"product_tag":[],"class_list":{"0":"post-494","1":"product","2":"type-product","3":"status-publish","4":"has-post-thumbnail","6":"product_cat-ehitus-hugromeeter-niiskus-ja-temperatuur","8":"first","9":"instock","10":"taxable","11":"shipping-taxable","12":"purchasable","13":"product-type-simple"},"jetpack-related-posts":[],"jetpack_sharing_enabled":true,"_links":{"self":[{"href":"https:\/\/atsotamm.com\/fi\/wp-json\/wp\/v2\/product\/494","targetHints":{"allow":["GET"]}}],"collection":[{"href":"https:\/\/atsotamm.com\/fi\/wp-json\/wp\/v2\/product"}],"about":[{"href":"https:\/\/atsotamm.com\/fi\/wp-json\/wp\/v2\/types\/product"}],"replies":[{"embeddable":true,"href":"https:\/\/atsotamm.com\/fi\/wp-json\/wp\/v2\/comments?post=494"}],"version-history":[{"count":4,"href":"https:\/\/atsotamm.com\/fi\/wp-json\/wp\/v2\/product\/494\/revisions"}],"predecessor-version":[{"id":1542,"href":"https:\/\/atsotamm.com\/fi\/wp-json\/wp\/v2\/product\/494\/revisions\/1542"}],"wp:featuredmedia":[{"embeddable":true,"href":"https:\/\/atsotamm.com\/fi\/wp-json\/wp\/v2\/media\/496"}],"wp:attachment":[{"href":"https:\/\/atsotamm.com\/fi\/wp-json\/wp\/v2\/media?parent=494"}],"wp:term":[{"taxonomy":"product_brand","embeddable":true,"href":"https:\/\/atsotamm.com\/fi\/wp-json\/wp\/v2\/product_brand?post=494"},{"taxonomy":"product_cat","embeddable":true,"href":"https:\/\/atsotamm.com\/fi\/wp-json\/wp\/v2\/product_cat?post=494"},{"taxonomy":"product_tag","embeddable":true,"href":"https:\/\/atsotamm.com\/fi\/wp-json\/wp\/v2\/product_tag?post=494"}],"curies":[{"name":"wp","href":"https:\/\/api.w.org\/{rel}","templated":true}]}}