{"id":330,"date":"2023-08-04T16:04:47","date_gmt":"2023-08-04T16:04:47","guid":{"rendered":"https:\/\/atsotamm.com\/?post_type=product&#038;p=330"},"modified":"2026-05-10T13:51:51","modified_gmt":"2026-05-10T13:51:51","slug":"merlin-hm-8-ws-5","status":"publish","type":"product","link":"https:\/\/atsotamm.com\/fi\/product\/merlin-hm-8-ws-5\/","title":{"rendered":"MERLIN HM 8 WS 5"},"content":{"rendered":"<p class=\"translation-block\"><img class=\"size-medium wp-image-331 alignleft\" src=\"https:\/\/atsotamm.com\/wp-content\/uploads\/2023\/08\/HM5_pysty-174x300.jpg\" alt=\" \" width=\"174\" height=\"300\">HM8 - WS5 Tekniset tiedot<br>\nKuusiportainen valintakytkin eri puulajien mukaan (tiheysalue 0,37 g \/ cm3 - 0,67 g \/ cm3)<br>\nMittaussyvyys 5-8 mm<br>\nPuun kosteusprosenttiosuus<br>\nAnturin koko 67 mm * 42 mm, paino 160 g<br>\nToimitus sis\u00e4lt\u00e4\u00e4 9 V akun<br>\nKoko (pituus * leveys * paksuus) 120 mm * 60 mm * 25 mm<br>\nMittausalue 4 % - 99 %<br>\nL\u00e4mp\u00f6tilaero laskurin ja kohteen v\u00e4lill\u00e4 jopa 10 \u00b0C<br>\nKosteutta mitattaessa toisen puolen tulee olla kosketukseton<br>\nMittauksessa ei ole j\u00e4lki\u00e4<br>\nVoi liikkua ja mitata samanaikaisesti<br>\nMittari mittaa keskim\u00e4\u00e4r\u00e4isen kosteuden yl\u00e4- ja alaosan v\u00e4lill\u00e4<\/p>","protected":false},"excerpt":{"rendered":"<p>HM8 \u2013 WS5 H\u00f6yl\u00e4tty tai hiottu puu. 1 kpl varastossa. Hinta Virossa ALV 20% 414,00 \u20ac Hinta Tallinnassa ALV 0% 338,00 \u20ac<\/p>","protected":false},"featured_media":198,"comment_status":"open","ping_status":"closed","template":"","meta":[],"product_brand":[],"product_cat":[21],"product_tag":[],"class_list":{"0":"post-330","1":"product","2":"type-product","3":"status-publish","4":"has-post-thumbnail","6":"product_cat-valjuvad-tooted","8":"first","9":"instock","10":"taxable","11":"shipping-taxable","12":"purchasable","13":"product-type-simple"},"jetpack-related-posts":[],"jetpack_sharing_enabled":true,"_links":{"self":[{"href":"https:\/\/atsotamm.com\/fi\/wp-json\/wp\/v2\/product\/330","targetHints":{"allow":["GET"]}}],"collection":[{"href":"https:\/\/atsotamm.com\/fi\/wp-json\/wp\/v2\/product"}],"about":[{"href":"https:\/\/atsotamm.com\/fi\/wp-json\/wp\/v2\/types\/product"}],"replies":[{"embeddable":true,"href":"https:\/\/atsotamm.com\/fi\/wp-json\/wp\/v2\/comments?post=330"}],"version-history":[{"count":0,"href":"https:\/\/atsotamm.com\/fi\/wp-json\/wp\/v2\/product\/330\/revisions"}],"wp:featuredmedia":[{"embeddable":true,"href":"https:\/\/atsotamm.com\/fi\/wp-json\/wp\/v2\/media\/198"}],"wp:attachment":[{"href":"https:\/\/atsotamm.com\/fi\/wp-json\/wp\/v2\/media?parent=330"}],"wp:term":[{"taxonomy":"product_brand","embeddable":true,"href":"https:\/\/atsotamm.com\/fi\/wp-json\/wp\/v2\/product_brand?post=330"},{"taxonomy":"product_cat","embeddable":true,"href":"https:\/\/atsotamm.com\/fi\/wp-json\/wp\/v2\/product_cat?post=330"},{"taxonomy":"product_tag","embeddable":true,"href":"https:\/\/atsotamm.com\/fi\/wp-json\/wp\/v2\/product_tag?post=330"}],"curies":[{"name":"wp","href":"https:\/\/api.w.org\/{rel}","templated":true}]}}