{"id":326,"date":"2023-08-04T15:59:36","date_gmt":"2023-08-04T15:59:36","guid":{"rendered":"https:\/\/atsotamm.com\/?post_type=product&#038;p=326"},"modified":"2023-08-04T15:59:36","modified_gmt":"2023-08-04T15:59:36","slug":"atso-ohulukkharid","status":"publish","type":"product","link":"https:\/\/atsotamm.com\/fi\/product\/atso-ohulukkharid\/","title":{"rendered":"ATSO ilmaohjainharjat"},"content":{"rendered":"<p class=\"translation-block\">Kuivauskammion harja, parempi kuivauslaatu ja toimii pidemp\u00e4\u00e4n kuin vaijerit ja kuminen ilmalukko. L\u00e4het\u00e4 kysely<br>\nSSVA 10 x x 50 ruostumaton ter\u00e4s, ruuvilla, musta<br>\nlanka PA6 \u00d80,80 mm, musta, sile\u00e4<br>\nL = 1000 mm, K = 600 mm lanka K = 550 mm<\/p>","protected":false},"excerpt":{"rendered":"<p>Kuivauskammion ilmalukkoharja on 176,00 \u20ac\/m<\/p>","protected":false},"featured_media":327,"comment_status":"open","ping_status":"closed","template":"","meta":[],"product_brand":[],"product_cat":[20],"product_tag":[],"class_list":{"0":"post-326","1":"product","2":"type-product","3":"status-publish","4":"has-post-thumbnail","6":"product_cat-puidu-ja-muu-biomaterjali-kuivatamine","8":"first","9":"instock","10":"taxable","11":"shipping-taxable","12":"purchasable","13":"product-type-simple"},"jetpack-related-posts":[],"jetpack_sharing_enabled":true,"_links":{"self":[{"href":"https:\/\/atsotamm.com\/fi\/wp-json\/wp\/v2\/product\/326","targetHints":{"allow":["GET"]}}],"collection":[{"href":"https:\/\/atsotamm.com\/fi\/wp-json\/wp\/v2\/product"}],"about":[{"href":"https:\/\/atsotamm.com\/fi\/wp-json\/wp\/v2\/types\/product"}],"replies":[{"embeddable":true,"href":"https:\/\/atsotamm.com\/fi\/wp-json\/wp\/v2\/comments?post=326"}],"version-history":[{"count":0,"href":"https:\/\/atsotamm.com\/fi\/wp-json\/wp\/v2\/product\/326\/revisions"}],"wp:featuredmedia":[{"embeddable":true,"href":"https:\/\/atsotamm.com\/fi\/wp-json\/wp\/v2\/media\/327"}],"wp:attachment":[{"href":"https:\/\/atsotamm.com\/fi\/wp-json\/wp\/v2\/media?parent=326"}],"wp:term":[{"taxonomy":"product_brand","embeddable":true,"href":"https:\/\/atsotamm.com\/fi\/wp-json\/wp\/v2\/product_brand?post=326"},{"taxonomy":"product_cat","embeddable":true,"href":"https:\/\/atsotamm.com\/fi\/wp-json\/wp\/v2\/product_cat?post=326"},{"taxonomy":"product_tag","embeddable":true,"href":"https:\/\/atsotamm.com\/fi\/wp-json\/wp\/v2\/product_tag?post=326"}],"curies":[{"name":"wp","href":"https:\/\/api.w.org\/{rel}","templated":true}]}}