{"id":320,"date":"2023-08-04T15:45:43","date_gmt":"2023-08-04T15:45:43","guid":{"rendered":"https:\/\/atsotamm.com\/?post_type=product&#038;p=320"},"modified":"2025-03-06T09:14:27","modified_gmt":"2025-03-06T09:14:27","slug":"gann-bl-uni-11","status":"publish","type":"product","link":"https:\/\/atsotamm.com\/fi\/product\/gann-bl-uni-11\/","title":{"rendered":"GANN BL UNI 11 kosteusmittari"},"content":{"rendered":"<p><img fetchpriority=\"high\" decoding=\"async\" class=\"size-medium wp-image-322 alignleft\" src=\"https:\/\/atsotamm.com\/wp-content\/uploads\/2023\/08\/BL_UNI_11_350-300x228.jpg\" alt=\"\" width=\"300\" height=\"228\" srcset=\"https:\/\/atsotamm.com\/wp-content\/uploads\/2023\/08\/BL_UNI_11_350-300x228.jpg 300w, https:\/\/atsotamm.com\/wp-content\/uploads\/2023\/08\/BL_UNI_11_350.jpg 350w\" sizes=\"(max-width: 300px) 100vw, 300px\" \/><\/p>\n<p>Mittari BL UNI 11 tunnistaa automaattisesti kytketyt anturit \/ TF-suuttimet.<\/p>\n<p class=\"translation-block\">B 55 BL kapasitanssipohjainen anturi. Tavoitteena on havaita kosteuden muutokset tasaisilla pinnoilla.<br>\nLaitteeseen on tallennettu erilaisten rakennusmateriaalien ominaisk\u00e4yr\u00e4t. T\u00e4m\u00e4 mahdollistaa lukemien n\u00e4ytt\u00e4misen suoraan painoprosentteina tai CM%:na<\/p>\n<p class=\"translation-block\">Kosteus- ja l\u00e4mp\u00f6tila-anturit: RH-T 37 BL L = 160, RH-T 37 BL L = 320, RH-T 37 BL joustava L = 250,<br>\nRH-T 37 BL joustava L = 350 ilmankosteuden ja ilman l\u00e4mp\u00f6tilan mittaamiseen<\/p>\n<p>Tangot: TF tikku 16 K-21, TF tikku 16 K-25, TF tikku 16 K-25 M (porarei\u00e4n mittaukseen), TF tikku 16 K-25 P<\/p>\n<p>Materiaalin l\u00e4mp\u00f6tila: ET 10 BL, neste tai kaasu TT 40 BL Pintal\u00e4mp\u00f6tila: TF-IR BL, OT 100 BL<\/p>\n<p class=\"translation-block\">Kaapelit: MK 16, MK 18, MK 26 - <strong>&lt;a href=&quot;https:\/\/www.gann.de\/_Resources\/Persistent\/e4801928aa155a570a42b818454e2d92ffef5fd5\/BL_UNI_11_VL&quot; target=&quot;_sel.pdf1.1:EN_sel&quot; K\u00e4ytt\u00f6opas (englanniksi)<\/a><\/strong><\/p>","protected":false},"excerpt":{"rendered":"<p>BL UNI 11 (linkki v\u00e4rillisilt\u00e4 alueilta) Mittalaite, johon voidaan liitt\u00e4\u00e4 laaja valikoima perusmittauksia. Temperature Humidity TF-antureita voidaan k\u00e4ytt\u00e4\u00e4 rakenteen kosteuden ja l\u00e4mp\u00f6tilojen mittaamiseen. Kohteet: erilaiset tilat, ilmastointi, painotalot, varastot, museot, kuntoarvioinnit, rakentajat, remontoijat jne.<br \/>\n<strong>&#8211; <\/strong><strong><a href=\"https:\/\/www.gann.de\/_Resources\/Persistent\/e4801928aa155a570a42b818454e2d92ffef5fd5\/BL_UNI_11_V1.1_EN.pdf\">Link: Kasutusjuhend (inglise keeles)<\/a><\/strong><\/p>","protected":false},"featured_media":321,"comment_status":"open","ping_status":"closed","template":"","meta":[],"product_brand":[],"product_cat":[18],"product_tag":[],"class_list":{"0":"post-320","1":"product","2":"type-product","3":"status-publish","4":"has-post-thumbnail","6":"product_cat-ehitus-hugromeeter-niiskus-ja-temperatuur","8":"first","9":"instock","10":"taxable","11":"shipping-taxable","12":"purchasable","13":"product-type-simple"},"jetpack-related-posts":[],"jetpack_sharing_enabled":true,"_links":{"self":[{"href":"https:\/\/atsotamm.com\/fi\/wp-json\/wp\/v2\/product\/320","targetHints":{"allow":["GET"]}}],"collection":[{"href":"https:\/\/atsotamm.com\/fi\/wp-json\/wp\/v2\/product"}],"about":[{"href":"https:\/\/atsotamm.com\/fi\/wp-json\/wp\/v2\/types\/product"}],"replies":[{"embeddable":true,"href":"https:\/\/atsotamm.com\/fi\/wp-json\/wp\/v2\/comments?post=320"}],"version-history":[{"count":1,"href":"https:\/\/atsotamm.com\/fi\/wp-json\/wp\/v2\/product\/320\/revisions"}],"predecessor-version":[{"id":1545,"href":"https:\/\/atsotamm.com\/fi\/wp-json\/wp\/v2\/product\/320\/revisions\/1545"}],"wp:featuredmedia":[{"embeddable":true,"href":"https:\/\/atsotamm.com\/fi\/wp-json\/wp\/v2\/media\/321"}],"wp:attachment":[{"href":"https:\/\/atsotamm.com\/fi\/wp-json\/wp\/v2\/media?parent=320"}],"wp:term":[{"taxonomy":"product_brand","embeddable":true,"href":"https:\/\/atsotamm.com\/fi\/wp-json\/wp\/v2\/product_brand?post=320"},{"taxonomy":"product_cat","embeddable":true,"href":"https:\/\/atsotamm.com\/fi\/wp-json\/wp\/v2\/product_cat?post=320"},{"taxonomy":"product_tag","embeddable":true,"href":"https:\/\/atsotamm.com\/fi\/wp-json\/wp\/v2\/product_tag?post=320"}],"curies":[{"name":"wp","href":"https:\/\/api.w.org\/{rel}","templated":true}]}}