{"id":1613,"date":"2025-04-21T10:58:00","date_gmt":"2025-04-21T10:58:00","guid":{"rendered":"https:\/\/atsotamm.com\/?post_type=product&#038;p=1613"},"modified":"2025-04-21T10:58:00","modified_gmt":"2025-04-21T10:58:00","slug":"moisture-test-30","status":"publish","type":"product","link":"https:\/\/atsotamm.com\/fi\/product\/moisture-test-30\/","title":{"rendered":"Moisture Test 30"},"content":{"rendered":"<p class=\"translation-block\">MoisTest 30 on oikea mittari kosteuden mittaamiseen ep\u00e4s\u00e4\u00e4nn\u00f6llisilt\u00e4 pinnoilta.\nANTURI\nKest\u00e4v\u00e4st\u00e4 ruostumattomasta ter\u00e4ksest\u00e4 valmistettu ulkoanturi mahdollistaa k\u00e4yt\u00e4nn\u00f6llisen ja tehokkaan kosteusmittauksen ep\u00e4s\u00e4\u00e4nn\u00f6llisilt\u00e4 pinnoilta.\nN\u00c4YTT\u00d6\nMT30 on varustettu kirkkaalla ja korkeakontrastisella 1,8 tuuman LED-n\u00e4yt\u00f6ll\u00e4, joka takaa erinomaisen luettavuuden my\u00f6s suorassa valossa.\nYKSINKERTAISUUS\nMT30:n k\u00e4ytt\u00f6 on eritt\u00e4in intuitiivista:\n- 4 painiketta: virta, valikko, tallennus ja nollaus\n- 3 v\u00e4ri\u00e4: vihre\u00e4 vahvistaa, punainen peruuttaa, sininen siirt\u00e4\u00e4\nERGONOMIA\nMT30-kotelo on kehitetty tavoitteena tarjota paras mahdollinen ergonomia. Aaltoilevat linjat tekev\u00e4t siit\u00e4 helpon otteen, ja liukumaton kumi takaa aina oikean otteen parhaan istuvuuden saavuttamiseksi.<\/p>","protected":false},"excerpt":{"rendered":"<p><strong><br \/>\nTehnilised andmed:<br \/>\n<\/strong>Puun kosteuden mittausalue: 2-99,9 % ja mittaussyvyys 15- 30 mm<br \/>\npuun pienin koko: 700 x 30x 15 mm<br \/>\nPuuryhm\u00e4t: 12 (150-1250 kg\/m3) ja\u00a0kaikki puulajit: 400+<br \/>\nL\u00e4mp\u00f6tilan mittausalue: -10\/+50\u00b0C (resoluutio 0,1\u00b0C)\nresoluutio<br \/>\n-40\/+125\u00b0C (resoluutio 0,1\u00b0C)<br \/>\nKosteusmittausalue RH: 0-99,9 % (resoluutio 0,1 \u00b0C) EMC: 0-30 %<br \/>\nTallennusmuisti: 99 mittausta, ladattavissa tietokoneelle (.csv-tiedosto)<br \/>\nOhjelmoitavat h\u00e4lytykset: min\/maks\/kosteus<br \/>\nAutomaattinen virrankatkaisu: valittavissa 1 - 10 minuuttia<br \/>\nK\u00e4ytt\u00f6l\u00e4mp\u00f6tila: -10\/+50\u00b0C ja k\u00e4ytt\u00f6kosteus: &lt;90 % \u2013 ei kondensoituva<br \/>\nTeho: 3 x AAA \u2013 Kulutus: P\u00c4\u00c4LL\u00c4: 70 mW \u2013 Valmiustila: 3,6 mW - IP-suojausluokka: IP40<br \/>\nMitat: 150x70x31mm ja paino: 208g<br \/>\nLis\u00e4varuste lis\u00e4hinnalla: C002836-RH\/EMC\/T-anturi<\/p>","protected":false},"featured_media":1614,"comment_status":"open","ping_status":"closed","template":"","meta":[],"product_brand":[],"product_cat":[17],"product_tag":[],"class_list":{"0":"post-1613","1":"product","2":"type-product","3":"status-publish","4":"has-post-thumbnail","6":"product_cat-puu-ja-energia-niiskusmooturid-niiskus-ja-temperatuur","8":"first","9":"instock","10":"taxable","11":"shipping-taxable","12":"purchasable","13":"product-type-simple"},"jetpack-related-posts":[],"jetpack_sharing_enabled":true,"_links":{"self":[{"href":"https:\/\/atsotamm.com\/fi\/wp-json\/wp\/v2\/product\/1613","targetHints":{"allow":["GET"]}}],"collection":[{"href":"https:\/\/atsotamm.com\/fi\/wp-json\/wp\/v2\/product"}],"about":[{"href":"https:\/\/atsotamm.com\/fi\/wp-json\/wp\/v2\/types\/product"}],"replies":[{"embeddable":true,"href":"https:\/\/atsotamm.com\/fi\/wp-json\/wp\/v2\/comments?post=1613"}],"version-history":[{"count":1,"href":"https:\/\/atsotamm.com\/fi\/wp-json\/wp\/v2\/product\/1613\/revisions"}],"predecessor-version":[{"id":1615,"href":"https:\/\/atsotamm.com\/fi\/wp-json\/wp\/v2\/product\/1613\/revisions\/1615"}],"wp:featuredmedia":[{"embeddable":true,"href":"https:\/\/atsotamm.com\/fi\/wp-json\/wp\/v2\/media\/1614"}],"wp:attachment":[{"href":"https:\/\/atsotamm.com\/fi\/wp-json\/wp\/v2\/media?parent=1613"}],"wp:term":[{"taxonomy":"product_brand","embeddable":true,"href":"https:\/\/atsotamm.com\/fi\/wp-json\/wp\/v2\/product_brand?post=1613"},{"taxonomy":"product_cat","embeddable":true,"href":"https:\/\/atsotamm.com\/fi\/wp-json\/wp\/v2\/product_cat?post=1613"},{"taxonomy":"product_tag","embeddable":true,"href":"https:\/\/atsotamm.com\/fi\/wp-json\/wp\/v2\/product_tag?post=1613"}],"curies":[{"name":"wp","href":"https:\/\/api.w.org\/{rel}","templated":true}]}}