{"id":1602,"date":"2025-04-11T14:46:22","date_gmt":"2025-04-11T14:46:22","guid":{"rendered":"https:\/\/atsotamm.com\/?post_type=product&#038;p=1602"},"modified":"2025-10-09T23:35:09","modified_gmt":"2025-10-09T23:35:09","slug":"log-moisture-test-10","status":"publish","type":"product","link":"https:\/\/atsotamm.com\/fi\/product\/log-moisture-test-10\/","title":{"rendered":"Log Moisture Test 10"},"content":{"rendered":"<p>MoistureTest 10 on spetsiaalselt v\u00e4lja t\u00f6\u00f6tatud \u00f5hukeste puittoodete (spooni) niiskuse m\u00f5\u00f5tmiseks.M\u00f5\u00f5tmisl\u00e4bivus on 0,6-4,8 mm, M\u00f5\u00f5tur on \u00f5ige vahend puidu niiskuse m\u00f5\u00f5tmisel v\u00e4\u00e4rtuslikes ja \u00f5hukestes puittoodetes.<\/p>","protected":false},"excerpt":{"rendered":"<p><strong>Tekniset tiedot<br \/>\n<\/strong>Puun kosteuden mittausalue: 2-99,9 %<br \/>\nMittaussyvyys: 0,6-4,8 mm (s\u00e4\u00e4dett\u00e4v\u00e4)<br \/>\nPuun minimikoko: 119x65x27mm<br \/>\nPuuryhm\u00e4t: 12 (150-1250 kg\/m3) - Mukana lajit: 400+<br \/>\nL\u00e4mp\u00f6tilan mittausalue -10\/+50\u00b0C (resoluutio 0,1\u00b0C)\n \t-40\/+125\u00b0C (resoluutio 0,1\u00b0C)<br \/>\nKosteuden mittausalue RH: 0-99,9 % (resoluutio 0,1 \u00b0C) EMC: 0-30 %<br \/>\nS\u00e4ilytysmuisti: 99 laukausta, ladattavissa PC:lle (.csv-tiedosto)<br \/>\nOhjelmoitavat h\u00e4lytykset: Min\/Max Kosteus<br \/>\nAutomaattinen sammutus: valittavissa 1-10 minuuttia<br \/>\nK\u00e4ytt\u00f6l\u00e4mp\u00f6tila: -10\/+50\u00b0C -  K\u00e4ytt\u00f6kosteus: &lt;90 % - ei kondensoituvaa<br \/>\nTeho: 3 x AAA - Kulutus: P\u00c4\u00c4LL\u00c4: 70 mW \u2013 Valmiustila: 3,6 uW - IP-suojausluokka: IP40<br \/>\nMitat: 150x70x31mm - Paino: 145 gr<br \/>\nLis\u00e4tarvike: RH\/EMC\/T-anturi<\/p>","protected":false},"featured_media":1603,"comment_status":"open","ping_status":"closed","template":"","meta":[],"product_brand":[],"product_cat":[17],"product_tag":[],"class_list":{"0":"post-1602","1":"product","2":"type-product","3":"status-publish","4":"has-post-thumbnail","6":"product_cat-puu-ja-energia-niiskusmooturid-niiskus-ja-temperatuur","8":"first","9":"instock","10":"taxable","11":"shipping-taxable","12":"purchasable","13":"product-type-simple"},"jetpack-related-posts":[],"jetpack_sharing_enabled":true,"_links":{"self":[{"href":"https:\/\/atsotamm.com\/fi\/wp-json\/wp\/v2\/product\/1602","targetHints":{"allow":["GET"]}}],"collection":[{"href":"https:\/\/atsotamm.com\/fi\/wp-json\/wp\/v2\/product"}],"about":[{"href":"https:\/\/atsotamm.com\/fi\/wp-json\/wp\/v2\/types\/product"}],"replies":[{"embeddable":true,"href":"https:\/\/atsotamm.com\/fi\/wp-json\/wp\/v2\/comments?post=1602"}],"version-history":[{"count":3,"href":"https:\/\/atsotamm.com\/fi\/wp-json\/wp\/v2\/product\/1602\/revisions"}],"predecessor-version":[{"id":1606,"href":"https:\/\/atsotamm.com\/fi\/wp-json\/wp\/v2\/product\/1602\/revisions\/1606"}],"wp:featuredmedia":[{"embeddable":true,"href":"https:\/\/atsotamm.com\/fi\/wp-json\/wp\/v2\/media\/1603"}],"wp:attachment":[{"href":"https:\/\/atsotamm.com\/fi\/wp-json\/wp\/v2\/media?parent=1602"}],"wp:term":[{"taxonomy":"product_brand","embeddable":true,"href":"https:\/\/atsotamm.com\/fi\/wp-json\/wp\/v2\/product_brand?post=1602"},{"taxonomy":"product_cat","embeddable":true,"href":"https:\/\/atsotamm.com\/fi\/wp-json\/wp\/v2\/product_cat?post=1602"},{"taxonomy":"product_tag","embeddable":true,"href":"https:\/\/atsotamm.com\/fi\/wp-json\/wp\/v2\/product_tag?post=1602"}],"curies":[{"name":"wp","href":"https:\/\/api.w.org\/{rel}","templated":true}]}}