{"id":1596,"date":"2025-03-27T11:48:51","date_gmt":"2025-03-27T11:48:51","guid":{"rendered":"https:\/\/atsotamm.com\/?post_type=product&#038;p=1596"},"modified":"2025-03-27T11:48:51","modified_gmt":"2025-03-27T11:48:51","slug":"gann-compact-a","status":"publish","type":"product","link":"https:\/\/atsotamm.com\/fi\/product\/gann-compact-a\/","title":{"rendered":"Gann compact A"},"content":{"rendered":"<p>K\u00e4tev\u00e4 taskukokoinen kosteusmittari puun nopeaan kosteusmittaukseen.\u00a0Puun kosteuden suora n\u00e4ytt\u00f6 massaprosentteina LCD-n\u00e4yt\u00f6n kautta. Sopii erityisesti maalareille, sisustussuunnittelijoille, parketin asentajille ja huonekaluvalmistajille.<\/p>","protected":false},"excerpt":{"rendered":"<p>Resoluutio: 0,1 %<br \/>\nMittausarvon korjaus puulajin tai puumateriaalin mukaan puulajin s\u00e4\u00e4timell\u00e4 1-10<br \/>\nLaitteen mukana tulee 9 V akku ja muovikotelo.<br \/>\nK\u00e4ytt\u00f6tarkoitus ja mittausalue: \nHydromette COMPACT \u00bbA\u00ab-kosteusmittari on suunniteltu puun kosteuden kerta- tai jatkuvaan mittaukseen. Mittausalue riippuu puulajista ja sen tiheydest\u00e4, v\u00e4lill\u00e4 5-45 %.\nJos t\u00e4m\u00e4 puun kosteusalue ylittyy, n\u00e4yt\u00f6ss\u00e4 n\u00e4kyy vain piste.<\/p>","protected":false},"featured_media":1597,"comment_status":"open","ping_status":"closed","template":"","meta":[],"product_brand":[],"product_cat":[15],"product_tag":[],"class_list":{"0":"post-1596","1":"product","2":"type-product","3":"status-publish","4":"has-post-thumbnail","6":"product_cat-masinad-ja-seadmed-puu-ja-ehitus","8":"first","9":"instock","10":"taxable","11":"shipping-taxable","12":"purchasable","13":"product-type-simple"},"jetpack-related-posts":[],"jetpack_sharing_enabled":true,"_links":{"self":[{"href":"https:\/\/atsotamm.com\/fi\/wp-json\/wp\/v2\/product\/1596","targetHints":{"allow":["GET"]}}],"collection":[{"href":"https:\/\/atsotamm.com\/fi\/wp-json\/wp\/v2\/product"}],"about":[{"href":"https:\/\/atsotamm.com\/fi\/wp-json\/wp\/v2\/types\/product"}],"replies":[{"embeddable":true,"href":"https:\/\/atsotamm.com\/fi\/wp-json\/wp\/v2\/comments?post=1596"}],"version-history":[{"count":1,"href":"https:\/\/atsotamm.com\/fi\/wp-json\/wp\/v2\/product\/1596\/revisions"}],"predecessor-version":[{"id":1598,"href":"https:\/\/atsotamm.com\/fi\/wp-json\/wp\/v2\/product\/1596\/revisions\/1598"}],"wp:featuredmedia":[{"embeddable":true,"href":"https:\/\/atsotamm.com\/fi\/wp-json\/wp\/v2\/media\/1597"}],"wp:attachment":[{"href":"https:\/\/atsotamm.com\/fi\/wp-json\/wp\/v2\/media?parent=1596"}],"wp:term":[{"taxonomy":"product_brand","embeddable":true,"href":"https:\/\/atsotamm.com\/fi\/wp-json\/wp\/v2\/product_brand?post=1596"},{"taxonomy":"product_cat","embeddable":true,"href":"https:\/\/atsotamm.com\/fi\/wp-json\/wp\/v2\/product_cat?post=1596"},{"taxonomy":"product_tag","embeddable":true,"href":"https:\/\/atsotamm.com\/fi\/wp-json\/wp\/v2\/product_tag?post=1596"}],"curies":[{"name":"wp","href":"https:\/\/api.w.org\/{rel}","templated":true}]}}