{"id":1516,"date":"2025-02-28T08:04:20","date_gmt":"2025-02-28T08:04:20","guid":{"rendered":"https:\/\/atsotamm.com\/?post_type=product&#038;p=1516"},"modified":"2026-03-01T12:39:28","modified_gmt":"2026-03-01T12:39:28","slug":"logca-tasanduskiht-betoon","status":"publish","type":"product","link":"https:\/\/atsotamm.com\/fi\/product\/logca-tasanduskiht-betoon\/","title":{"rendered":"Logca tasoite \/ betoni"},"content":{"rendered":"<p>Uusi betonimittaussarja on t\u00e4ysin p\u00e4ivitetty ja suunniteltu uudelleen. Se on nyt saatavana uudessa versiossa, joka on tarkempi, kest\u00e4v\u00e4mpi ja k\u00e4yt\u00e4nn\u00f6llisempi k\u00e4ytt\u00e4\u00e4.<\/p>","protected":false},"excerpt":{"rendered":"<p>Uusi betonimittaussarja on t\u00e4ysin p\u00e4ivitetty ja suunniteltu uudelleen. Se on nyt saatavana uudessa versiossa, joka on tarkempi, kest\u00e4v\u00e4mpi ja k\u00e4yt\u00e4nn\u00f6llisempi k\u00e4ytt\u00e4\u00e4.<\/p>\n<p>Paketista l\u00f6yd\u00e4t:<br \/>\n1 x RH anturi<br \/>\n1x 40mm suoja (5 kpl)<br \/>\n1x 60mm suoja (5 kpl)<br \/>\n1 x p\u00f6lyimurisovite<\/p>","protected":false},"featured_media":1517,"comment_status":"open","ping_status":"closed","template":"","meta":[],"product_brand":[],"product_cat":[19],"product_tag":[],"class_list":{"0":"post-1516","1":"product","2":"type-product","3":"status-publish","4":"has-post-thumbnail","6":"product_cat-ehitus-ja-puu-lisaseadmed","8":"first","9":"instock","10":"taxable","11":"shipping-taxable","12":"purchasable","13":"product-type-simple"},"jetpack-related-posts":[],"jetpack_sharing_enabled":true,"_links":{"self":[{"href":"https:\/\/atsotamm.com\/fi\/wp-json\/wp\/v2\/product\/1516","targetHints":{"allow":["GET"]}}],"collection":[{"href":"https:\/\/atsotamm.com\/fi\/wp-json\/wp\/v2\/product"}],"about":[{"href":"https:\/\/atsotamm.com\/fi\/wp-json\/wp\/v2\/types\/product"}],"replies":[{"embeddable":true,"href":"https:\/\/atsotamm.com\/fi\/wp-json\/wp\/v2\/comments?post=1516"}],"version-history":[{"count":1,"href":"https:\/\/atsotamm.com\/fi\/wp-json\/wp\/v2\/product\/1516\/revisions"}],"predecessor-version":[{"id":1518,"href":"https:\/\/atsotamm.com\/fi\/wp-json\/wp\/v2\/product\/1516\/revisions\/1518"}],"wp:featuredmedia":[{"embeddable":true,"href":"https:\/\/atsotamm.com\/fi\/wp-json\/wp\/v2\/media\/1517"}],"wp:attachment":[{"href":"https:\/\/atsotamm.com\/fi\/wp-json\/wp\/v2\/media?parent=1516"}],"wp:term":[{"taxonomy":"product_brand","embeddable":true,"href":"https:\/\/atsotamm.com\/fi\/wp-json\/wp\/v2\/product_brand?post=1516"},{"taxonomy":"product_cat","embeddable":true,"href":"https:\/\/atsotamm.com\/fi\/wp-json\/wp\/v2\/product_cat?post=1516"},{"taxonomy":"product_tag","embeddable":true,"href":"https:\/\/atsotamm.com\/fi\/wp-json\/wp\/v2\/product_tag?post=1516"}],"curies":[{"name":"wp","href":"https:\/\/api.w.org\/{rel}","templated":true}]}}