{"id":1511,"date":"2025-02-25T08:28:59","date_gmt":"2025-02-25T08:28:59","guid":{"rendered":"https:\/\/atsotamm.com\/?post_type=product&#038;p=1511"},"modified":"2026-02-10T11:25:20","modified_gmt":"2026-02-10T11:25:20","slug":"pinnamootepaari-m-20-of-15","status":"publish","type":"product","link":"https:\/\/atsotamm.com\/fi\/product\/pinnamootepaari-m-20-of-15\/","title":{"rendered":"Pintamittausparia M 20-OF 15"},"content":{"rendered":"<p><b>Pinnam\u00f5\u00f5tepaari<\/b><b> M 20-OF 15 <\/b>Pintamittausparia M 20-OF 15 k\u00e4ytet\u00e4\u00e4n puunkosteuden ja rakennuskosteuden vastuspohjaiseen mittaukseen pinnoilla vahingoittamatta mitattavaa materiaalia.<\/p>","protected":false},"excerpt":{"rendered":"<p>1. Puun kosteusalueella se soveltuu esimerkiksi viilujen mittaamiseen,<br \/>\n2. Rakennuskosteusalueella se soveltuu betonin, rappauksen tai tasoitteen mittaamiseen ennen pinnoitteen, kuten epoksihartsin, levitt\u00e4mist\u00e4.<br \/>\nmin.0,1 - max.60 painoprosenttia (esim. puun kosteus)<br \/>\nmin.0,1 - max.12 CM-%<br \/>\nv\u00e4hint\u00e4\u00e4n 0 - enint\u00e4\u00e4n 87 numeroa<br \/>\nMittausalueet riippuvat k\u00e4ytetyst\u00e4 mittalaitteesta<br \/>\n<b>Tarvittavat apulaitteet<\/b><b>\u00a0 abivarustus:<br \/>\n<\/b>1. ly\u00f6ntivasara M 20<br \/>\n2. Liit\u00e4nt\u00e4johto (s\u00e4hk\u00f6vastus)<\/p>","protected":false},"featured_media":1512,"comment_status":"open","ping_status":"closed","template":"","meta":[],"product_brand":[],"product_cat":[19],"product_tag":[45],"class_list":{"0":"post-1511","1":"product","2":"type-product","3":"status-publish","4":"has-post-thumbnail","6":"product_cat-ehitus-ja-puu-lisaseadmed","7":"product_tag-niiskus","9":"first","10":"instock","11":"taxable","12":"shipping-taxable","13":"purchasable","14":"product-type-simple"},"jetpack-related-posts":[],"jetpack_sharing_enabled":true,"_links":{"self":[{"href":"https:\/\/atsotamm.com\/fi\/wp-json\/wp\/v2\/product\/1511","targetHints":{"allow":["GET"]}}],"collection":[{"href":"https:\/\/atsotamm.com\/fi\/wp-json\/wp\/v2\/product"}],"about":[{"href":"https:\/\/atsotamm.com\/fi\/wp-json\/wp\/v2\/types\/product"}],"replies":[{"embeddable":true,"href":"https:\/\/atsotamm.com\/fi\/wp-json\/wp\/v2\/comments?post=1511"}],"version-history":[{"count":2,"href":"https:\/\/atsotamm.com\/fi\/wp-json\/wp\/v2\/product\/1511\/revisions"}],"predecessor-version":[{"id":1515,"href":"https:\/\/atsotamm.com\/fi\/wp-json\/wp\/v2\/product\/1511\/revisions\/1515"}],"wp:featuredmedia":[{"embeddable":true,"href":"https:\/\/atsotamm.com\/fi\/wp-json\/wp\/v2\/media\/1512"}],"wp:attachment":[{"href":"https:\/\/atsotamm.com\/fi\/wp-json\/wp\/v2\/media?parent=1511"}],"wp:term":[{"taxonomy":"product_brand","embeddable":true,"href":"https:\/\/atsotamm.com\/fi\/wp-json\/wp\/v2\/product_brand?post=1511"},{"taxonomy":"product_cat","embeddable":true,"href":"https:\/\/atsotamm.com\/fi\/wp-json\/wp\/v2\/product_cat?post=1511"},{"taxonomy":"product_tag","embeddable":true,"href":"https:\/\/atsotamm.com\/fi\/wp-json\/wp\/v2\/product_tag?post=1511"}],"curies":[{"name":"wp","href":"https:\/\/api.w.org\/{rel}","templated":true}]}}