{"id":1503,"date":"2025-02-18T12:25:43","date_gmt":"2025-02-18T12:25:43","guid":{"rendered":"https:\/\/atsotamm.com\/?post_type=product&#038;p=1503"},"modified":"2026-03-01T12:39:45","modified_gmt":"2026-03-01T12:39:45","slug":"trotec-bm-31-kosteusilmaisin","status":"publish","type":"product","link":"https:\/\/atsotamm.com\/fi\/product\/trotec-bm-31-kosteusilmaisin\/","title":{"rendered":"Trotec BM 31 kosteusilmaisin"},"content":{"rendered":"<p>BM31 on elektroninen kosteusilmaisin, jonka avulla selvit\u00e4mme nopeasti ja helposti kosteusalueen ja kosteusjakauman tasopinnalta (sein\u00e4t, lattiat tai katot ) eri materiaaleista.<br \/>\nDielektrisen mittausmenetelm\u00e4n ansiosta kosteusilmaisin ei vahingoita pintoja ja mittap\u00e4it\u00e4  eik\u00e4 antureita tarvita asettaa mitattavaan materiaaliin.\nBM31 on heti k\u00e4ytt\u00f6valmis, se n\u00e4ytt\u00e4\u00e4 reaaliaikaisen mittausarvon lis\u00e4ksi k\u00e4ytt\u00e4j\u00e4lle hy\u00f6dyllist\u00e4 lis\u00e4tietoa, kuten minimi- ja maksimiarvot. \nN\u00e4m\u00e4 ovat helposti luettavissa taustavalolla varustetulta n\u00e4yt\u00f6lt\u00e4 napin painalluksella. Oleva mitta-arvo voidaan lukita pitotoiminnolla.<\/p>","protected":false},"excerpt":{"rendered":"<p>BM31 on elektroninen kosteusilmaisin, jonka avulla selvit\u00e4mme nopeasti ja helposti kosteusalueen ja kosteusjakauman tasopinnalta (sein\u00e4t, lattiat tai katot ) eri materiaaleista.<\/p>","protected":false},"featured_media":1505,"comment_status":"open","ping_status":"closed","template":"","meta":[],"product_brand":[],"product_cat":[18],"product_tag":[54,45],"class_list":{"0":"post-1503","1":"product","2":"type-product","3":"status-publish","4":"has-post-thumbnail","6":"product_cat-ehitus-hugromeeter-niiskus-ja-temperatuur","7":"product_tag-kosteus","8":"product_tag-niiskus","10":"first","11":"instock","12":"taxable","13":"shipping-taxable","14":"purchasable","15":"product-type-simple"},"jetpack-related-posts":[],"jetpack_sharing_enabled":true,"_links":{"self":[{"href":"https:\/\/atsotamm.com\/fi\/wp-json\/wp\/v2\/product\/1503","targetHints":{"allow":["GET"]}}],"collection":[{"href":"https:\/\/atsotamm.com\/fi\/wp-json\/wp\/v2\/product"}],"about":[{"href":"https:\/\/atsotamm.com\/fi\/wp-json\/wp\/v2\/types\/product"}],"replies":[{"embeddable":true,"href":"https:\/\/atsotamm.com\/fi\/wp-json\/wp\/v2\/comments?post=1503"}],"version-history":[{"count":4,"href":"https:\/\/atsotamm.com\/fi\/wp-json\/wp\/v2\/product\/1503\/revisions"}],"predecessor-version":[{"id":1509,"href":"https:\/\/atsotamm.com\/fi\/wp-json\/wp\/v2\/product\/1503\/revisions\/1509"}],"wp:featuredmedia":[{"embeddable":true,"href":"https:\/\/atsotamm.com\/fi\/wp-json\/wp\/v2\/media\/1505"}],"wp:attachment":[{"href":"https:\/\/atsotamm.com\/fi\/wp-json\/wp\/v2\/media?parent=1503"}],"wp:term":[{"taxonomy":"product_brand","embeddable":true,"href":"https:\/\/atsotamm.com\/fi\/wp-json\/wp\/v2\/product_brand?post=1503"},{"taxonomy":"product_cat","embeddable":true,"href":"https:\/\/atsotamm.com\/fi\/wp-json\/wp\/v2\/product_cat?post=1503"},{"taxonomy":"product_tag","embeddable":true,"href":"https:\/\/atsotamm.com\/fi\/wp-json\/wp\/v2\/product_tag?post=1503"}],"curies":[{"name":"wp","href":"https:\/\/api.w.org\/{rel}","templated":true}]}}