{"id":1473,"date":"2025-02-06T06:30:45","date_gmt":"2025-02-06T06:30:45","guid":{"rendered":"https:\/\/atsotamm.com\/?post_type=product&#038;p=1473"},"modified":"2025-10-30T12:01:52","modified_gmt":"2025-10-30T12:01:52","slug":"logca-atso-spf-andur-saeamuru-mootmiseks","status":"publish","type":"product","link":"https:\/\/atsotamm.com\/fi\/product\/logca-atso-spf-andur-saeamuru-mootmiseks\/","title":{"rendered":"Logca Atso SPF-mittap\u00e4\u00e4 sahapurun kosteuden mittaukseen"},"content":{"rendered":"<p>Normaalin elektrodipidikkeen sijasta kytkettyn\u00e4 se on ty\u00f6nnett\u00e4v\u00e4 syv\u00e4lle mitattavaan materiaaliin ja tiivistett\u00e4v\u00e4 vastaavasti.\nSuositeltu kosteusalue: 15+ %\nAnturin materiaali: AISI304 ter\u00e4s\nAnturin pituus: 60 cm\nHalkaisija: \u00f812mm<br \/>\nSoovitatav niiskusvahemik: 15+ %<br \/>\nAISI304 \u2013 Pikkus 60cm \u2013 \u00d812mm<br \/>\nLinkit\u00a0<strong><a href=\"\/fi\/product\/logca-atso-moistec-mootik-puidu-ja-hakkepuidu\/\">Logca Atso Moistec mittari puu ja hake<\/a><\/strong><\/p>\n<p>&nbsp;<\/p>","protected":false},"excerpt":{"rendered":"<p>See on \u00fchendatud tavalise elektroodihoidiku asemel ja. Andur sisestatakse s\u00fcgavale m\u00f5\u00f5detavasse materjali, mis on h\u00e4sti tihendatud. Soovitatav niiskusvahemik: 15+ % AISI304 \u2013 Pikkus 60cm \u2013 \u00d812mm Lingid:\u00a0Logca Atso MoisTec m\u00f5\u00f5tik puidu ja hakkepuidu &nbsp;<\/p>","protected":false},"featured_media":1492,"comment_status":"open","ping_status":"closed","template":"","meta":[],"product_brand":[],"product_cat":[19],"product_tag":[],"class_list":{"0":"post-1473","1":"product","2":"type-product","3":"status-publish","4":"has-post-thumbnail","6":"product_cat-ehitus-ja-puu-lisaseadmed","8":"first","9":"instock","10":"taxable","11":"shipping-taxable","12":"purchasable","13":"product-type-simple"},"jetpack-related-posts":[],"jetpack_sharing_enabled":true,"_links":{"self":[{"href":"https:\/\/atsotamm.com\/fi\/wp-json\/wp\/v2\/product\/1473","targetHints":{"allow":["GET"]}}],"collection":[{"href":"https:\/\/atsotamm.com\/fi\/wp-json\/wp\/v2\/product"}],"about":[{"href":"https:\/\/atsotamm.com\/fi\/wp-json\/wp\/v2\/types\/product"}],"replies":[{"embeddable":true,"href":"https:\/\/atsotamm.com\/fi\/wp-json\/wp\/v2\/comments?post=1473"}],"version-history":[{"count":5,"href":"https:\/\/atsotamm.com\/fi\/wp-json\/wp\/v2\/product\/1473\/revisions"}],"predecessor-version":[{"id":1500,"href":"https:\/\/atsotamm.com\/fi\/wp-json\/wp\/v2\/product\/1473\/revisions\/1500"}],"wp:featuredmedia":[{"embeddable":true,"href":"https:\/\/atsotamm.com\/fi\/wp-json\/wp\/v2\/media\/1492"}],"wp:attachment":[{"href":"https:\/\/atsotamm.com\/fi\/wp-json\/wp\/v2\/media?parent=1473"}],"wp:term":[{"taxonomy":"product_brand","embeddable":true,"href":"https:\/\/atsotamm.com\/fi\/wp-json\/wp\/v2\/product_brand?post=1473"},{"taxonomy":"product_cat","embeddable":true,"href":"https:\/\/atsotamm.com\/fi\/wp-json\/wp\/v2\/product_cat?post=1473"},{"taxonomy":"product_tag","embeddable":true,"href":"https:\/\/atsotamm.com\/fi\/wp-json\/wp\/v2\/product_tag?post=1473"}],"curies":[{"name":"wp","href":"https:\/\/api.w.org\/{rel}","templated":true}]}}