{"id":1470,"date":"2025-02-06T06:28:33","date_gmt":"2025-02-06T06:28:33","guid":{"rendered":"https:\/\/atsotamm.com\/?post_type=product&#038;p=1470"},"modified":"2025-02-13T10:31:30","modified_gmt":"2025-02-13T10:31:30","slug":"logca-atso-elektroodid-pinnamootmiseks","status":"publish","type":"product","link":"https:\/\/atsotamm.com\/fi\/product\/logca-atso-elektroodid-pinnamootmiseks\/","title":{"rendered":"Logca Atso sensorit pinnan kosteuden mittaamiseksi"},"content":{"rendered":"<p>Eiv\u00e4t vahingoita mitattavaa materiaalia ja k\u00e4ytet\u00e4\u00e4n anturin kanssa, yksinkertaisesti ruuvaamalla ne siihen kiinni elektrodien sijaan.<\/p>","protected":false},"excerpt":{"rendered":"<p>Ruostumattomasta ter\u00e4ksest\u00e4 valmistettu AISI303-elektrodipari pintakosketuksen mittaamiseen<\/p>","protected":false},"featured_media":1486,"comment_status":"open","ping_status":"closed","template":"","meta":[],"product_brand":[],"product_cat":[19],"product_tag":[],"class_list":{"0":"post-1470","1":"product","2":"type-product","3":"status-publish","4":"has-post-thumbnail","6":"product_cat-ehitus-ja-puu-lisaseadmed","8":"first","9":"instock","10":"taxable","11":"shipping-taxable","12":"purchasable","13":"product-type-simple"},"jetpack-related-posts":[],"jetpack_sharing_enabled":true,"_links":{"self":[{"href":"https:\/\/atsotamm.com\/fi\/wp-json\/wp\/v2\/product\/1470","targetHints":{"allow":["GET"]}}],"collection":[{"href":"https:\/\/atsotamm.com\/fi\/wp-json\/wp\/v2\/product"}],"about":[{"href":"https:\/\/atsotamm.com\/fi\/wp-json\/wp\/v2\/types\/product"}],"replies":[{"embeddable":true,"href":"https:\/\/atsotamm.com\/fi\/wp-json\/wp\/v2\/comments?post=1470"}],"version-history":[{"count":1,"href":"https:\/\/atsotamm.com\/fi\/wp-json\/wp\/v2\/product\/1470\/revisions"}],"predecessor-version":[{"id":1487,"href":"https:\/\/atsotamm.com\/fi\/wp-json\/wp\/v2\/product\/1470\/revisions\/1487"}],"wp:featuredmedia":[{"embeddable":true,"href":"https:\/\/atsotamm.com\/fi\/wp-json\/wp\/v2\/media\/1486"}],"wp:attachment":[{"href":"https:\/\/atsotamm.com\/fi\/wp-json\/wp\/v2\/media?parent=1470"}],"wp:term":[{"taxonomy":"product_brand","embeddable":true,"href":"https:\/\/atsotamm.com\/fi\/wp-json\/wp\/v2\/product_brand?post=1470"},{"taxonomy":"product_cat","embeddable":true,"href":"https:\/\/atsotamm.com\/fi\/wp-json\/wp\/v2\/product_cat?post=1470"},{"taxonomy":"product_tag","embeddable":true,"href":"https:\/\/atsotamm.com\/fi\/wp-json\/wp\/v2\/product_tag?post=1470"}],"curies":[{"name":"wp","href":"https:\/\/api.w.org\/{rel}","templated":true}]}}