{"id":1469,"date":"2025-02-06T06:27:54","date_gmt":"2025-02-06T06:27:54","guid":{"rendered":"https:\/\/atsotamm.com\/?post_type=product&#038;p=1469"},"modified":"2025-02-13T10:32:50","modified_gmt":"2025-02-13T10:32:50","slug":"logca-atso-isoleeritud-elektroodid","status":"publish","type":"product","link":"https:\/\/atsotamm.com\/fi\/product\/logca-atso-isoleeritud-elektroodid\/","title":{"rendered":"Logca Atso eristetyt elektrodit"},"content":{"rendered":"<p>Eristetty versio: Elektrodin eristetty runko mahdollistaa puun kosteuden mittaamisen halutusta syvyydest\u00e4, my\u00f6s pinnasta.<br \/>\nElektrodeja on saatavana kahta eri pituutta, joita voidaan k\u00e4ytt\u00e4\u00e4 elektrodin liukuvasaran tai anturin kanssa.\n20 kpl x 25 mm hinta alv 0% 24,00 \u20ac\n20 kpl x 40 mm hinta alv 0% 39,00 \u20ac\n10 kpl x 25 mm ja 10 kpl x 40 mm hinta alv 0% 44,00 \u20ac<br \/>\n20 tk x 25 mm Hind KM 0% 24,00 \u20ac<br \/>\n20 tk x 40 mm Hind KM 0% 39,00 \u20ac<br \/>\nelektroodikomplekt 20 osa (10 x 25 mm + 10 x 40 mm) Hind KM 0% 44,00<\/p>","protected":false},"excerpt":{"rendered":"<p>K\u00e4ytt\u00f6 vasaroiden (liuku ja ly\u00f6ntivasara) kanssa. N\u00e4iss\u00e4 elektrodeissa on eritt\u00e4in ter\u00e4v\u00e4 k\u00e4rki, mik\u00e4 mahdollistaa helpon mittauksen syv\u00e4lt\u00e4.\n20 kpl x 25 mm hinta alv 0% 24,00 \u20ac\n20 kpl x 40 mm hinta alv 0% 39,00 \u20ac<br \/>\n20 tk x 25 mm Hind KM 0% 24,00 \u20ac<br \/>\n20 tk x 40 mm Hind KM 0% 39,00 \u20ac<\/p>","protected":false},"featured_media":1484,"comment_status":"open","ping_status":"closed","template":"","meta":[],"product_brand":[],"product_cat":[19],"product_tag":[],"class_list":{"0":"post-1469","1":"product","2":"type-product","3":"status-publish","4":"has-post-thumbnail","6":"product_cat-ehitus-ja-puu-lisaseadmed","8":"first","9":"instock","10":"taxable","11":"shipping-taxable","12":"purchasable","13":"product-type-simple"},"jetpack-related-posts":[],"jetpack_sharing_enabled":true,"_links":{"self":[{"href":"https:\/\/atsotamm.com\/fi\/wp-json\/wp\/v2\/product\/1469","targetHints":{"allow":["GET"]}}],"collection":[{"href":"https:\/\/atsotamm.com\/fi\/wp-json\/wp\/v2\/product"}],"about":[{"href":"https:\/\/atsotamm.com\/fi\/wp-json\/wp\/v2\/types\/product"}],"replies":[{"embeddable":true,"href":"https:\/\/atsotamm.com\/fi\/wp-json\/wp\/v2\/comments?post=1469"}],"version-history":[{"count":1,"href":"https:\/\/atsotamm.com\/fi\/wp-json\/wp\/v2\/product\/1469\/revisions"}],"predecessor-version":[{"id":1485,"href":"https:\/\/atsotamm.com\/fi\/wp-json\/wp\/v2\/product\/1469\/revisions\/1485"}],"wp:featuredmedia":[{"embeddable":true,"href":"https:\/\/atsotamm.com\/fi\/wp-json\/wp\/v2\/media\/1484"}],"wp:attachment":[{"href":"https:\/\/atsotamm.com\/fi\/wp-json\/wp\/v2\/media?parent=1469"}],"wp:term":[{"taxonomy":"product_brand","embeddable":true,"href":"https:\/\/atsotamm.com\/fi\/wp-json\/wp\/v2\/product_brand?post=1469"},{"taxonomy":"product_cat","embeddable":true,"href":"https:\/\/atsotamm.com\/fi\/wp-json\/wp\/v2\/product_cat?post=1469"},{"taxonomy":"product_tag","embeddable":true,"href":"https:\/\/atsotamm.com\/fi\/wp-json\/wp\/v2\/product_tag?post=1469"}],"curies":[{"name":"wp","href":"https:\/\/api.w.org\/{rel}","templated":true}]}}