{"id":1467,"date":"2025-02-06T06:26:39","date_gmt":"2025-02-06T06:26:39","guid":{"rendered":"https:\/\/atsotamm.com\/?post_type=product&#038;p=1467"},"modified":"2025-02-13T10:34:09","modified_gmt":"2025-02-13T10:34:09","slug":"logca-atso-lookhaamer","status":"publish","type":"product","link":"https:\/\/atsotamm.com\/fi\/product\/logca-atso-lookhaamer\/","title":{"rendered":"Logca Atso ly\u00f6ntivasara"},"content":{"rendered":"<p>Lis\u00e4varuste vastusmittareihin. Anturissa on hyvin eristetty kahva ja sarja ohutk\u00e4rkisi\u00e4 kierrettyj\u00e4 ter\u00e4selektrodeja, joiden tunkeutumissyvyys on 0,5 mm. K\u00e4yt\u00e4 pinnan mittaukseen (viilu tai ei-puumateriaali). Anturi voidaan varustaa my\u00f6s tavallisilla 40 tai 60 mm elektrodeilla.<\/p>","protected":false},"excerpt":{"rendered":"<p>l\u00fc\u00fcakse v\u00f5i asetatakse k\u00e4sitsi puidule v\u00f5i muule m\u00f5\u00f5detavale materjalile<\/p>","protected":false},"featured_media":1480,"comment_status":"open","ping_status":"closed","template":"","meta":[],"product_brand":[],"product_cat":[19],"product_tag":[],"class_list":{"0":"post-1467","1":"product","2":"type-product","3":"status-publish","4":"has-post-thumbnail","6":"product_cat-ehitus-ja-puu-lisaseadmed","8":"first","9":"instock","10":"taxable","11":"shipping-taxable","12":"purchasable","13":"product-type-simple"},"jetpack-related-posts":[],"jetpack_sharing_enabled":true,"_links":{"self":[{"href":"https:\/\/atsotamm.com\/fi\/wp-json\/wp\/v2\/product\/1467","targetHints":{"allow":["GET"]}}],"collection":[{"href":"https:\/\/atsotamm.com\/fi\/wp-json\/wp\/v2\/product"}],"about":[{"href":"https:\/\/atsotamm.com\/fi\/wp-json\/wp\/v2\/types\/product"}],"replies":[{"embeddable":true,"href":"https:\/\/atsotamm.com\/fi\/wp-json\/wp\/v2\/comments?post=1467"}],"version-history":[{"count":1,"href":"https:\/\/atsotamm.com\/fi\/wp-json\/wp\/v2\/product\/1467\/revisions"}],"predecessor-version":[{"id":1481,"href":"https:\/\/atsotamm.com\/fi\/wp-json\/wp\/v2\/product\/1467\/revisions\/1481"}],"wp:featuredmedia":[{"embeddable":true,"href":"https:\/\/atsotamm.com\/fi\/wp-json\/wp\/v2\/media\/1480"}],"wp:attachment":[{"href":"https:\/\/atsotamm.com\/fi\/wp-json\/wp\/v2\/media?parent=1467"}],"wp:term":[{"taxonomy":"product_brand","embeddable":true,"href":"https:\/\/atsotamm.com\/fi\/wp-json\/wp\/v2\/product_brand?post=1467"},{"taxonomy":"product_cat","embeddable":true,"href":"https:\/\/atsotamm.com\/fi\/wp-json\/wp\/v2\/product_cat?post=1467"},{"taxonomy":"product_tag","embeddable":true,"href":"https:\/\/atsotamm.com\/fi\/wp-json\/wp\/v2\/product_tag?post=1467"}],"curies":[{"name":"wp","href":"https:\/\/api.w.org\/{rel}","templated":true}]}}