{"id":1465,"date":"2025-02-06T06:25:24","date_gmt":"2025-02-06T06:25:24","guid":{"rendered":"https:\/\/atsotamm.com\/?post_type=product&#038;p=1465"},"modified":"2025-02-13T10:35:20","modified_gmt":"2025-02-13T10:35:20","slug":"logca-atso-liughaamer-voi-ramiandur","status":"publish","type":"product","link":"https:\/\/atsotamm.com\/fi\/product\/logca-atso-liughaamer-voi-ramiandur\/","title":{"rendered":"Logca Atso liukuvasara eli Ram anturi"},"content":{"rendered":"<div class=\"col-xs-12 col-sm-9\">\n<div class=\"row\">\n<div class=\"col-xs-12\">\n<p>Lis\u00e4tarvike s\u00e4hk\u00f6vastuksen periaatteella toimiviin mittalaitteisiin. Liukuvasaran p\u00e4\u00e4 on valmistettu eritt\u00e4in erist\u00e4v\u00e4st\u00e4 materiaalista, jossa on elektrodit sek\u00e4 liukupaino ja akseli, mik\u00e4 tekee elektrodien ly\u00f6misest\u00e4 (ja alasp\u00e4in) helposti mitattavaan materiaaliin.<br \/>\nPaino: 1,65 kg<br \/>\n*Kuva on vain havainnollistava, eik\u00e4 se v\u00e4ltt\u00e4m\u00e4tt\u00e4 vastaa t\u00e4ysin tuotteen ominaisuuksia.<br \/>\nLinkit<strong> <a href=\"https:\/\/www.atsotamm.ee\/ee\/ws\/21\/158\/logca+atso+tarvikud\/logca+atso+hamri+ja+anduri+%C3%BChenduskaabel.html\">liit\u00e4nt\u00e4johto<\/a> <a href=\"https:\/\/www.atsotamm.ee\/ee\/ws\/21\/157\/logca+atso+tarvikud\/logca+atso+isoleeritud+elektroodid.html\">eristetyt elektrodit<\/a><\/strong><\/p>\n<\/div>\n<\/div>\n<\/div>","protected":false},"excerpt":{"rendered":"<p>Tarvike liukuvasara.s\u00e4hk\u00f6vastusperiaateella toimiviin mittalaitteisiin. Paino: 1,65 kg<\/p>","protected":false},"featured_media":1476,"comment_status":"open","ping_status":"closed","template":"","meta":[],"product_brand":[],"product_cat":[19],"product_tag":[],"class_list":{"0":"post-1465","1":"product","2":"type-product","3":"status-publish","4":"has-post-thumbnail","6":"product_cat-ehitus-ja-puu-lisaseadmed","8":"first","9":"instock","10":"taxable","11":"shipping-taxable","12":"purchasable","13":"product-type-simple"},"jetpack-related-posts":[],"jetpack_sharing_enabled":true,"_links":{"self":[{"href":"https:\/\/atsotamm.com\/fi\/wp-json\/wp\/v2\/product\/1465","targetHints":{"allow":["GET"]}}],"collection":[{"href":"https:\/\/atsotamm.com\/fi\/wp-json\/wp\/v2\/product"}],"about":[{"href":"https:\/\/atsotamm.com\/fi\/wp-json\/wp\/v2\/types\/product"}],"replies":[{"embeddable":true,"href":"https:\/\/atsotamm.com\/fi\/wp-json\/wp\/v2\/comments?post=1465"}],"version-history":[{"count":1,"href":"https:\/\/atsotamm.com\/fi\/wp-json\/wp\/v2\/product\/1465\/revisions"}],"predecessor-version":[{"id":1477,"href":"https:\/\/atsotamm.com\/fi\/wp-json\/wp\/v2\/product\/1465\/revisions\/1477"}],"wp:featuredmedia":[{"embeddable":true,"href":"https:\/\/atsotamm.com\/fi\/wp-json\/wp\/v2\/media\/1476"}],"wp:attachment":[{"href":"https:\/\/atsotamm.com\/fi\/wp-json\/wp\/v2\/media?parent=1465"}],"wp:term":[{"taxonomy":"product_brand","embeddable":true,"href":"https:\/\/atsotamm.com\/fi\/wp-json\/wp\/v2\/product_brand?post=1465"},{"taxonomy":"product_cat","embeddable":true,"href":"https:\/\/atsotamm.com\/fi\/wp-json\/wp\/v2\/product_cat?post=1465"},{"taxonomy":"product_tag","embeddable":true,"href":"https:\/\/atsotamm.com\/fi\/wp-json\/wp\/v2\/product_tag?post=1465"}],"curies":[{"name":"wp","href":"https:\/\/api.w.org\/{rel}","templated":true}]}}