{"id":1464,"date":"2025-02-06T06:24:42","date_gmt":"2025-02-06T06:24:42","guid":{"rendered":"https:\/\/atsotamm.com\/?post_type=product&#038;p=1464"},"modified":"2026-01-06T12:40:32","modified_gmt":"2026-01-06T12:40:32","slug":"logca-atso-moistec-mootik-puidu-ja-hakkepuidu","status":"publish","type":"product","link":"https:\/\/atsotamm.com\/fi\/product\/logca-atso-moistec-mootik-puidu-ja-hakkepuidu\/","title":{"rendered":"Log Moisture true puun ja hakkeen kosteus"},"content":{"rendered":"<p>Suositeltu mittausalue (puu): 8-40 %<br \/>\nPuuryhm\u00e4t: 4 \u2013 puulajittelu: 480<br \/>\nRakennusmateriaaliryhm\u00e4t: 7<br \/>\nNahkaryhm\u00e4:2<br \/>\nSis\u00e4l\u00e4mp\u00f6tilan n\u00e4ytt\u00f6: -10\/50\u00b0C<br \/>\nUSB ja bluetooth liit\u00e4nn\u00e4t<br \/>\nVirtal\u00e4hde: 3 AAA-paristoa \u2013 k\u00e4ytt\u00f6aika: noin 35 tuntia.<br \/>\nMitat: 32,5 x 26 x 8 cm<br \/>\nL\u00e4mp\u00f6tilan kompensointi<br \/>\nPuun l\u00e4mp\u00f6tilasta mitatun kosteuden kompensointi. Se on erityisen t\u00e4rke\u00e4 silloin, kun mitataan heti kuivaamosta otettuna, koska puu on viel\u00e4 kuumaa.<br \/>\nItse asiassa puun kest\u00e4vyys vaihtelee merkitt\u00e4v\u00e4sti my\u00f6s sen l\u00e4mp\u00f6tilan vuoksi. Luotettavan mittaustuloksen saamiseksi t\u00e4m\u00e4 asetus on sy\u00f6tett\u00e4v\u00e4 uudelleen joka kerta.<br \/>\nJos laite j\u00e4tettiin samaan ymp\u00e4rist\u00f6\u00f6n mitattavan puun kanssa, voidaan kompensoida laitteen sis\u00e4l\u00e4mp\u00f6tilalla.<br \/>\nL\u00e4mp\u00f6tilan asetus p\u00e4\u00e4n\u00e4yt\u00f6st\u00e4: s\u00e4\u00e4t\u00f6alue: 0 - 80 \u00b0C<br \/>\n<strong>Linkit<\/strong><br \/>\n<strong>a) puunkosteus: liukuvasara-liukuvasaran istukka-ly\u00f6ntivasara-liitosjohto-eristeyt elektrodit-pintamittauspari <a href=\"https:\/\/www.atsotamm.ee\/ee\/ws\/21\/160\/logca+atso+tarvikud\/logca+atso+liughaamer+v%C3%B5i+ramiandur.html\">liughaamer<\/a> &#8211; <a href=\"https:\/\/www.atsotamm.ee\/ee\/ws\/21\/161\/logca+atso+tarvikud\/logca+atso+liughaamer+ehk+ram+anduri+vahetuspea.html\">liugvasara padrun<\/a> &#8211; <a href=\"https:\/\/www.atsotamm.ee\/ee\/ws\/21\/159\/logca+atso+tarvikud\/logca+atso+l%C3%B6%C3%B6khaamer.html\">l\u00f6\u00f6khaamer <\/a>&#8211; <a href=\"https:\/\/www.atsotamm.ee\/ee\/ws\/21\/158\/logca+atso+tarvikud\/logca+atso+hamri+ja+anduri+%C3%BChenduskaabel.html\">\u00fchenduskaabel <\/a>&#8211; <a href=\"https:\/\/www.atsotamm.ee\/ee\/ws\/21\/157\/logca+atso+tarvikud\/logca+atso+isoleeritud+elektroodid.html\">kaetud elektroodid<\/a> &#8211; <a href=\"https:\/\/www.atsotamm.ee\/ee\/ws\/21\/156\/logca+atso+tarvikud\/logca+atso+elektroodid+pinnam%C3%B5%C3%B5tmiseks.html\">pinnam\u00f5\u00f5tepea<\/a><br \/>\nb) puuhake ja kuiva hake: biomassap\u00e4\u00e4, kuiva hake v\u00e4lill\u00e4 0 - 20% - m\u00e4rk\u00e4 hake ja sahapuru yli 15% <a href=\"https:\/\/www.atsotamm.ee\/ee\/ws\/21\/152\/logca+atso+tarvikud\/logca+atso+biomassi+m%C3%B5%C3%B5tja.html\">biomassim\u00f5\u00f5tja<\/a><\/strong><a href=\"https:\/\/www.atsotamm.ee\/ee\/ws\/21\/152\/logca+atso+tarvikud\/logca+atso+biomassi+m%C3%B5%C3%B5tja.html\">,<\/a>\u00a0<strong><a href=\"https:\/\/www.atsotamm.ee\/ee\/ws\/21\/153\/logca+atso+tarvikud\/logca+atso+rhtemc+andur.html\">kuiv puiduhake (puiduhake) alla 0 &#8211; 20% <\/a>&#8211;<a href=\"https:\/\/www.atsotamm.ee\/ee\/ws\/21\/logca+atso+tarvikud.html\"> m\u00e4rg puiduhake saaepuru,<\/a><a href=\"https:\/\/www.atsotamm.ee\/ee\/ws\/21\/154\/logca+atso+tarvikud\/logca+atso+spf-andur+saeamuru+m%C3%B5%C3%B5tmiseks.html\"> puiduhake \u00fcle 15%<\/a><br \/>\nc) <a href=\"https:\/\/www.atsotamm.ee\/ee\/ws\/21\/155\/logca+atso+tarvikud\/logca+atso+m%C3%B5%C3%B5tja+test%C3%BCk.html\">tarkistuskappale<\/a><\/strong><\/p>","protected":false},"excerpt":{"rendered":"<p>L\u00e4mp\u00f6tilan n\u00e4ytt\u00f6 \u2013 Alhaisen akun ilmaisin \u2013 Mikroprosessorin mittauskompensointi \u2013 L\u00e4mp\u00f6tilan kompensointi sis\u00e4isell\u00e4, ulkoisella tai s\u00e4\u00e4dett\u00e4v\u00e4ll\u00e4 l\u00e4mp\u00f6tilalla \u2013 Laaja puulajikirjasto (yli 400 lajia) \u2013 Mittaustietoloki Korkea\/matala kosteush\u00e4lytykset \u2013 Ilman l\u00e4mp\u00f6tilan, RH:n ja EMC-mittaus (puun tasapainokosteusanturi (valinnainen)) Automaattinen sammutus<br \/>\nAndroid-sovellus mittaustietojen ker\u00e4\u00e4miseen \u2013 USB-ladattava mittaustietoarkisto<\/p>","protected":false},"featured_media":1474,"comment_status":"open","ping_status":"closed","template":"","meta":[],"product_brand":[],"product_cat":[18,17],"product_tag":[],"class_list":{"0":"post-1464","1":"product","2":"type-product","3":"status-publish","4":"has-post-thumbnail","6":"product_cat-ehitus-hugromeeter-niiskus-ja-temperatuur","7":"product_cat-puu-ja-energia-niiskusmooturid-niiskus-ja-temperatuur","9":"first","10":"instock","11":"taxable","12":"shipping-taxable","13":"purchasable","14":"product-type-simple"},"jetpack-related-posts":[],"jetpack_sharing_enabled":true,"_links":{"self":[{"href":"https:\/\/atsotamm.com\/fi\/wp-json\/wp\/v2\/product\/1464","targetHints":{"allow":["GET"]}}],"collection":[{"href":"https:\/\/atsotamm.com\/fi\/wp-json\/wp\/v2\/product"}],"about":[{"href":"https:\/\/atsotamm.com\/fi\/wp-json\/wp\/v2\/types\/product"}],"replies":[{"embeddable":true,"href":"https:\/\/atsotamm.com\/fi\/wp-json\/wp\/v2\/comments?post=1464"}],"version-history":[{"count":3,"href":"https:\/\/atsotamm.com\/fi\/wp-json\/wp\/v2\/product\/1464\/revisions"}],"predecessor-version":[{"id":1600,"href":"https:\/\/atsotamm.com\/fi\/wp-json\/wp\/v2\/product\/1464\/revisions\/1600"}],"wp:featuredmedia":[{"embeddable":true,"href":"https:\/\/atsotamm.com\/fi\/wp-json\/wp\/v2\/media\/1474"}],"wp:attachment":[{"href":"https:\/\/atsotamm.com\/fi\/wp-json\/wp\/v2\/media?parent=1464"}],"wp:term":[{"taxonomy":"product_brand","embeddable":true,"href":"https:\/\/atsotamm.com\/fi\/wp-json\/wp\/v2\/product_brand?post=1464"},{"taxonomy":"product_cat","embeddable":true,"href":"https:\/\/atsotamm.com\/fi\/wp-json\/wp\/v2\/product_cat?post=1464"},{"taxonomy":"product_tag","embeddable":true,"href":"https:\/\/atsotamm.com\/fi\/wp-json\/wp\/v2\/product_tag?post=1464"}],"curies":[{"name":"wp","href":"https:\/\/api.w.org\/{rel}","templated":true}]}}