{"id":1222,"date":"2023-11-07T07:26:36","date_gmt":"2023-11-07T07:26:36","guid":{"rendered":"https:\/\/atsotamm.com\/?post_type=product&#038;p=1222"},"modified":"2025-02-28T14:13:27","modified_gmt":"2025-02-28T14:13:27","slug":"trotec-bv15wp-diferentsiaalrohu-anemomeeter","status":"publish","type":"product","link":"https:\/\/atsotamm.com\/fi\/product\/trotec-bv15wp-diferentsiaalrohu-anemomeeter\/","title":{"rendered":"Trotec BV15WP - Paine-eron anemometri"},"content":{"rendered":"<p><strong>Ilmavirta ja paine-ero<br \/>\nMittausalue 0 \u2013 150 hPa \u2013 resoluutio 0,01 hPa<br \/>\nIlmavirran nopeus<\/strong><strong><img fetchpriority=\"high\" decoding=\"async\" class=\"size-full wp-image-1223 alignleft\" src=\"https:\/\/atsotamm.com\/wp-content\/uploads\/2023\/11\/BV15WP.jpg\" alt=\"\" width=\"300\" height=\"264\" srcset=\"https:\/\/atsotamm.com\/wp-content\/uploads\/2023\/11\/BV15WP.jpg 300w, https:\/\/atsotamm.com\/wp-content\/uploads\/2023\/11\/BV15WP-14x12.jpg 14w\" sizes=\"(max-width: 300px) 100vw, 300px\" \/><\/strong><strong>voolu kiirus<br \/>\nmittausalue 0 m\/s \u2013 50 m\/s \u2013 resoluutio 0,1 m\/s<br \/>\nIlmanpaineen mittaamiseen<br \/>\npaine-eron ja dynaamisen paineen mittaus<br \/>\npito putkella<br \/>\nmin\/max ja tietojen tallennustoiminto<br \/>\nintegroitu magneettipidike handsfree-k\u00e4ytt\u00f6\u00f6n,<br \/>\nBluetooth\u00ae-yhteys ilmaiseen MultiMeasure-mobiilisovellukseen<br \/>\nToimitus sis\u00e4lt\u00e4\u00e4<br \/>\nBluetooth\u00ae ilmavirtausmittari BV15WP<br \/>\nIlmainen MultiMeasure-sovellus<br \/>\n3 x AAA1,5 patterit<br \/>\nK\u00e4silenkki<br \/>\n2x letkut<br \/>\n1* k\u00e4ytt\u00f6ohjeet BV 15 WP<br \/>\n<\/strong><\/p>","protected":false},"excerpt":{"rendered":"<p>K\u00e4tev\u00e4 ja \u00e4lyk\u00e4s paine-eron mittauslaite<strong>\u00a0BV15WP<\/strong>\u00a0Trotec BV15WP - Paine-eron anemometri\n\nK\u00e4tev\u00e4\u00e4 ja \u00e4lyk\u00e4st\u00e4 paine-eron mittauslaitetta BV15WP voidaan ohjata k\u00e4tev\u00e4sti ja helposti MultiMeasure-mobiilisovelluksen kautta AppSensor-toiminnallisuuden ansiosta. Kompakti anturin avulla BV 15WP voidaan nopeasti ja helposti m\u00e4\u00e4ritt\u00e4\u00e4 paineh\u00e4vi\u00f6 suodatin- tai ilmanvaihtoj\u00e4rjestelmiss\u00e4 paine-eromittauksella sek\u00e4 ilman tai ei-aggressiivisten kaasujen virtausnopeus ja tilavuusvirta lis\u00e4varusteena saatavan pitot-putken avulla. voidaan m\u00e4\u00e4ritt\u00e4\u00e4. AppSensorin ja siihen liittyv\u00e4n ilmaisen MultiMeasure-mobiilisovelluksen \u00e4lykk\u00e4\u00e4n yhdistelm\u00e4n ansiosta saat monia k\u00e4yt\u00e4nn\u00f6n etuja joustavuuden, analyysitoimintojen, tiedonhallinnan ja dokumentoinnin osalta. Hinta yli Viron km 20% 106,68 \u20ac.<\/p>","protected":false},"featured_media":1321,"comment_status":"open","ping_status":"closed","template":"","meta":[],"product_brand":[],"product_cat":[18],"product_tag":[],"class_list":{"0":"post-1222","1":"product","2":"type-product","3":"status-publish","4":"has-post-thumbnail","6":"product_cat-ehitus-hugromeeter-niiskus-ja-temperatuur","8":"first","9":"instock","10":"purchasable","11":"product-type-simple"},"jetpack-related-posts":[],"jetpack_sharing_enabled":true,"_links":{"self":[{"href":"https:\/\/atsotamm.com\/fi\/wp-json\/wp\/v2\/product\/1222","targetHints":{"allow":["GET"]}}],"collection":[{"href":"https:\/\/atsotamm.com\/fi\/wp-json\/wp\/v2\/product"}],"about":[{"href":"https:\/\/atsotamm.com\/fi\/wp-json\/wp\/v2\/types\/product"}],"replies":[{"embeddable":true,"href":"https:\/\/atsotamm.com\/fi\/wp-json\/wp\/v2\/comments?post=1222"}],"version-history":[{"count":2,"href":"https:\/\/atsotamm.com\/fi\/wp-json\/wp\/v2\/product\/1222\/revisions"}],"predecessor-version":[{"id":1347,"href":"https:\/\/atsotamm.com\/fi\/wp-json\/wp\/v2\/product\/1222\/revisions\/1347"}],"wp:featuredmedia":[{"embeddable":true,"href":"https:\/\/atsotamm.com\/fi\/wp-json\/wp\/v2\/media\/1321"}],"wp:attachment":[{"href":"https:\/\/atsotamm.com\/fi\/wp-json\/wp\/v2\/media?parent=1222"}],"wp:term":[{"taxonomy":"product_brand","embeddable":true,"href":"https:\/\/atsotamm.com\/fi\/wp-json\/wp\/v2\/product_brand?post=1222"},{"taxonomy":"product_cat","embeddable":true,"href":"https:\/\/atsotamm.com\/fi\/wp-json\/wp\/v2\/product_cat?post=1222"},{"taxonomy":"product_tag","embeddable":true,"href":"https:\/\/atsotamm.com\/fi\/wp-json\/wp\/v2\/product_tag?post=1222"}],"curies":[{"name":"wp","href":"https:\/\/api.w.org\/{rel}","templated":true}]}}