{"id":18,"date":"2023-08-01T15:19:15","date_gmt":"2023-08-01T15:19:15","guid":{"rendered":"https:\/\/atsotamm.com\/?page_id=18"},"modified":"2023-11-20T13:32:34","modified_gmt":"2023-11-20T13:32:34","slug":"masinad","status":"publish","type":"page","link":"https:\/\/atsotamm.com\/fi\/masinad\/","title":{"rendered":"KONEET"},"content":{"rendered":"<div data-elementor-type=\"wp-page\" data-elementor-id=\"18\" class=\"elementor elementor-18\" data-elementor-post-type=\"page\">\n\t\t\t\t<div class=\"elementor-element elementor-element-23f360b e-flex e-con-boxed e-con e-parent\" data-id=\"23f360b\" data-element_type=\"container\" data-e-type=\"container\" data-settings=\"{&quot;background_background&quot;:&quot;classic&quot;}\">\n\t\t\t\t\t<div class=\"e-con-inner\">\n\t\t\t\t<div class=\"elementor-element elementor-element-6073b54 elementor-widget elementor-widget-heading\" data-id=\"6073b54\" data-element_type=\"widget\" data-e-type=\"widget\" data-widget_type=\"heading.default\">\n\t\t\t\t<div class=\"elementor-widget-container\">\n\t\t\t\t\t<h2 class=\"elementor-heading-title elementor-size-default\">Koneet puu<\/h2>\t\t\t\t<\/div>\n\t\t\t\t<\/div>\n\t\t\t\t\t<\/div>\n\t\t\t\t<\/div>\n\t\t<div class=\"elementor-element elementor-element-776c1ee e-flex e-con-boxed e-con e-parent\" data-id=\"776c1ee\" data-element_type=\"container\" data-e-type=\"container\" data-settings=\"{&quot;background_background&quot;:&quot;classic&quot;}\">\n\t\t\t\t\t<div class=\"e-con-inner\">\n\t\t<div class=\"elementor-element elementor-element-83b3780 e-con-full e-flex e-con e-child\" data-id=\"83b3780\" data-element_type=\"container\" data-e-type=\"container\">\n\t\t<div class=\"elementor-element elementor-element-47fc9b6 e-con-full e-flex e-con e-child\" data-id=\"47fc9b6\" data-element_type=\"container\" data-e-type=\"container\">\n\t\t\t\t<div class=\"elementor-element elementor-element-1c14467 elementor-widget__width-initial elementor-widget-mobile__width-inherit elementor-widget elementor-widget-heading\" data-id=\"1c14467\" data-element_type=\"widget\" data-e-type=\"widget\" data-widget_type=\"heading.default\">\n\t\t\t\t<div class=\"elementor-widget-container\">\n\t\t\t\t\t<h2 class=\"elementor-heading-title elementor-size-default\">Lintsaag RESCH &amp; 3 Typ ES PROFI<\/h2>\t\t\t\t<\/div>\n\t\t\t\t<\/div>\n\t\t\t\t<div class=\"elementor-element elementor-element-40384b7 elementor-widget elementor-widget-text-editor\" data-id=\"40384b7\" data-element_type=\"widget\" data-e-type=\"widget\" data-widget_type=\"text-editor.default\">\n\t\t\t\t<div class=\"elementor-widget-container\">\n\t\t\t\t\t\t\t\t\t<ul><li>Tukin halkaisija jopa 1,1 m<\/li><li>Saatavilla joko 54 kW:n diesel- tai 30 kW:n s\u00e4hk\u00f6moottorilla<\/li><li>Automaattinen sahanpurutasku<\/li><li>Ter\u00e4n tuki<\/li><li>Ter\u00e4n suojuksen sulkeminen \/ avaaminen hydraulisesti<\/li><li>Ohjaus ohjaamosta kahdella joystickill\u00e4 ja n\u00e4yt\u00f6ll\u00e4<\/li><\/ul>\t\t\t\t\t\t\t\t<\/div>\n\t\t\t\t<\/div>\n\t\t\t\t<\/div>\n\t\t<div class=\"elementor-element elementor-element-e06c484 e-flex e-con-boxed e-con e-child\" data-id=\"e06c484\" data-element_type=\"container\" data-e-type=\"container\">\n\t\t\t\t\t<div class=\"e-con-inner\">\n\t\t\t\t<div class=\"elementor-element elementor-element-cfa126c elementor-widget__width-initial elementor-widget-mobile__width-inherit elementor-widget elementor-widget-image\" data-id=\"cfa126c\" data-element_type=\"widget\" data-e-type=\"widget\" data-widget_type=\"image.default\">\n\t\t\t\t<div class=\"elementor-widget-container\">\n\t\t\t\t\t\t\t\t\t\t\t\t\t\t\t<img fetchpriority=\"high\" decoding=\"async\" width=\"800\" height=\"500\" src=\"https:\/\/atsotamm.com\/wp-content\/uploads\/2023\/08\/atsotamm_resch3_01.jpg\" class=\"attachment-large size-large wp-image-816\" alt=\"\" srcset=\"https:\/\/atsotamm.com\/wp-content\/uploads\/2023\/08\/atsotamm_resch3_01.jpg 800w, https:\/\/atsotamm.com\/wp-content\/uploads\/2023\/08\/atsotamm_resch3_01-300x188.jpg 300w, https:\/\/atsotamm.com\/wp-content\/uploads\/2023\/08\/atsotamm_resch3_01-768x480.jpg 768w, https:\/\/atsotamm.com\/wp-content\/uploads\/2023\/08\/atsotamm_resch3_01-600x375.jpg 600w\" sizes=\"(max-width: 800px) 100vw, 800px\" \/>\t\t\t\t\t\t\t\t\t\t\t\t\t\t\t<\/div>\n\t\t\t\t<\/div>\n\t\t\t\t<div class=\"elementor-element elementor-element-f81551f elementor-widget__width-initial elementor-widget-mobile__width-inherit elementor-widget elementor-widget-image\" data-id=\"f81551f\" data-element_type=\"widget\" data-e-type=\"widget\" data-widget_type=\"image.default\">\n\t\t\t\t<div class=\"elementor-widget-container\">\n\t\t\t\t\t\t\t\t\t\t\t\t\t\t\t<img decoding=\"async\" width=\"800\" height=\"500\" src=\"https:\/\/atsotamm.com\/wp-content\/uploads\/2023\/08\/atsotamm_resch3_02.jpg\" class=\"attachment-large size-large wp-image-821\" alt=\"\" srcset=\"https:\/\/atsotamm.com\/wp-content\/uploads\/2023\/08\/atsotamm_resch3_02.jpg 800w, https:\/\/atsotamm.com\/wp-content\/uploads\/2023\/08\/atsotamm_resch3_02-300x188.jpg 300w, https:\/\/atsotamm.com\/wp-content\/uploads\/2023\/08\/atsotamm_resch3_02-768x480.jpg 768w, https:\/\/atsotamm.com\/wp-content\/uploads\/2023\/08\/atsotamm_resch3_02-600x375.jpg 600w\" sizes=\"(max-width: 800px) 100vw, 800px\" \/>\t\t\t\t\t\t\t\t\t\t\t\t\t\t\t<\/div>\n\t\t\t\t<\/div>\n\t\t\t\t\t<\/div>\n\t\t\t\t<\/div>\n\t\t\t\t<\/div>\n\t\t\t\t\t<\/div>\n\t\t\t\t<\/div>\n\t\t<div class=\"elementor-element elementor-element-c33b843 e-flex e-con-boxed e-con e-parent\" data-id=\"c33b843\" data-element_type=\"container\" data-e-type=\"container\" data-settings=\"{&quot;background_background&quot;:&quot;classic&quot;}\">\n\t\t\t\t\t<div class=\"e-con-inner\">\n\t\t<div class=\"elementor-element elementor-element-d3d0b45 e-con-full e-flex e-con e-child\" data-id=\"d3d0b45\" data-element_type=\"container\" data-e-type=\"container\">\n\t\t<div class=\"elementor-element elementor-element-216f42a e-con-full e-flex e-con e-child\" data-id=\"216f42a\" data-element_type=\"container\" data-e-type=\"container\">\n\t\t\t\t<div class=\"elementor-element elementor-element-312b99f elementor-widget__width-initial elementor-widget-mobile__width-inherit elementor-widget elementor-widget-heading\" data-id=\"312b99f\" data-element_type=\"widget\" data-e-type=\"widget\" data-widget_type=\"heading.default\">\n\t\t\t\t<div class=\"elementor-widget-container\">\n\t\t\t\t\t<h2 class=\"elementor-heading-title elementor-size-default\">Kuivain HR - 40<\/h2>\t\t\t\t<\/div>\n\t\t\t\t<\/div>\n\t\t\t\t<div class=\"elementor-element elementor-element-a16f802 elementor-widget elementor-widget-text-editor\" data-id=\"a16f802\" data-element_type=\"widget\" data-e-type=\"widget\" data-widget_type=\"text-editor.default\">\n\t\t\t\t<div class=\"elementor-widget-container\">\n\t\t\t\t\t\t\t\t\t<ul><li>kuivauskapasiteetti 1,2 - 2,0 m\u00b3\/h<\/li><li>tarvittava kuuma vesi min. 60-90 \u00b0C<\/li><li>maks. l\u00e4mmin teho 120 kW<\/li><li>loppukosteus 5 %<\/li><li>maks. lastun koko 50\u00d750 mm<\/li><li>tehonkulutus 6,0 kW<\/li><li>pituus x leveys x korkeus 6 100 x 2 150 x 3 550 mm<\/li><li>ulostulo \u00d8 200 mm<\/li><li>paino 2400 kg<\/li><li>Kysy lis\u00e4\u00e4<\/li><\/ul>\t\t\t\t\t\t\t\t<\/div>\n\t\t\t\t<\/div>\n\t\t\t\t<\/div>\n\t\t<div class=\"elementor-element elementor-element-cfad0b8 e-flex e-con-boxed e-con e-child\" data-id=\"cfad0b8\" data-element_type=\"container\" data-e-type=\"container\">\n\t\t\t\t\t<div class=\"e-con-inner\">\n\t\t\t\t<div class=\"elementor-element elementor-element-8b38ba2 elementor-widget__width-initial elementor-widget-mobile__width-inherit elementor-widget elementor-widget-image\" data-id=\"8b38ba2\" data-element_type=\"widget\" data-e-type=\"widget\" data-widget_type=\"image.default\">\n\t\t\t\t<div class=\"elementor-widget-container\">\n\t\t\t\t\t\t\t\t\t\t\t\t\t\t\t<img decoding=\"async\" width=\"800\" height=\"500\" src=\"https:\/\/atsotamm.com\/wp-content\/uploads\/2023\/08\/atsotamm_resch3_03.jpg\" class=\"attachment-large size-large wp-image-825\" alt=\"\" srcset=\"https:\/\/atsotamm.com\/wp-content\/uploads\/2023\/08\/atsotamm_resch3_03.jpg 800w, https:\/\/atsotamm.com\/wp-content\/uploads\/2023\/08\/atsotamm_resch3_03-300x188.jpg 300w, https:\/\/atsotamm.com\/wp-content\/uploads\/2023\/08\/atsotamm_resch3_03-768x480.jpg 768w, https:\/\/atsotamm.com\/wp-content\/uploads\/2023\/08\/atsotamm_resch3_03-600x375.jpg 600w\" sizes=\"(max-width: 800px) 100vw, 800px\" \/>\t\t\t\t\t\t\t\t\t\t\t\t\t\t\t<\/div>\n\t\t\t\t<\/div>\n\t\t\t\t<div class=\"elementor-element elementor-element-6a5c785 elementor-widget__width-initial elementor-widget-mobile__width-inherit elementor-widget elementor-widget-image\" data-id=\"6a5c785\" data-element_type=\"widget\" data-e-type=\"widget\" data-widget_type=\"image.default\">\n\t\t\t\t<div class=\"elementor-widget-container\">\n\t\t\t\t\t\t\t\t\t\t\t\t\t\t\t<img loading=\"lazy\" decoding=\"async\" width=\"800\" height=\"500\" src=\"https:\/\/atsotamm.com\/wp-content\/uploads\/2023\/08\/atsotamm_resch3_04.jpg\" class=\"attachment-large size-large wp-image-826\" alt=\"\" srcset=\"https:\/\/atsotamm.com\/wp-content\/uploads\/2023\/08\/atsotamm_resch3_04.jpg 800w, https:\/\/atsotamm.com\/wp-content\/uploads\/2023\/08\/atsotamm_resch3_04-300x188.jpg 300w, https:\/\/atsotamm.com\/wp-content\/uploads\/2023\/08\/atsotamm_resch3_04-768x480.jpg 768w, https:\/\/atsotamm.com\/wp-content\/uploads\/2023\/08\/atsotamm_resch3_04-600x375.jpg 600w\" sizes=\"(max-width: 800px) 100vw, 800px\" \/>\t\t\t\t\t\t\t\t\t\t\t\t\t\t\t<\/div>\n\t\t\t\t<\/div>\n\t\t\t\t\t<\/div>\n\t\t\t\t<\/div>\n\t\t\t\t<\/div>\n\t\t\t\t\t<\/div>\n\t\t\t\t<\/div>\n\t\t\t\t<\/div>","protected":false},"excerpt":{"rendered":"<p>Masinad puu Lintsaag RESCH &#038; 3 Typ ES PROFI Palgi l\u00e4bim\u00f5\u00f5t kuni 1,1m K\u00e4ivitus kas 54KW diiselmootori v\u00f5i 30KW elektrimootori abil Automaatne saepurutasku Teratugi Teraratas kaitse sulgemine \/ avamine h\u00fcdraulilisesti Kontroll juhiruumist 2:n juhtkangelt ja kuvar apila Kuivati HR &#8211; 40 kuivati suutlikkus 1,2 &#8211; 2,0 m\u00b3\/h n\u00f5utud soevesi min. 60 &#8211; 90 \u00b0C max. [&hellip;]<\/p>\n","protected":false},"author":1,"featured_media":0,"parent":0,"menu_order":0,"comment_status":"closed","ping_status":"closed","template":"elementor_header_footer","meta":{"footnotes":""},"class_list":["post-18","page","type-page","status-publish","hentry"],"jetpack-related-posts":[],"jetpack_sharing_enabled":true,"_links":{"self":[{"href":"https:\/\/atsotamm.com\/fi\/wp-json\/wp\/v2\/pages\/18","targetHints":{"allow":["GET"]}}],"collection":[{"href":"https:\/\/atsotamm.com\/fi\/wp-json\/wp\/v2\/pages"}],"about":[{"href":"https:\/\/atsotamm.com\/fi\/wp-json\/wp\/v2\/types\/page"}],"author":[{"embeddable":true,"href":"https:\/\/atsotamm.com\/fi\/wp-json\/wp\/v2\/users\/1"}],"replies":[{"embeddable":true,"href":"https:\/\/atsotamm.com\/fi\/wp-json\/wp\/v2\/comments?post=18"}],"version-history":[{"count":0,"href":"https:\/\/atsotamm.com\/fi\/wp-json\/wp\/v2\/pages\/18\/revisions"}],"wp:attachment":[{"href":"https:\/\/atsotamm.com\/fi\/wp-json\/wp\/v2\/media?parent=18"}],"curies":[{"name":"wp","href":"https:\/\/api.w.org\/{rel}","templated":true}]}}